{"id":114,"date":"2023-07-20T14:25:10","date_gmt":"2023-07-20T14:25:10","guid":{"rendered":"https:\/\/premiumspanishproducts.nl\/?page_id=114"},"modified":"2024-02-12T10:30:31","modified_gmt":"2024-02-12T10:30:31","slug":"sobre-nosotros","status":"publish","type":"page","link":"https:\/\/premiumspanishproducts.nl\/en\/about-us\/","title":{"rendered":"About Us"},"content":{"rendered":"<p>[et_pb_section fb_built=\u00bb1&#8243; _builder_version=\u00bb4.21.0&#8243; _module_preset=\u00bbdefault\u00bb background_image=\u00bbhttps:\/\/premiumspanishproducts.nl\/wp-content\/uploads\/2023\/08\/PULPO-BANNER-web.jpg\u00bb custom_padding=\u00bb||406px|||\u00bb global_colors_info=\u00bb{}\u00bb][\/et_pb_section][et_pb_section fb_built=\u00bb1&#8243; _builder_version=\u00bb4.21.0&#8243; _module_preset=\u00bbdefault\u00bb background_color=\u00bb#000000&#8243; global_colors_info=\u00bb{}\u00bb][et_pb_row column_structure=\u00bb2_5,3_5&#8243; _builder_version=\u00bb4.21.0&#8243; _module_preset=\u00bbdefault\u00bb width=\u00bb85.6%\u00bb global_colors_info=\u00bb{}\u00bb][et_pb_column type=\u00bb2_5&#8243; _builder_version=\u00bb4.21.0&#8243; _module_preset=\u00bbdefault\u00bb global_colors_info=\u00bb{}\u00bb][et_pb_image src=\u00bbhttps:\/\/premiumspanishproducts.nl\/wp-content\/uploads\/2023\/08\/chef-web.jpg\u00bb title_text=\u00bbchef-web\u00bb _builder_version=\u00bb4.21.0&#8243; _module_preset=\u00bbdefault\u00bb width=\u00bb100%\u00bb global_colors_info=\u00bb{}\u00bb][\/et_pb_image][\/et_pb_column][et_pb_column type=\u00bb3_5&#8243; _builder_version=\u00bb4.21.0&#8243; _module_preset=\u00bbdefault\u00bb global_colors_info=\u00bb{}\u00bb][et_pb_text _builder_version=\u00bb4.21.0&#8243; _module_preset=\u00bbdefault\u00bb text_font=\u00bbmontserrat-regular||||||||\u00bb text_text_color=\u00bb#FFFFFF\u00bb text_font_size=\u00bb16px\u00bb header_font=\u00bbmontserrat-regular||||||||\u00bb inline_fonts=\u00bbmontserrat-bold\u00bb global_colors_info=\u00bb{}\u00bb]<\/p>\n<p class=\" translation-block\"><p><span style='font-family: montserrat-bold'><strong>Excelltia<\/strong> <\/span> is a recently established company that specializes in importing premium gastronomic products, elaborated in Spain. Our main goal is to provide select customers with an exceptional culinary experience by carefully selecting the highest quality products in the Spanish market. We take pride in offering exclusive access to a variety of gourmet products that embody the rich culinary tradition of Spain.<\/p><\/p>\n<p>En <span style=\"font-family: montserrat-bold;\"><strong>Excelltia<\/strong><\/span>At  <span style=\"font-family: montserrat-bold\"><strong>Excelltia<\/strong><\/span>, we distinguish ourselves by ensuring the excellence of our products.. We work closely with producers and suppliers throughout the Spanish territory to ensure that only the most outstanding and authentic products are selected for our most discerning customers.<\/p>\n<p>Customer satisfaction is our top priority at Excelltia. We have a highly trained and passionate team that provides personalized service and recommends solutions tailored to each customer's needs. We value long-term relationships and strive to establish strong partnerships based on trust and mutual satisfaction.<\/p>\n<p class=\" translation-block\">In addition to our dedication to quality, at <span style=\"font-family: montserrat-bold\"><strong>Excelltia<\/strong><\/span>, we are also committed to sustainability and social responsibility. We collaborate with producers who share our values regarding ethical and sustainable business practices. By choosing <span style=\"font-family: montserrat-bold\"><strong>Excelltia<\/strong><\/span>, customers not only enjoy exceptional products but also contribute to supporting initiatives that have a positive impact on the environment and society.<\/p>\n<p class=\" translation-block\">In summary,  <span style=\"font-family: montserrat-bold\"><strong>Excelltia<\/strong><\/span> is the ideal choice for those seeking premium Spanish gastronomic products of the highest quality. Our company takes pride in providing an exclusive selection of authentic and exquisite items that will delight the most discerning palates. Allow us to be your trusted partner in the pursuit of exceptional Spanish products that will elevate your culinary experience to an unparalleled level.<\/p>\n<p>[\/et_pb_text][\/et_pb_column][\/et_pb_row][\/et_pb_section]<\/p>","protected":false},"excerpt":{"rendered":"<p>Excelltia es una empresa de reciente creaci\u00f3n que se especializa en la importaci\u00f3n de productos gastron\u00f3micos premium, elaborados en espa\u00f1a. Nuestro objetivo principal es proporcionar a clientes selectos una experiencia culinaria excepcional al seleccionar meticulosamente los productos de mayor calidad en el mercado espa\u00f1ol. Nos enorgullece ofrecer acceso exclusivo a una variedad de productos gourmet [&hellip;]<\/p>","protected":false},"author":1,"featured_media":0,"parent":0,"menu_order":0,"comment_status":"closed","ping_status":"closed","template":"","meta":{"_et_pb_use_builder":"on","_et_pb_old_content":"","_et_gb_content_width":"","content-type":"","_exactmetrics_skip_tracking":false,"_exactmetrics_sitenote_active":false,"_exactmetrics_sitenote_note":"","_exactmetrics_sitenote_category":0,"two_page_speed":{"previous_score":{"desktop_score":83,"desktop_tti":"1.4\u00a0","mobile_score":33,"mobile_tti":"10.2\u00a0","date":"12.02.2024 10:30:20 am","status":"completed"},"current_score":{"desktop_score":96,"desktop_tti":"0.8\u00a0","mobile_score":85,"mobile_tti":"1.8\u00a0","date":"12.02.2024 10:30:57 am","status":"completed"}},"footnotes":""},"class_list":["post-114","page","type-page","status-publish","hentry"],"yoast_head":"<!-- This site is optimized with the Yoast SEO plugin v26.7 - https:\/\/yoast.com\/wordpress\/plugins\/seo\/ -->\n<title>Premium Spanish Products - Sobre Nosotros<\/title>\n<meta name=\"description\" content=\"Excelltia es una empresa de reciente creaci\u00f3n que se especializa en la importaci\u00f3n de productos gastron\u00f3micos premium, elaborados en espa\u00f1a.\" \/>\n<meta name=\"robots\" content=\"index, follow, max-snippet:-1, max-image-preview:large, max-video-preview:-1\" \/>\n<link rel=\"canonical\" href=\"https:\/\/premiumspanishproducts.nl\/en\/about-us\/\" \/>\n<meta property=\"og:locale\" content=\"en_GB\" \/>\n<meta property=\"og:type\" content=\"article\" \/>\n<meta property=\"og:title\" content=\"Premium Spanish Products - Sobre Nosotros\" \/>\n<meta property=\"og:description\" content=\"Excelltia es una empresa de reciente creaci\u00f3n que se especializa en la importaci\u00f3n de productos gastron\u00f3micos premium, elaborados en espa\u00f1a.\" \/>\n<meta property=\"og:url\" content=\"https:\/\/premiumspanishproducts.nl\/en\/about-us\/\" \/>\n<meta property=\"og:site_name\" content=\"Premium Spanish Products\" \/>\n<meta property=\"article:modified_time\" content=\"2024-02-12T10:30:31+00:00\" \/>\n<meta name=\"twitter:card\" content=\"summary_large_image\" \/>\n<meta name=\"twitter:label1\" content=\"Estimated reading time\" \/>\n\t<meta name=\"twitter:data1\" content=\"2 minutes\" \/>\n<script type=\"application\/ld+json\" class=\"yoast-schema-graph\">{\"@context\":\"https:\/\/schema.org\",\"@graph\":[{\"@type\":\"WebPage\",\"@id\":\"https:\/\/premiumspanishproducts.nl\/sobre-nosotros\/\",\"url\":\"https:\/\/premiumspanishproducts.nl\/sobre-nosotros\/\",\"name\":\"Premium Spanish Products - Sobre Nosotros\",\"isPartOf\":{\"@id\":\"https:\/\/premiumspanishproducts.nl\/#website\"},\"datePublished\":\"2023-07-20T14:25:10+00:00\",\"dateModified\":\"2024-02-12T10:30:31+00:00\",\"description\":\"Excelltia es una empresa de reciente creaci\u00f3n que se especializa en la importaci\u00f3n de productos gastron\u00f3micos premium, elaborados en espa\u00f1a.\",\"breadcrumb\":{\"@id\":\"https:\/\/premiumspanishproducts.nl\/sobre-nosotros\/#breadcrumb\"},\"inLanguage\":\"en-GB\",\"potentialAction\":[{\"@type\":\"ReadAction\",\"target\":[\"https:\/\/premiumspanishproducts.nl\/sobre-nosotros\/\"]}]},{\"@type\":\"BreadcrumbList\",\"@id\":\"https:\/\/premiumspanishproducts.nl\/sobre-nosotros\/#breadcrumb\",\"itemListElement\":[{\"@type\":\"ListItem\",\"position\":1,\"name\":\"Portada\",\"item\":\"https:\/\/premiumspanishproducts.nl\/\"},{\"@type\":\"ListItem\",\"position\":2,\"name\":\"Sobre Nosotros\"}]},{\"@type\":\"WebSite\",\"@id\":\"https:\/\/premiumspanishproducts.nl\/#website\",\"url\":\"https:\/\/premiumspanishproducts.nl\/\",\"name\":\"Premium Spanish Products\",\"description\":\"The best and exclusive food products from Spain\",\"publisher\":{\"@id\":\"https:\/\/premiumspanishproducts.nl\/#organization\"},\"potentialAction\":[{\"@type\":\"SearchAction\",\"target\":{\"@type\":\"EntryPoint\",\"urlTemplate\":\"https:\/\/premiumspanishproducts.nl\/?s={search_term_string}\"},\"query-input\":{\"@type\":\"PropertyValueSpecification\",\"valueRequired\":true,\"valueName\":\"search_term_string\"}}],\"inLanguage\":\"en-GB\"},{\"@type\":\"Organization\",\"@id\":\"https:\/\/premiumspanishproducts.nl\/#organization\",\"name\":\"Premium Spanish Products\",\"url\":\"https:\/\/premiumspanishproducts.nl\/\",\"logo\":{\"@type\":\"ImageObject\",\"inLanguage\":\"en-GB\",\"@id\":\"https:\/\/premiumspanishproducts.nl\/#\/schema\/logo\/image\/\",\"url\":\"https:\/\/premiumspanishproducts.nl\/wp-content\/uploads\/2023\/09\/EXCELLTIA-NEGRO.png\",\"contentUrl\":\"https:\/\/premiumspanishproducts.nl\/wp-content\/uploads\/2023\/09\/EXCELLTIA-NEGRO.png\",\"width\":474,\"height\":250,\"caption\":\"Premium Spanish Products\"},\"image\":{\"@id\":\"https:\/\/premiumspanishproducts.nl\/#\/schema\/logo\/image\/\"},\"sameAs\":[\"https:\/\/www.instagram.com\/premiumspanishproducts\/\"]}]}<\/script>\n<!-- \/ Yoast SEO plugin. -->","yoast_head_json":{"title":"Premium Spanish Products - Sobre Nosotros","description":"Excelltia es una empresa de reciente creaci\u00f3n que se especializa en la importaci\u00f3n de productos gastron\u00f3micos premium, elaborados en espa\u00f1a.","robots":{"index":"index","follow":"follow","max-snippet":"max-snippet:-1","max-image-preview":"max-image-preview:large","max-video-preview":"max-video-preview:-1"},"canonical":"https:\/\/premiumspanishproducts.nl\/en\/about-us\/","og_locale":"en_GB","og_type":"article","og_title":"Premium Spanish Products - Sobre Nosotros","og_description":"Excelltia es una empresa de reciente creaci\u00f3n que se especializa en la importaci\u00f3n de productos gastron\u00f3micos premium, elaborados en espa\u00f1a.","og_url":"https:\/\/premiumspanishproducts.nl\/en\/about-us\/","og_site_name":"Premium Spanish Products","article_modified_time":"2024-02-12T10:30:31+00:00","twitter_card":"summary_large_image","twitter_misc":{"Estimated reading time":"2 minutes"},"schema":{"@context":"https:\/\/schema.org","@graph":[{"@type":"WebPage","@id":"https:\/\/premiumspanishproducts.nl\/sobre-nosotros\/","url":"https:\/\/premiumspanishproducts.nl\/sobre-nosotros\/","name":"Premium Spanish Products - Sobre Nosotros","isPartOf":{"@id":"https:\/\/premiumspanishproducts.nl\/#website"},"datePublished":"2023-07-20T14:25:10+00:00","dateModified":"2024-02-12T10:30:31+00:00","description":"Excelltia es una empresa de reciente creaci\u00f3n que se especializa en la importaci\u00f3n de productos gastron\u00f3micos premium, elaborados en espa\u00f1a.","breadcrumb":{"@id":"https:\/\/premiumspanishproducts.nl\/sobre-nosotros\/#breadcrumb"},"inLanguage":"en-GB","potentialAction":[{"@type":"ReadAction","target":["https:\/\/premiumspanishproducts.nl\/sobre-nosotros\/"]}]},{"@type":"BreadcrumbList","@id":"https:\/\/premiumspanishproducts.nl\/sobre-nosotros\/#breadcrumb","itemListElement":[{"@type":"ListItem","position":1,"name":"Portada","item":"https:\/\/premiumspanishproducts.nl\/"},{"@type":"ListItem","position":2,"name":"Sobre Nosotros"}]},{"@type":"WebSite","@id":"https:\/\/premiumspanishproducts.nl\/#website","url":"https:\/\/premiumspanishproducts.nl\/","name":"Premium Spanish Products","description":"The best and exclusive food products from Spain","publisher":{"@id":"https:\/\/premiumspanishproducts.nl\/#organization"},"potentialAction":[{"@type":"SearchAction","target":{"@type":"EntryPoint","urlTemplate":"https:\/\/premiumspanishproducts.nl\/?s={search_term_string}"},"query-input":{"@type":"PropertyValueSpecification","valueRequired":true,"valueName":"search_term_string"}}],"inLanguage":"en-GB"},{"@type":"Organization","@id":"https:\/\/premiumspanishproducts.nl\/#organization","name":"Premium Spanish Products","url":"https:\/\/premiumspanishproducts.nl\/","logo":{"@type":"ImageObject","inLanguage":"en-GB","@id":"https:\/\/premiumspanishproducts.nl\/#\/schema\/logo\/image\/","url":"https:\/\/premiumspanishproducts.nl\/wp-content\/uploads\/2023\/09\/EXCELLTIA-NEGRO.png","contentUrl":"https:\/\/premiumspanishproducts.nl\/wp-content\/uploads\/2023\/09\/EXCELLTIA-NEGRO.png","width":474,"height":250,"caption":"Premium Spanish Products"},"image":{"@id":"https:\/\/premiumspanishproducts.nl\/#\/schema\/logo\/image\/"},"sameAs":["https:\/\/www.instagram.com\/premiumspanishproducts\/"]}]}},"_links":{"self":[{"href":"https:\/\/premiumspanishproducts.nl\/en\/wp-json\/wp\/v2\/pages\/114","targetHints":{"allow":["GET"]}}],"collection":[{"href":"https:\/\/premiumspanishproducts.nl\/en\/wp-json\/wp\/v2\/pages"}],"about":[{"href":"https:\/\/premiumspanishproducts.nl\/en\/wp-json\/wp\/v2\/types\/page"}],"author":[{"embeddable":true,"href":"https:\/\/premiumspanishproducts.nl\/en\/wp-json\/wp\/v2\/users\/1"}],"replies":[{"embeddable":true,"href":"https:\/\/premiumspanishproducts.nl\/en\/wp-json\/wp\/v2\/comments?post=114"}],"version-history":[{"count":12,"href":"https:\/\/premiumspanishproducts.nl\/en\/wp-json\/wp\/v2\/pages\/114\/revisions"}],"predecessor-version":[{"id":31070,"href":"https:\/\/premiumspanishproducts.nl\/en\/wp-json\/wp\/v2\/pages\/114\/revisions\/31070"}],"wp:attachment":[{"href":"https:\/\/premiumspanishproducts.nl\/en\/wp-json\/wp\/v2\/media?parent=114"}],"curies":[{"name":"wp","href":"https:\/\/api.w.org\/{rel}","templated":true}]}}