{"id":30847,"date":"2023-10-13T14:42:19","date_gmt":"2023-10-13T14:42:19","guid":{"rendered":"https:\/\/premiumspanishproducts.nl\/?page_id=30847"},"modified":"2024-05-16T12:27:27","modified_gmt":"2024-05-16T12:27:27","slug":"galletas-la-luarquesa","status":"publish","type":"page","link":"https:\/\/premiumspanishproducts.nl\/en\/galletas-la-luarquesa\/","title":{"rendered":"Luxury Cookies \u00abLa Luarquesa\u00bb"},"content":{"rendered":"<p>[et_pb_section fb_built=\u00bb1&#8243; _builder_version=\u00bb4.21.2&#8243; _module_preset=\u00bbdefault\u00bb global_colors_info=\u00bb{}\u00bb][et_pb_row _builder_version=\u00bb4.23.1&#8243; _module_preset=\u00bbdefault\u00bb global_colors_info=\u00bb{}\u00bb][et_pb_column type=\u00bb4_4&#8243; _builder_version=\u00bb4.23.1&#8243; _module_preset=\u00bbdefault\u00bb global_colors_info=\u00bb{}\u00bb][dsm_gradient_text gradient_text=\u00bbGALLETAS %22LA LUARQUESA%22&#8243; _builder_version=\u00bb4.23.1&#8243; _module_preset=\u00bbdefault\u00bb global_colors_info=\u00bb{}\u00bb][\/dsm_gradient_text][\/et_pb_column][\/et_pb_row][et_pb_row column_structure=\u00bb2_5,3_5&#8243; _builder_version=\u00bb4.21.2&#8243; _module_preset=\u00bbdefault\u00bb global_colors_info=\u00bb{}\u00bb][et_pb_column type=\u00bb2_5&#8243; _builder_version=\u00bb4.21.2&#8243; _module_preset=\u00bbdefault\u00bb global_colors_info=\u00bb{}\u00bb][et_pb_image src=\u00bbhttps:\/\/premiumspanishproducts.nl\/wp-content\/uploads\/2023\/09\/La-luarquesa-1896.jpg\u00bb alt=\u00bbgalletas-la-luarquesa-top-10-del-mundo\u00bb title_text=\u00bbGalletas de te La Luarquesa, top 10 mundial\u00bb _builder_version=\u00bb4.25.1&#8243; _module_preset=\u00bbdefault\u00bb hover_enabled=\u00bb0&#8243; global_colors_info=\u00bb{}\u00bb sticky_enabled=\u00bb0&#8243;][\/et_pb_image][\/et_pb_column][et_pb_column type=\u00bb3_5&#8243; _builder_version=\u00bb4.21.2&#8243; _module_preset=\u00bbdefault\u00bb global_colors_info=\u00bb{}\u00bb][et_pb_text _builder_version=\u00bb4.23.1&#8243; _module_preset=\u00bbdefault\u00bb global_colors_info=\u00bb{}\u00bb]<\/p>\n<h3><strong>Introduction:<\/strong><\/h3>\n<p>Special edition 125th anniversary cookie, an authentic sample of the tradition of La Luarquesa since its foundation in 1896. These cookies evoke memories of times past, with their balanced and characteristic buttery flavor. Made with the finest ingredients and carefully packaged in individual bags, their storage under optimal conditions guarantees their freshness and quality. Enjoy their exquisite texture and balanced nutritional profile, perfect for accompanying moments of nostalgia and joy. Remember they may contain soy flour and tree nuts. An unforgettable experience for lovers of traditional flavors!<\/p>\n<p>[\/et_pb_text][\/et_pb_column][\/et_pb_row][et_pb_row column_structure=\u00bb3_5,2_5&#8243; _builder_version=\u00bb4.21.2&#8243; _module_preset=\u00bbdefault\u00bb global_colors_info=\u00bb{}\u00bb][et_pb_column type=\u00bb3_5&#8243; _builder_version=\u00bb4.21.2&#8243; _module_preset=\u00bbdefault\u00bb global_colors_info=\u00bb{}\u00bb][et_pb_text _builder_version=\u00bb4.23.1&#8243; _module_preset=\u00bbdefault\u00bb inline_fonts=\u00bbMontserrat\u00bb global_colors_info=\u00bb{}\u00bb]<\/p>\n<h3><strong>Tasting Notes<\/strong><\/h3>\n<ul>\n<li>Aspect: The 1896 Edition Butter Cookies feature a delicate and uniform golden color. Their round shape and slightly irregular texture reminiscent of traditional homemade cookies, adding a touch of nostalgia to their presentation.<\/li>\n<\/ul>\n<ul>\n<li>Aroma: Upon opening the bag, an intoxicating aroma of freshly baked butter is released, with subtle notes of caramel that evoke memories of home and cherished moments with family.<\/li>\n<\/ul>\n<ul>\n<li>Taste: Upon tasting them, a perfect balance is revealed between the smoothness of the butter and the light salty touch that enhances their subtle sweetness. Their crispy yet melt-in-your-mouth texture provides a satisfying and comforting sensory experience.<\/li>\n<\/ul>\n<ul>\n<li>Final: The aftertaste of butter and the lingering smoothness on the palate leave a warm and cozy sensation, inviting to repeat the delight and relive those memories of yesteryears. These cookies are the perfect reminder that the finest tradition endures over time and continues to delight generations with its authentic and comforting flavor.<\/li>\n<\/ul>\n<p>[\/et_pb_text][\/et_pb_column][et_pb_column type=\u00bb2_5&#8243; _builder_version=\u00bb4.21.2&#8243; _module_preset=\u00bbdefault\u00bb global_colors_info=\u00bb{}\u00bb][et_pb_text _builder_version=\u00bb4.23.1&#8243; _module_preset=\u00bbdefault\u00bb text_font=\u00bbMontserrat||||||||\u00bb inline_fonts=\u00bbMontserrat\u00bb global_colors_info=\u00bb{}\u00bb]<\/p>\n<h3><span style=\"font-family: Montserrat;\"><strong><span style=\"font-family: inherit;\">Nutritional values<\/span><\/strong><br \/><\/span><\/h3>\n<table style=\"width: 100%; border-collapse: collapse; overflow: hidden; border-radius: 10px; border-style: hidden;\">\n<tbody>\n<tr style=\"background-color: #f2f2f2;\">\n<th style=\"text-align: left; padding: 8px 20px; border-right: 1px solid #dddddd;\">Content per 100g<\/th>\n<th style=\"text-align: left; padding: 8px 20px;\">Quantity<\/th>\n<\/tr>\n<tr style=\"background-color: #f9f9f9;\">\n<td style=\"text-align: left; padding: 8px; border-right: 1px solid #dddddd;\">Energy value (kJ)<\/td>\n<td style=\"text-align: left; padding: 8px;\">2.137,60<\/td>\n<\/tr>\n<tr style=\"background-color: #f2f2f2;\">\n<td style=\"text-align: left; padding: 8px; border-right: 1px solid #dddddd;\">Energy value (kcal)<\/td>\n<td style=\"text-align: left; padding: 8px;\">520<\/td>\n<\/tr>\n<tr style=\"background-color: #f9f9f9;\">\n<td style=\"text-align: left; padding: 8px; border-right: 1px solid #dddddd;\">Fats (g)<\/td>\n<td style=\"text-align: left; padding: 8px;\">23,90<\/td>\n<\/tr>\n<tr style=\"background-color: #f2f2f2;\">\n<td style=\"text-align: left; padding: 8px; border-right: 1px solid #dddddd;\">Saturated fatty acids (g)<\/td>\n<td style=\"text-align: left; padding: 8px;\">16,32<\/td>\n<\/tr>\n<tr style=\"background-color: #f9f9f9;\">\n<td style=\"text-align: left; padding: 8px; border-right: 1px solid #dddddd;\">Carbohydrates (g)<\/td>\n<td style=\"text-align: left; padding: 8px;\">70,30<\/td>\n<\/tr>\n<tr style=\"background-color: #f2f2f2;\">\n<td style=\"text-align: left; padding: 8px; border-right: 1px solid #dddddd;\">Sugars (g)<\/td>\n<td style=\"text-align: left; padding: 8px;\">32,80<\/td>\n<\/tr>\n<tr style=\"background-color: #f9f9f9;\">\n<td style=\"text-align: left; padding: 8px; border-right: 1px solid #dddddd;\">Proteins (g)<\/td>\n<td style=\"text-align: left; padding: 8px;\">5,80<\/td>\n<\/tr>\n<tr style=\"background-color: #f2f2f2;\">\n<td style=\"text-align: left; padding: 8px; border-right: 1px solid #dddddd;\">Salt (g)<\/td>\n<td style=\"text-align: left; padding: 8px;\">0,33<\/td>\n<\/tr>\n<\/tbody>\n<\/table>\n<p>[\/et_pb_text][\/et_pb_column][\/et_pb_row][et_pb_row column_structure=\u00bb1_6,1_6,1_6,1_6,1_6,1_6&#8243; _builder_version=\u00bb4.21.2&#8243; _module_preset=\u00bbdefault\u00bb global_colors_info=\u00bb{}\u00bb][et_pb_column type=\u00bb1_6&#8243; _builder_version=\u00bb4.21.2&#8243; _module_preset=\u00bbdefault\u00bb global_colors_info=\u00bb{}\u00bb][dsm_button _builder_version=\u00bb4.21.2&#8243; _module_preset=\u00bbdefault\u00bb global_colors_info=\u00bb{}\u00bb][\/dsm_button][\/et_pb_column][et_pb_column type=\u00bb1_6&#8243; _builder_version=\u00bb4.21.2&#8243; _module_preset=\u00bbdefault\u00bb global_colors_info=\u00bb{}\u00bb][\/et_pb_column][et_pb_column type=\u00bb1_6&#8243; _builder_version=\u00bb4.21.2&#8243; _module_preset=\u00bbdefault\u00bb global_colors_info=\u00bb{}\u00bb][dsm_button button_one_text=\u00bbVolver\u00bb button_one_url=\u00bbhttps:\/\/premiumspanishproducts.nl\/nuestros-productos\/\u00bb button_one_lightbox_close_color=\u00bb#ff3232&#8243; button_alignment=\u00bbcenter\u00bb _builder_version=\u00bb4.21.2&#8243; _module_preset=\u00bbdefault\u00bb custom_button_one=\u00bbon\u00bb button_one_text_color=\u00bb#ff3232&#8243; global_colors_info=\u00bb{}\u00bb][\/dsm_button][\/et_pb_column][et_pb_column type=\u00bb1_6&#8243; _builder_version=\u00bb4.21.2&#8243; _module_preset=\u00bbdefault\u00bb global_colors_info=\u00bb{}\u00bb][dsm_button button_one_text=\u00bbSolicite informaci\u00f3n\u00bb button_one_url=\u00bbhttps:\/\/premiumspanishproducts.nl\/contacto\/\u00bb button_one_lightbox_close_color=\u00bb#ff3232&#8243; button_alignment=\u00bbcenter\u00bb _builder_version=\u00bb4.21.2&#8243; _module_preset=\u00bbdefault\u00bb custom_button_one=\u00bbon\u00bb button_one_text_color=\u00bb#ff3232&#8243; custom_margin=\u00bb|-129px||-49px||\u00bb global_colors_info=\u00bb{}\u00bb][\/dsm_button][\/et_pb_column][et_pb_column type=\u00bb1_6&#8243; _builder_version=\u00bb4.21.2&#8243; _module_preset=\u00bbdefault\u00bb global_colors_info=\u00bb{}\u00bb][\/et_pb_column][et_pb_column type=\u00bb1_6&#8243; _builder_version=\u00bb4.21.2&#8243; _module_preset=\u00bbdefault\u00bb global_colors_info=\u00bb{}\u00bb][\/et_pb_column][\/et_pb_row][\/et_pb_section]<\/p>","protected":false},"excerpt":{"rendered":"<p><div class=\"et_pb_module dsm_gradient_text dsm_gradient_text_0 et_animated  et_pb_text_align_center\">\n\t\t\t\t\n\t\t\t\t\n\t\t\t\t\n\t\t\t\t\n\t\t\t\t\n\t\t\t\t\n\t\t\t\t<div class=\"et_pb_module_inner\">\n\t\t\t\t\t<h1 class=\"dsm-gradient-text et_pb_module_header\">LUXURY COOKIES \u00abLA LUARQUESA\u00bb<\/h1>\n\t\t\t\t<\/div>\n\t\t\t<\/div>Introducci\u00f3n: Galleta edici\u00f3n especial 125 aniversario, una muestra aut\u00e9ntica de la tradici\u00f3n de La Luarquesa desde su fundaci\u00f3n en 1896. Estas galletas evocan recuerdos de tiempos pasados, con su equilibrado y caracter\u00edstico sabor a mantequilla. Fabricadas con los mejores ingredientes y cuidadosamente presentadas en bolsas individuales, su conservaci\u00f3n en [&hellip;]<\/p>","protected":false},"author":1,"featured_media":0,"parent":0,"menu_order":0,"comment_status":"closed","ping_status":"closed","template":"","meta":{"_et_pb_use_builder":"on","_et_pb_old_content":"","_et_gb_content_width":"","content-type":"","_exactmetrics_skip_tracking":false,"_exactmetrics_sitenote_active":false,"_exactmetrics_sitenote_note":"","_exactmetrics_sitenote_category":0,"two_page_speed":[],"footnotes":""},"class_list":["post-30847","page","type-page","status-publish","hentry"],"yoast_head":"<!-- This site is optimized with the Yoast SEO plugin v26.7 - https:\/\/yoast.com\/wordpress\/plugins\/seo\/ -->\n<title>Galletas la Luarquesa - Premium Spanish Products<\/title>\n<meta name=\"robots\" content=\"index, follow, max-snippet:-1, max-image-preview:large, max-video-preview:-1\" \/>\n<link rel=\"canonical\" href=\"https:\/\/premiumspanishproducts.nl\/en\/galletas-la-luarquesa\/\" \/>\n<meta property=\"og:locale\" content=\"en_GB\" \/>\n<meta property=\"og:type\" content=\"article\" \/>\n<meta property=\"og:title\" content=\"Galletas la Luarquesa - Premium Spanish Products\" \/>\n<meta property=\"og:description\" content=\"Introducci\u00f3n: Galleta edici\u00f3n especial 125 aniversario, una muestra aut\u00e9ntica de la tradici\u00f3n de La Luarquesa desde su fundaci\u00f3n en 1896. Estas galletas evocan recuerdos de tiempos pasados, con su equilibrado y caracter\u00edstico sabor a mantequilla. Fabricadas con los mejores ingredientes y cuidadosamente presentadas en bolsas individuales, su conservaci\u00f3n en [&hellip;]\" \/>\n<meta property=\"og:url\" content=\"https:\/\/premiumspanishproducts.nl\/en\/galletas-la-luarquesa\/\" \/>\n<meta property=\"og:site_name\" content=\"Premium Spanish Products\" \/>\n<meta property=\"article:modified_time\" content=\"2024-05-16T12:27:27+00:00\" \/>\n<meta name=\"twitter:card\" content=\"summary_large_image\" \/>\n<script type=\"application\/ld+json\" class=\"yoast-schema-graph\">{\"@context\":\"https:\/\/schema.org\",\"@graph\":[{\"@type\":\"WebPage\",\"@id\":\"https:\/\/premiumspanishproducts.nl\/galletas-la-luarquesa\/\",\"url\":\"https:\/\/premiumspanishproducts.nl\/galletas-la-luarquesa\/\",\"name\":\"Galletas la Luarquesa - Premium Spanish Products\",\"isPartOf\":{\"@id\":\"https:\/\/premiumspanishproducts.nl\/#website\"},\"datePublished\":\"2023-10-13T14:42:19+00:00\",\"dateModified\":\"2024-05-16T12:27:27+00:00\",\"breadcrumb\":{\"@id\":\"https:\/\/premiumspanishproducts.nl\/galletas-la-luarquesa\/#breadcrumb\"},\"inLanguage\":\"en-GB\",\"potentialAction\":[{\"@type\":\"ReadAction\",\"target\":[\"https:\/\/premiumspanishproducts.nl\/galletas-la-luarquesa\/\"]}]},{\"@type\":\"BreadcrumbList\",\"@id\":\"https:\/\/premiumspanishproducts.nl\/galletas-la-luarquesa\/#breadcrumb\",\"itemListElement\":[{\"@type\":\"ListItem\",\"position\":1,\"name\":\"Portada\",\"item\":\"https:\/\/premiumspanishproducts.nl\/\"},{\"@type\":\"ListItem\",\"position\":2,\"name\":\"Galletas la Luarquesa\"}]},{\"@type\":\"WebSite\",\"@id\":\"https:\/\/premiumspanishproducts.nl\/#website\",\"url\":\"https:\/\/premiumspanishproducts.nl\/\",\"name\":\"Premium Spanish Products\",\"description\":\"The best and exclusive food products from Spain\",\"publisher\":{\"@id\":\"https:\/\/premiumspanishproducts.nl\/#organization\"},\"potentialAction\":[{\"@type\":\"SearchAction\",\"target\":{\"@type\":\"EntryPoint\",\"urlTemplate\":\"https:\/\/premiumspanishproducts.nl\/?s={search_term_string}\"},\"query-input\":{\"@type\":\"PropertyValueSpecification\",\"valueRequired\":true,\"valueName\":\"search_term_string\"}}],\"inLanguage\":\"en-GB\"},{\"@type\":\"Organization\",\"@id\":\"https:\/\/premiumspanishproducts.nl\/#organization\",\"name\":\"Premium Spanish Products\",\"url\":\"https:\/\/premiumspanishproducts.nl\/\",\"logo\":{\"@type\":\"ImageObject\",\"inLanguage\":\"en-GB\",\"@id\":\"https:\/\/premiumspanishproducts.nl\/#\/schema\/logo\/image\/\",\"url\":\"https:\/\/premiumspanishproducts.nl\/wp-content\/uploads\/2023\/09\/EXCELLTIA-NEGRO.png\",\"contentUrl\":\"https:\/\/premiumspanishproducts.nl\/wp-content\/uploads\/2023\/09\/EXCELLTIA-NEGRO.png\",\"width\":474,\"height\":250,\"caption\":\"Premium Spanish Products\"},\"image\":{\"@id\":\"https:\/\/premiumspanishproducts.nl\/#\/schema\/logo\/image\/\"},\"sameAs\":[\"https:\/\/www.instagram.com\/premiumspanishproducts\/\"]}]}<\/script>\n<!-- \/ Yoast SEO plugin. -->","yoast_head_json":{"title":"Galletas la Luarquesa - Premium Spanish Products","robots":{"index":"index","follow":"follow","max-snippet":"max-snippet:-1","max-image-preview":"max-image-preview:large","max-video-preview":"max-video-preview:-1"},"canonical":"https:\/\/premiumspanishproducts.nl\/en\/galletas-la-luarquesa\/","og_locale":"en_GB","og_type":"article","og_title":"Galletas la Luarquesa - Premium Spanish Products","og_description":"Introducci\u00f3n: Galleta edici\u00f3n especial 125 aniversario, una muestra aut\u00e9ntica de la tradici\u00f3n de La Luarquesa desde su fundaci\u00f3n en 1896. Estas galletas evocan recuerdos de tiempos pasados, con su equilibrado y caracter\u00edstico sabor a mantequilla. Fabricadas con los mejores ingredientes y cuidadosamente presentadas en bolsas individuales, su conservaci\u00f3n en [&hellip;]","og_url":"https:\/\/premiumspanishproducts.nl\/en\/galletas-la-luarquesa\/","og_site_name":"Premium Spanish Products","article_modified_time":"2024-05-16T12:27:27+00:00","twitter_card":"summary_large_image","schema":{"@context":"https:\/\/schema.org","@graph":[{"@type":"WebPage","@id":"https:\/\/premiumspanishproducts.nl\/galletas-la-luarquesa\/","url":"https:\/\/premiumspanishproducts.nl\/galletas-la-luarquesa\/","name":"Galletas la Luarquesa - Premium Spanish Products","isPartOf":{"@id":"https:\/\/premiumspanishproducts.nl\/#website"},"datePublished":"2023-10-13T14:42:19+00:00","dateModified":"2024-05-16T12:27:27+00:00","breadcrumb":{"@id":"https:\/\/premiumspanishproducts.nl\/galletas-la-luarquesa\/#breadcrumb"},"inLanguage":"en-GB","potentialAction":[{"@type":"ReadAction","target":["https:\/\/premiumspanishproducts.nl\/galletas-la-luarquesa\/"]}]},{"@type":"BreadcrumbList","@id":"https:\/\/premiumspanishproducts.nl\/galletas-la-luarquesa\/#breadcrumb","itemListElement":[{"@type":"ListItem","position":1,"name":"Portada","item":"https:\/\/premiumspanishproducts.nl\/"},{"@type":"ListItem","position":2,"name":"Galletas la Luarquesa"}]},{"@type":"WebSite","@id":"https:\/\/premiumspanishproducts.nl\/#website","url":"https:\/\/premiumspanishproducts.nl\/","name":"Premium Spanish Products","description":"The best and exclusive food products from Spain","publisher":{"@id":"https:\/\/premiumspanishproducts.nl\/#organization"},"potentialAction":[{"@type":"SearchAction","target":{"@type":"EntryPoint","urlTemplate":"https:\/\/premiumspanishproducts.nl\/?s={search_term_string}"},"query-input":{"@type":"PropertyValueSpecification","valueRequired":true,"valueName":"search_term_string"}}],"inLanguage":"en-GB"},{"@type":"Organization","@id":"https:\/\/premiumspanishproducts.nl\/#organization","name":"Premium Spanish Products","url":"https:\/\/premiumspanishproducts.nl\/","logo":{"@type":"ImageObject","inLanguage":"en-GB","@id":"https:\/\/premiumspanishproducts.nl\/#\/schema\/logo\/image\/","url":"https:\/\/premiumspanishproducts.nl\/wp-content\/uploads\/2023\/09\/EXCELLTIA-NEGRO.png","contentUrl":"https:\/\/premiumspanishproducts.nl\/wp-content\/uploads\/2023\/09\/EXCELLTIA-NEGRO.png","width":474,"height":250,"caption":"Premium Spanish Products"},"image":{"@id":"https:\/\/premiumspanishproducts.nl\/#\/schema\/logo\/image\/"},"sameAs":["https:\/\/www.instagram.com\/premiumspanishproducts\/"]}]}},"_links":{"self":[{"href":"https:\/\/premiumspanishproducts.nl\/en\/wp-json\/wp\/v2\/pages\/30847","targetHints":{"allow":["GET"]}}],"collection":[{"href":"https:\/\/premiumspanishproducts.nl\/en\/wp-json\/wp\/v2\/pages"}],"about":[{"href":"https:\/\/premiumspanishproducts.nl\/en\/wp-json\/wp\/v2\/types\/page"}],"author":[{"embeddable":true,"href":"https:\/\/premiumspanishproducts.nl\/en\/wp-json\/wp\/v2\/users\/1"}],"replies":[{"embeddable":true,"href":"https:\/\/premiumspanishproducts.nl\/en\/wp-json\/wp\/v2\/comments?post=30847"}],"version-history":[{"count":18,"href":"https:\/\/premiumspanishproducts.nl\/en\/wp-json\/wp\/v2\/pages\/30847\/revisions"}],"predecessor-version":[{"id":31137,"href":"https:\/\/premiumspanishproducts.nl\/en\/wp-json\/wp\/v2\/pages\/30847\/revisions\/31137"}],"wp:attachment":[{"href":"https:\/\/premiumspanishproducts.nl\/en\/wp-json\/wp\/v2\/media?parent=30847"}],"curies":[{"name":"wp","href":"https:\/\/api.w.org\/{rel}","templated":true}]}}