{"id":30893,"date":"2023-10-24T18:14:15","date_gmt":"2023-10-24T18:14:15","guid":{"rendered":"https:\/\/premiumspanishproducts.nl\/?page_id=30893"},"modified":"2024-11-20T21:16:29","modified_gmt":"2024-11-20T21:16:29","slug":"salmon-de-autor-ahumado-a-dos-lenas","status":"publish","type":"page","link":"https:\/\/premiumspanishproducts.nl\/en\/salmon-de-autor-ahumado-a-dos-lenas\/","title":{"rendered":"Salm\u00f3n de Autor Ahumado a Dos Le\u00f1as"},"content":{"rendered":"<p>[et_pb_section fb_built=\u00bb1&#8243; _builder_version=\u00bb4.21.2&#8243; _module_preset=\u00bbdefault\u00bb global_colors_info=\u00bb{}\u00bb][et_pb_row _builder_version=\u00bb4.23.1&#8243; _module_preset=\u00bbdefault\u00bb global_colors_info=\u00bb{}\u00bb][et_pb_column type=\u00bb4_4&#8243; _builder_version=\u00bb4.23.1&#8243; _module_preset=\u00bbdefault\u00bb global_colors_info=\u00bb{}\u00bb][dsm_gradient_text gradient_text=\u00bbSALM\u00d3N DE AUTOR AHUMADO A DOS LE\u00d1AS\u00bb _builder_version=\u00bb4.23.1&#8243; _module_preset=\u00bbdefault\u00bb global_colors_info=\u00bb{}\u00bb][\/dsm_gradient_text][\/et_pb_column][\/et_pb_row][et_pb_row column_structure=\u00bb1_2,1_2&#8243; _builder_version=\u00bb4.21.2&#8243; _module_preset=\u00bbdefault\u00bb custom_margin=\u00bb|auto|-9px|auto||\u00bb global_colors_info=\u00bb{}\u00bb][et_pb_column type=\u00bb1_2&#8243; _builder_version=\u00bb4.21.2&#8243; _module_preset=\u00bbdefault\u00bb global_colors_info=\u00bb{}\u00bb][et_pb_text _builder_version=\u00bb4.23.1&#8243; _module_preset=\u00bbdefault\u00bb custom_margin=\u00bb||1px|||\u00bb global_colors_info=\u00bb{}\u00bb]<\/p>\n<h3><strong>Product Description<\/strong><\/h3>\n<p>Nuestro Salm\u00f3n de Autor Ahumado a Dos Le\u00f1as es el fruto de la combinaci\u00f3n meticulosa de antiguas tradiciones de ahumado y tecnolog\u00edas avanzadas. Desde la selecci\u00f3n del salm\u00f3n en su punto \u00f3ptimo de madurez hasta el proceso de ahumado lento a dos le\u00f1as, cada etapa refleja dedicaci\u00f3n y excelencia artesanal. El resultado es un producto incomparable que captura la esencia exquisita del ahumado.[\/et_pb_text][et_pb_text _builder_version=\u00bb4.23.1&#8243; _module_preset=\u00bbdefault\u00bb custom_padding=\u00bb10px|||||\u00bb global_colors_info=\u00bb{}\u00bb]<\/p>\n<h3><strong>Production Process<\/strong><\/h3>\n<p>El proceso comienza con la selecci\u00f3n manual del salm\u00f3n para garantizar su frescura superior. Posteriormente, se realiza un despiece cuidadoso y se aplica un proceso de salado con sales especiales para obtener un equilibrio de sabores distintivo. El ahumado lento a dos le\u00f1as, transmitido a lo largo de generaciones, agrega un car\u00e1cter \u00fanico y una complejidad de matices que definen la singularidad de este producto excepcional.[\/et_pb_text][\/et_pb_column][et_pb_column type=\u00bb1_2&#8243; _builder_version=\u00bb4.21.2&#8243; _module_preset=\u00bbdefault\u00bb global_colors_info=\u00bb{}\u00bb][et_pb_image src=\u00bbhttps:\/\/premiumspanishproducts.nl\/wp-content\/uploads\/2023\/09\/salmon-ahumado.jpg\u00bb alt=\u00bbsalmon-ahumado-receta-noruega\u00bb title_text=\u00bbSalm\u00f3n ahumado receta tradicional noruega\u00bb _builder_version=\u00bb4.21.2&#8243; _module_preset=\u00bbdefault\u00bb hover_enabled=\u00bb0&#8243; global_colors_info=\u00bb{}\u00bb sticky_enabled=\u00bb0&#8243;][\/et_pb_image][\/et_pb_column][\/et_pb_row][et_pb_row column_structure=\u00bb1_2,1_2&#8243; _builder_version=\u00bb4.21.2&#8243; _module_preset=\u00bbdefault\u00bb custom_margin=\u00bb-24px|auto||auto||\u00bb global_colors_info=\u00bb{}\u00bb][et_pb_column type=\u00bb1_2&#8243; _builder_version=\u00bb4.21.2&#8243; _module_preset=\u00bbdefault\u00bb global_colors_info=\u00bb{}\u00bb][et_pb_text _builder_version=\u00bb4.23.1&#8243; _module_preset=\u00bbdefault\u00bb custom_margin=\u00bb-16px|||||\u00bb custom_padding=\u00bb0px|||||\u00bb global_colors_info=\u00bb{}\u00bb]<\/p>\n<h3><strong>Tasting Notes<\/strong><\/h3>\n<p>Our Double Wood-Smoked Signature Salmon stands out for its creamy and firm texture, reflecting a meticulous process. Upon tasting it, you will experience a distinctive smoky flavor followed by a smooth smoky persistence, creating an unparalleled symphony of flavors. The intense aroma of cured salmon intertwines with the complexity of smoking, offering a lasting sensory experience.<br \/>\nAtr\u00e9vete a deleitarte con la autenticidad de nuestro Salm\u00f3n de Autor Ahumado a Dos Le\u00f1as, una expresi\u00f3n excepcional de la excelencia culinaria y la maestr\u00eda artesanal.[\/et_pb_text][\/et_pb_column][et_pb_column type=\u00bb1_2&#8243; _builder_version=\u00bb4.21.2&#8243; _module_preset=\u00bbdefault\u00bb global_colors_info=\u00bb{}\u00bb][\/et_pb_column][\/et_pb_row][et_pb_row column_structure=\u00bb1_6,1_6,1_6,1_6,1_6,1_6&#8243; _builder_version=\u00bb4.21.2&#8243; _module_preset=\u00bbdefault\u00bb global_colors_info=\u00bb{}\u00bb][et_pb_column type=\u00bb1_6&#8243; _builder_version=\u00bb4.21.2&#8243; _module_preset=\u00bbdefault\u00bb global_colors_info=\u00bb{}\u00bb][dsm_button _builder_version=\u00bb4.21.2&#8243; _module_preset=\u00bbdefault\u00bb global_colors_info=\u00bb{}\u00bb][\/dsm_button][\/et_pb_column][et_pb_column type=\u00bb1_6&#8243; _builder_version=\u00bb4.21.2&#8243; _module_preset=\u00bbdefault\u00bb global_colors_info=\u00bb{}\u00bb][\/et_pb_column][et_pb_column type=\u00bb1_6&#8243; _builder_version=\u00bb4.21.2&#8243; _module_preset=\u00bbdefault\u00bb global_colors_info=\u00bb{}\u00bb][dsm_button button_one_text=\u00bbVolver\u00bb button_one_url=\u00bbhttps:\/\/premiumspanishproducts.nl\/nuestros-productos\/\u00bb button_one_lightbox_close_color=\u00bb#ff3232&#8243; button_alignment=\u00bbcenter\u00bb _builder_version=\u00bb4.21.2&#8243; _module_preset=\u00bbdefault\u00bb custom_button_one=\u00bbon\u00bb button_one_text_color=\u00bb#ff3232&#8243; global_colors_info=\u00bb{}\u00bb][\/dsm_button][\/et_pb_column][et_pb_column type=\u00bb1_6&#8243; _builder_version=\u00bb4.21.2&#8243; _module_preset=\u00bbdefault\u00bb global_colors_info=\u00bb{}\u00bb][dsm_button button_one_text=\u00bbSolicite informaci\u00f3n\u00bb button_one_url=\u00bbhttps:\/\/premiumspanishproducts.nl\/contacto\/\u00bb button_one_lightbox_close_color=\u00bb#ff3232&#8243; button_alignment=\u00bbcenter\u00bb _builder_version=\u00bb4.21.2&#8243; _module_preset=\u00bbdefault\u00bb custom_button_one=\u00bbon\u00bb button_one_text_color=\u00bb#ff3232&#8243; custom_margin=\u00bb|-129px||-49px||\u00bb global_colors_info=\u00bb{}\u00bb][\/dsm_button][\/et_pb_column][et_pb_column type=\u00bb1_6&#8243; _builder_version=\u00bb4.21.2&#8243; _module_preset=\u00bbdefault\u00bb global_colors_info=\u00bb{}\u00bb][\/et_pb_column][et_pb_column type=\u00bb1_6&#8243; _builder_version=\u00bb4.21.2&#8243; _module_preset=\u00bbdefault\u00bb global_colors_info=\u00bb{}\u00bb][\/et_pb_column][\/et_pb_row][\/et_pb_section]<\/p>","protected":false},"excerpt":{"rendered":"<p><div class=\"et_pb_module dsm_gradient_text dsm_gradient_text_0 et_animated  et_pb_text_align_center\">\n\t\t\t\t\n\t\t\t\t\n\t\t\t\t\n\t\t\t\t\n\t\t\t\t\n\t\t\t\t\n\t\t\t\t<div class=\"et_pb_module_inner\">\n\t\t\t\t\t<h1 class=\"dsm-gradient-text et_pb_module_header\">LUXURY SALMON SALMON BY TWO WOODS SMOKED<\/h1>\n\t\t\t\t<\/div>\n\t\t\t<\/div>Descripci\u00f3n del Producto: Nuestro Salm\u00f3n de Autor Ahumado a Dos Le\u00f1as es el fruto de la combinaci\u00f3n meticulosa de antiguas tradiciones de ahumado y tecnolog\u00edas avanzadas. Desde la selecci\u00f3n del salm\u00f3n en su punto \u00f3ptimo de madurez hasta el proceso de ahumado lento a dos [&hellip;]<\/p>","protected":false},"author":1,"featured_media":0,"parent":0,"menu_order":0,"comment_status":"closed","ping_status":"closed","template":"","meta":{"_et_pb_use_builder":"on","_et_pb_old_content":"","_et_gb_content_width":"","content-type":"","_exactmetrics_skip_tracking":false,"_exactmetrics_sitenote_active":false,"_exactmetrics_sitenote_note":"","_exactmetrics_sitenote_category":0,"two_page_speed":[],"footnotes":""},"class_list":["post-30893","page","type-page","status-publish","hentry"],"yoast_head":"<!-- This site is optimized with the Yoast SEO plugin v26.7 - https:\/\/yoast.com\/wordpress\/plugins\/seo\/ -->\n<title>Salm\u00f3n de Autor Ahumado a Dos Le\u00f1as - Premium Spanish Products<\/title>\n<meta name=\"description\" content=\"Descubre el Salm\u00f3n de Autor Ahumado a Dos Le\u00f1as: textura cremosa, sabor complejo y aroma intenso. \u00a1Una experiencia gastron\u00f3mica \u00fanica!\" \/>\n<meta name=\"robots\" content=\"index, follow, max-snippet:-1, max-image-preview:large, max-video-preview:-1\" \/>\n<link rel=\"canonical\" href=\"https:\/\/premiumspanishproducts.nl\/en\/salmon-de-autor-ahumado-a-dos-lenas\/\" \/>\n<meta property=\"og:locale\" content=\"en_GB\" \/>\n<meta property=\"og:type\" content=\"article\" \/>\n<meta property=\"og:title\" content=\"Salm\u00f3n de Autor Ahumado a Dos Le\u00f1as - Premium Spanish Products\" \/>\n<meta property=\"og:description\" content=\"Descubre el Salm\u00f3n de Autor Ahumado a Dos Le\u00f1as: textura cremosa, sabor complejo y aroma intenso. \u00a1Una experiencia gastron\u00f3mica \u00fanica!\" \/>\n<meta property=\"og:url\" content=\"https:\/\/premiumspanishproducts.nl\/en\/salmon-de-autor-ahumado-a-dos-lenas\/\" \/>\n<meta property=\"og:site_name\" content=\"Premium Spanish Products\" \/>\n<meta property=\"article:modified_time\" content=\"2024-11-20T21:16:29+00:00\" \/>\n<meta name=\"twitter:card\" content=\"summary_large_image\" \/>\n<meta name=\"twitter:label1\" content=\"Estimated reading time\" \/>\n\t<meta name=\"twitter:data1\" content=\"3 minutes\" \/>\n<script type=\"application\/ld+json\" class=\"yoast-schema-graph\">{\"@context\":\"https:\/\/schema.org\",\"@graph\":[{\"@type\":\"WebPage\",\"@id\":\"https:\/\/premiumspanishproducts.nl\/salmon-de-autor-ahumado-a-dos-lenas\/\",\"url\":\"https:\/\/premiumspanishproducts.nl\/salmon-de-autor-ahumado-a-dos-lenas\/\",\"name\":\"Salm\u00f3n de Autor Ahumado a Dos Le\u00f1as - Premium Spanish Products\",\"isPartOf\":{\"@id\":\"https:\/\/premiumspanishproducts.nl\/#website\"},\"datePublished\":\"2023-10-24T18:14:15+00:00\",\"dateModified\":\"2024-11-20T21:16:29+00:00\",\"description\":\"Descubre el Salm\u00f3n de Autor Ahumado a Dos Le\u00f1as: textura cremosa, sabor complejo y aroma intenso. \u00a1Una experiencia gastron\u00f3mica \u00fanica!\",\"breadcrumb\":{\"@id\":\"https:\/\/premiumspanishproducts.nl\/salmon-de-autor-ahumado-a-dos-lenas\/#breadcrumb\"},\"inLanguage\":\"en-GB\",\"potentialAction\":[{\"@type\":\"ReadAction\",\"target\":[\"https:\/\/premiumspanishproducts.nl\/salmon-de-autor-ahumado-a-dos-lenas\/\"]}]},{\"@type\":\"BreadcrumbList\",\"@id\":\"https:\/\/premiumspanishproducts.nl\/salmon-de-autor-ahumado-a-dos-lenas\/#breadcrumb\",\"itemListElement\":[{\"@type\":\"ListItem\",\"position\":1,\"name\":\"Portada\",\"item\":\"https:\/\/premiumspanishproducts.nl\/\"},{\"@type\":\"ListItem\",\"position\":2,\"name\":\"Salm\u00f3n de Autor Ahumado a Dos Le\u00f1as\"}]},{\"@type\":\"WebSite\",\"@id\":\"https:\/\/premiumspanishproducts.nl\/#website\",\"url\":\"https:\/\/premiumspanishproducts.nl\/\",\"name\":\"Premium Spanish Products\",\"description\":\"The best and exclusive food products from Spain\",\"publisher\":{\"@id\":\"https:\/\/premiumspanishproducts.nl\/#organization\"},\"potentialAction\":[{\"@type\":\"SearchAction\",\"target\":{\"@type\":\"EntryPoint\",\"urlTemplate\":\"https:\/\/premiumspanishproducts.nl\/?s={search_term_string}\"},\"query-input\":{\"@type\":\"PropertyValueSpecification\",\"valueRequired\":true,\"valueName\":\"search_term_string\"}}],\"inLanguage\":\"en-GB\"},{\"@type\":\"Organization\",\"@id\":\"https:\/\/premiumspanishproducts.nl\/#organization\",\"name\":\"Premium Spanish Products\",\"url\":\"https:\/\/premiumspanishproducts.nl\/\",\"logo\":{\"@type\":\"ImageObject\",\"inLanguage\":\"en-GB\",\"@id\":\"https:\/\/premiumspanishproducts.nl\/#\/schema\/logo\/image\/\",\"url\":\"https:\/\/premiumspanishproducts.nl\/wp-content\/uploads\/2023\/09\/EXCELLTIA-NEGRO.png\",\"contentUrl\":\"https:\/\/premiumspanishproducts.nl\/wp-content\/uploads\/2023\/09\/EXCELLTIA-NEGRO.png\",\"width\":474,\"height\":250,\"caption\":\"Premium Spanish Products\"},\"image\":{\"@id\":\"https:\/\/premiumspanishproducts.nl\/#\/schema\/logo\/image\/\"},\"sameAs\":[\"https:\/\/www.instagram.com\/premiumspanishproducts\/\"]}]}<\/script>\n<!-- \/ Yoast SEO plugin. -->","yoast_head_json":{"title":"Salm\u00f3n de Autor Ahumado a Dos Le\u00f1as - Premium Spanish Products","description":"Descubre el Salm\u00f3n de Autor Ahumado a Dos Le\u00f1as: textura cremosa, sabor complejo y aroma intenso. \u00a1Una experiencia gastron\u00f3mica \u00fanica!","robots":{"index":"index","follow":"follow","max-snippet":"max-snippet:-1","max-image-preview":"max-image-preview:large","max-video-preview":"max-video-preview:-1"},"canonical":"https:\/\/premiumspanishproducts.nl\/en\/salmon-de-autor-ahumado-a-dos-lenas\/","og_locale":"en_GB","og_type":"article","og_title":"Salm\u00f3n de Autor Ahumado a Dos Le\u00f1as - Premium Spanish Products","og_description":"Descubre el Salm\u00f3n de Autor Ahumado a Dos Le\u00f1as: textura cremosa, sabor complejo y aroma intenso. \u00a1Una experiencia gastron\u00f3mica \u00fanica!","og_url":"https:\/\/premiumspanishproducts.nl\/en\/salmon-de-autor-ahumado-a-dos-lenas\/","og_site_name":"Premium Spanish Products","article_modified_time":"2024-11-20T21:16:29+00:00","twitter_card":"summary_large_image","twitter_misc":{"Estimated reading time":"3 minutes"},"schema":{"@context":"https:\/\/schema.org","@graph":[{"@type":"WebPage","@id":"https:\/\/premiumspanishproducts.nl\/salmon-de-autor-ahumado-a-dos-lenas\/","url":"https:\/\/premiumspanishproducts.nl\/salmon-de-autor-ahumado-a-dos-lenas\/","name":"Salm\u00f3n de Autor Ahumado a Dos Le\u00f1as - Premium Spanish Products","isPartOf":{"@id":"https:\/\/premiumspanishproducts.nl\/#website"},"datePublished":"2023-10-24T18:14:15+00:00","dateModified":"2024-11-20T21:16:29+00:00","description":"Descubre el Salm\u00f3n de Autor Ahumado a Dos Le\u00f1as: textura cremosa, sabor complejo y aroma intenso. \u00a1Una experiencia gastron\u00f3mica \u00fanica!","breadcrumb":{"@id":"https:\/\/premiumspanishproducts.nl\/salmon-de-autor-ahumado-a-dos-lenas\/#breadcrumb"},"inLanguage":"en-GB","potentialAction":[{"@type":"ReadAction","target":["https:\/\/premiumspanishproducts.nl\/salmon-de-autor-ahumado-a-dos-lenas\/"]}]},{"@type":"BreadcrumbList","@id":"https:\/\/premiumspanishproducts.nl\/salmon-de-autor-ahumado-a-dos-lenas\/#breadcrumb","itemListElement":[{"@type":"ListItem","position":1,"name":"Portada","item":"https:\/\/premiumspanishproducts.nl\/"},{"@type":"ListItem","position":2,"name":"Salm\u00f3n de Autor Ahumado a Dos Le\u00f1as"}]},{"@type":"WebSite","@id":"https:\/\/premiumspanishproducts.nl\/#website","url":"https:\/\/premiumspanishproducts.nl\/","name":"Premium Spanish Products","description":"The best and exclusive food products from Spain","publisher":{"@id":"https:\/\/premiumspanishproducts.nl\/#organization"},"potentialAction":[{"@type":"SearchAction","target":{"@type":"EntryPoint","urlTemplate":"https:\/\/premiumspanishproducts.nl\/?s={search_term_string}"},"query-input":{"@type":"PropertyValueSpecification","valueRequired":true,"valueName":"search_term_string"}}],"inLanguage":"en-GB"},{"@type":"Organization","@id":"https:\/\/premiumspanishproducts.nl\/#organization","name":"Premium Spanish Products","url":"https:\/\/premiumspanishproducts.nl\/","logo":{"@type":"ImageObject","inLanguage":"en-GB","@id":"https:\/\/premiumspanishproducts.nl\/#\/schema\/logo\/image\/","url":"https:\/\/premiumspanishproducts.nl\/wp-content\/uploads\/2023\/09\/EXCELLTIA-NEGRO.png","contentUrl":"https:\/\/premiumspanishproducts.nl\/wp-content\/uploads\/2023\/09\/EXCELLTIA-NEGRO.png","width":474,"height":250,"caption":"Premium Spanish Products"},"image":{"@id":"https:\/\/premiumspanishproducts.nl\/#\/schema\/logo\/image\/"},"sameAs":["https:\/\/www.instagram.com\/premiumspanishproducts\/"]}]}},"_links":{"self":[{"href":"https:\/\/premiumspanishproducts.nl\/en\/wp-json\/wp\/v2\/pages\/30893","targetHints":{"allow":["GET"]}}],"collection":[{"href":"https:\/\/premiumspanishproducts.nl\/en\/wp-json\/wp\/v2\/pages"}],"about":[{"href":"https:\/\/premiumspanishproducts.nl\/en\/wp-json\/wp\/v2\/types\/page"}],"author":[{"embeddable":true,"href":"https:\/\/premiumspanishproducts.nl\/en\/wp-json\/wp\/v2\/users\/1"}],"replies":[{"embeddable":true,"href":"https:\/\/premiumspanishproducts.nl\/en\/wp-json\/wp\/v2\/comments?post=30893"}],"version-history":[{"count":12,"href":"https:\/\/premiumspanishproducts.nl\/en\/wp-json\/wp\/v2\/pages\/30893\/revisions"}],"predecessor-version":[{"id":31140,"href":"https:\/\/premiumspanishproducts.nl\/en\/wp-json\/wp\/v2\/pages\/30893\/revisions\/31140"}],"wp:attachment":[{"href":"https:\/\/premiumspanishproducts.nl\/en\/wp-json\/wp\/v2\/media?parent=30893"}],"curies":[{"name":"wp","href":"https:\/\/api.w.org\/{rel}","templated":true}]}}