{"id":31099,"date":"2024-05-14T16:47:07","date_gmt":"2024-05-14T16:47:07","guid":{"rendered":"https:\/\/premiumspanishproducts.nl\/?page_id=31099"},"modified":"2024-05-16T12:23:35","modified_gmt":"2024-05-16T12:23:35","slug":"queso-galmesan","status":"publish","type":"page","link":"https:\/\/premiumspanishproducts.nl\/en\/queso-galmesan\/","title":{"rendered":"Queso Galmes\u00e1n"},"content":{"rendered":"<p>[et_pb_section fb_built=\u00bb1&#8243; fullwidth=\u00bbon\u00bb _builder_version=\u00bb4.24.2&#8243; _module_preset=\u00bbdefault\u00bb custom_css_free_form=\u00bb.et_pb_fullwidth_image{||  top:-375px;||}\u00bb global_colors_info=\u00bb{}\u00bb][et_pb_fullwidth_image src=\u00bbhttps:\/\/premiumspanishproducts.nl\/wp-content\/uploads\/2024\/03\/vacas.jpg\u00bb title_text=\u00bbvacas\u00bb src_last_edited=\u00bboff|desktop\u00bb _builder_version=\u00bb4.24.2&#8243; _module_preset=\u00bbdefault\u00bb max_height=\u00bb300px\u00bb custom_css_free_form=\u00bb.et_pb_fullwidth_imagen{||  top:-375px !important;||}\u00bb global_colors_info=\u00bb{}\u00bb src__hover_enabled=\u00bboff|desktop\u00bb][\/et_pb_fullwidth_image][\/et_pb_section][et_pb_section fb_built=\u00bb1&#8243; _builder_version=\u00bb4.21.2&#8243; _module_preset=\u00bbdefault\u00bb global_colors_info=\u00bb{}\u00bb][et_pb_row _builder_version=\u00bb4.23.1&#8243; _module_preset=\u00bbdefault\u00bb global_colors_info=\u00bb{}\u00bb][et_pb_column type=\u00bb4_4&#8243; _builder_version=\u00bb4.23.1&#8243; _module_preset=\u00bbdefault\u00bb global_colors_info=\u00bb{}\u00bb][dsm_gradient_text gradient_text=\u00bbQUESO GALMES\u00c1N\u00bb _builder_version=\u00bb4.24.2&#8243; _module_preset=\u00bbdefault\u00bb global_colors_info=\u00bb{}\u00bb][\/dsm_gradient_text][\/et_pb_column][\/et_pb_row][et_pb_row column_structure=\u00bb1_2,1_2&#8243; _builder_version=\u00bb4.21.2&#8243; _module_preset=\u00bbdefault\u00bb custom_padding=\u00bb||2px|||\u00bb global_colors_info=\u00bb{}\u00bb][et_pb_column type=\u00bb1_2&#8243; _builder_version=\u00bb4.21.2&#8243; _module_preset=\u00bbdefault\u00bb global_colors_info=\u00bb{}\u00bb][et_pb_text _builder_version=\u00bb4.24.2&#8243; _module_preset=\u00bbdefault\u00bb custom_padding=\u00bb4px||0px|||\u00bb inline_fonts=\u00bbMontserrat\u00bb global_colors_info=\u00bb{}\u00bb]<\/p>\n<h3><span style=\"font-family: Montserrat; font-weight: normal;\"><strong>History and Production Process:<\/strong><\/span><\/h3>\n<p><span style=\"font-family: Montserrat;\">From our roots in Arz\u00faa, a land traditionally known for its cheese, to the meticulous production process, at Galmes\u00e1n, every gram of cheese is the result of experience, intuition, dedication, and love. Our Galician milk comes from small grazing farms, where cows feed on native pastures and forage. We opt for our own cultures instead of industrial ones, thus representing the lactic bacteria of our region. The maturation process, which lasts for over 18 months, is carried out under the supervision of our master cheesemaker, who carefully tends to each piece with care and attention to detail.<\/span>[\/et_pb_text][\/et_pb_column][et_pb_column type=\u00bb1_2&#8243; _builder_version=\u00bb4.21.2&#8243; _module_preset=\u00bbdefault\u00bb global_colors_info=\u00bb{}\u00bb][et_pb_image src=\u00bbhttps:\/\/premiumspanishproducts.nl\/wp-content\/uploads\/2024\/03\/queso_orig.jpeg\u00bb alt=\u00bbqueso_orig\u00bb title_text=\u00bbqueso_orig\u00bb _builder_version=\u00bb4.25.1&#8243; _module_preset=\u00bbdefault\u00bb hover_enabled=\u00bb0&#8243; box_shadow_style=\u00bbpreset2&#8243; box_shadow_horizontal=\u00bb8px\u00bb box_shadow_vertical=\u00bb8px\u00bb box_shadow_blur=\u00bb16px\u00bb global_colors_info=\u00bb{}\u00bb sticky_enabled=\u00bb0&#8243;][\/et_pb_image][\/et_pb_column][\/et_pb_row][et_pb_row column_structure=\u00bb1_2,1_2&#8243; _builder_version=\u00bb4.25.1&#8243; _module_preset=\u00bbdefault\u00bb custom_margin=\u00bb||||false|false\u00bb custom_padding=\u00bb||0px||false|false\u00bb global_colors_info=\u00bb{}\u00bb][et_pb_column type=\u00bb1_2&#8243; _builder_version=\u00bb4.21.2&#8243; _module_preset=\u00bbdefault\u00bb global_colors_info=\u00bb{}\u00bb][et_pb_image src=\u00bbhttps:\/\/premiumspanishproducts.nl\/wp-content\/uploads\/2024\/05\/galmesan_can_roca.jpg\u00bb alt=\u00bbgalmesan_can_roca\u00bb title_text=\u00bbgalmesan_can_roca\u00bb _builder_version=\u00bb4.25.1&#8243; _module_preset=\u00bbdefault\u00bb transform_translate=\u00bb23px|-87px\u00bb width=\u00bb85%\u00bb custom_margin=\u00bb90px|19px|||false|false\u00bb hover_enabled=\u00bb0&#8243; box_shadow_style=\u00bbpreset2&#8243; global_colors_info=\u00bb{}\u00bb sticky_enabled=\u00bb0&#8243;][\/et_pb_image][\/et_pb_column][et_pb_column type=\u00bb1_2&#8243; _builder_version=\u00bb4.21.2&#8243; _module_preset=\u00bbdefault\u00bb global_colors_info=\u00bb{}\u00bb][et_pb_text _builder_version=\u00bb4.24.2&#8243; _module_preset=\u00bbdefault\u00bb custom_padding=\u00bb||0px|||\u00bb inline_fonts=\u00bbMontserrat\u00bb global_colors_info=\u00bb{}\u00bb]<\/p>\n<h3><span style=\"font-family: Montserrat;\"><strong>Grazing and Commitment to Sustainability:<\/strong><\/span><\/h3>\n<p><span style=\"font-family: Montserrat;\">In a world where the livestock industry has opted for unsustainable intensive models, in Galicia, we choose grazing and extensive models. This approach not only contributes to the sustainability of the environment but also enriches people, who obtain greater profitability from their farms. Our farmers, in harmony with the land, maintain the balance of the ecosystem and promote rootedness in rural areas. This commitment is reflected in the quality and unique character of our cheese.<\/span><\/p>\n<h3><span style=\"font-family: Montserrat;\"><strong>Use:<\/strong><\/span><\/h3>\n<p>Due to its versatility, it's excellent both as a cheese for snacks and for use in gastronomy, whether melted, grated, or gratinated.<\/p>\n<p>[\/et_pb_text][\/et_pb_column][\/et_pb_row][et_pb_row column_structure=\u00bb1_2,1_2&#8243; _builder_version=\u00bb4.21.2&#8243; _module_preset=\u00bbdefault\u00bb min_height=\u00bb571px\u00bb custom_margin=\u00bb|auto|-12px|auto||\u00bb global_colors_info=\u00bb{}\u00bb][et_pb_column type=\u00bb1_2&#8243; _builder_version=\u00bb4.21.2&#8243; _module_preset=\u00bbdefault\u00bb global_colors_info=\u00bb{}\u00bb][et_pb_text _builder_version=\u00bb4.24.2&#8243; _module_preset=\u00bbdefault\u00bb inline_fonts=\u00bbMontserrat\u00bb global_colors_info=\u00bb{}\u00bb]<\/p>\n<h3><span style=\"font-family: Montserrat;\"><strong>Tasting Notes <\/strong><\/span><\/h3>\n<ul>\n<li><span style=\"font-family: Montserrat;\">Visually, our cheese presents a smooth natural rind, slightly moldy, and dark yellow in color.<\/span><\/li>\n<li><span style=\"font-family: Montserrat;\">The paste, of a pale yellow color, is blind and presents crystals on its surface.<\/span><\/li>\n<li><span style=\"font-family: Montserrat;\">To the touch, the paste feels dry, smooth, and very rigid.<\/span><\/li>\n<li><span style=\"font-family: Montserrat;\">As for the aroma, there are prominent light toasty and biscuity notes, as well as intense fruity aromas of apple and wood.<\/span><\/li>\n<li><span style=\"font-family: Montserrat;\">In the mouth, one experiences flavors of cooked milk, with notes of pineapple and caramelized toasts.<\/span><\/li>\n<li><span style=\"font-family: Montserrat;\">In the aftertaste, one perceives nuts such as chestnuts and walnuts.<\/span><\/li>\n<li><span style=\"font-family: Montserrat;\">This cheese stands out for its intense flavor and prolonged persistence.<\/span><\/li>\n<li><span style=\"font-family: Montserrat;\">Its high consumption yield is due to the fact that 16 liters of milk are used per kilogram of cheese.<\/span><\/li>\n<\/ul>\n<p>[\/et_pb_text][\/et_pb_column][et_pb_column type=\u00bb1_2&#8243; _builder_version=\u00bb4.21.2&#8243; _module_preset=\u00bbdefault\u00bb global_colors_info=\u00bb{}\u00bb][et_pb_text _builder_version=\u00bb4.24.2&#8243; _module_preset=\u00bbdefault\u00bb inline_fonts=\u00bbMontserrat\u00bb global_colors_info=\u00bb{}\u00bb]<\/p>\n<h3><span style=\"font-family: Montserrat;\"><strong>Awards:<\/strong><\/span><\/h3>\n<ul>\n<li><span style=\"font-family: Montserrat;\">Best Cheese of Spain in the aged cow category at Gourmet Quesos, Madrid, Spain.<\/span><\/li>\n<li><span style=\"font-family: Montserrat;\">Silver Medal at the World Cheese Awards in Bergamo, Italy, and in Oviedo, Spain.<\/span><\/li>\n<li><span style=\"font-family: Montserrat;\">2 stars at Great Taste 2022, London, United Kingdom.<\/span><\/li>\n<li><span style=\"font-family: Montserrat;\">Gold Medal at the World Cheese Awards in Wales, United Kingdom.<\/span><\/li>\n<li><span style=\"font-family: Montserrat;\">Super Gold Medal at the World Cheese Awards in Trondheim, Norway.<\/span><\/li>\n<\/ul>\n<p>[\/et_pb_text][\/et_pb_column][\/et_pb_row][et_pb_row column_structure=\u00bb1_6,1_6,1_6,1_6,1_6,1_6&#8243; _builder_version=\u00bb4.21.2&#8243; _module_preset=\u00bbdefault\u00bb custom_padding=\u00bb5px|||||\u00bb global_colors_info=\u00bb{}\u00bb][et_pb_column type=\u00bb1_6&#8243; _builder_version=\u00bb4.21.2&#8243; _module_preset=\u00bbdefault\u00bb global_colors_info=\u00bb{}\u00bb][dsm_button _builder_version=\u00bb4.21.2&#8243; _module_preset=\u00bbdefault\u00bb global_colors_info=\u00bb{}\u00bb][\/dsm_button][\/et_pb_column][et_pb_column type=\u00bb1_6&#8243; _builder_version=\u00bb4.21.2&#8243; _module_preset=\u00bbdefault\u00bb global_colors_info=\u00bb{}\u00bb][\/et_pb_column][et_pb_column type=\u00bb1_6&#8243; _builder_version=\u00bb4.21.2&#8243; _module_preset=\u00bbdefault\u00bb global_colors_info=\u00bb{}\u00bb][dsm_button button_one_text=\u00bbVolver\u00bb button_one_url=\u00bbhttps:\/\/premiumspanishproducts.nl\/nuestros-productos\/\u00bb button_one_lightbox_close_color=\u00bb#ff3232&#8243; button_alignment=\u00bbcenter\u00bb _builder_version=\u00bb4.21.2&#8243; _module_preset=\u00bbdefault\u00bb tooltip_one_font=\u00bbMontserrat||||||||\u00bb custom_button_one=\u00bbon\u00bb button_one_text_color=\u00bb#ff3232&#8243; button_one_font=\u00bbMontserrat||||||||\u00bb custom_button_two=\u00bbon\u00bb button_two_font=\u00bbMontserrat||||||||\u00bb global_colors_info=\u00bb{}\u00bb][\/dsm_button][\/et_pb_column][et_pb_column type=\u00bb1_6&#8243; _builder_version=\u00bb4.21.2&#8243; _module_preset=\u00bbdefault\u00bb global_colors_info=\u00bb{}\u00bb][dsm_button button_one_text=\u00bbSolicite informaci\u00f3n\u00bb button_one_url=\u00bbhttps:\/\/premiumspanishproducts.nl\/contacto\/\u00bb button_one_lightbox_close_color=\u00bb#ff3232&#8243; button_alignment=\u00bbcenter\u00bb _builder_version=\u00bb4.21.2&#8243; _module_preset=\u00bbdefault\u00bb tooltip_one_font=\u00bbMontserrat||||||||\u00bb custom_button_one=\u00bbon\u00bb button_one_text_color=\u00bb#ff3232&#8243; button_one_font=\u00bbMontserrat||||||||\u00bb custom_button_two=\u00bbon\u00bb button_two_font=\u00bbMontserrat||||||||\u00bb custom_margin=\u00bb|-129px||-49px||\u00bb global_colors_info=\u00bb{}\u00bb][\/dsm_button][\/et_pb_column][et_pb_column type=\u00bb1_6&#8243; _builder_version=\u00bb4.21.2&#8243; _module_preset=\u00bbdefault\u00bb global_colors_info=\u00bb{}\u00bb][\/et_pb_column][et_pb_column type=\u00bb1_6&#8243; _builder_version=\u00bb4.21.2&#8243; _module_preset=\u00bbdefault\u00bb global_colors_info=\u00bb{}\u00bb][\/et_pb_column][\/et_pb_row][\/et_pb_section]<\/p>","protected":false},"excerpt":{"rendered":"<p><div class=\"et_pb_module dsm_gradient_text dsm_gradient_text_0 et_animated  et_pb_text_align_center\">\n\t\t\t\t\n\t\t\t\t\n\t\t\t\t\n\t\t\t\t\n\t\t\t\t\n\t\t\t\t\n\t\t\t\t<div class=\"et_pb_module_inner\">\n\t\t\t\t\t<h1 class=\"dsm-gradient-text et_pb_module_header\">GALMES\u00c1N CHEESE<\/h1>\n\t\t\t\t<\/div>\n\t\t\t<\/div>Historia y Proceso de Elaboraci\u00f3n: Desde nuestras ra\u00edces en Arz\u00faa, tierra tradicionalmente quesera, hasta el meticuloso proceso de elaboraci\u00f3n, en Galmes\u00e1n cada gramo de queso es fruto de la experiencia, la intuici\u00f3n, la dedicaci\u00f3n y el amor. Nuestra leche gallega proviene de peque\u00f1as explotaciones en pastoreo, donde las vacas se [&hellip;]<\/p>","protected":false},"author":1,"featured_media":0,"parent":0,"menu_order":0,"comment_status":"closed","ping_status":"closed","template":"","meta":{"_et_pb_use_builder":"on","_et_pb_old_content":"","_et_gb_content_width":"","content-type":"","_exactmetrics_skip_tracking":false,"_exactmetrics_sitenote_active":false,"_exactmetrics_sitenote_note":"","_exactmetrics_sitenote_category":0,"two_page_speed":[],"footnotes":""},"class_list":["post-31099","page","type-page","status-publish","hentry"],"yoast_head":"<!-- This site is optimized with the Yoast SEO plugin v26.7 - https:\/\/yoast.com\/wordpress\/plugins\/seo\/ -->\n<title>Queso Galmes\u00e1n - Premium Spanish Products<\/title>\n<meta name=\"description\" content=\"Explora el galardonado Queso Galmes\u00e1n: sabor artesanal y compromiso sostenible en Galicia, \u00a1con\u00f3celo ahora!&quot;\" \/>\n<meta name=\"robots\" content=\"index, follow, max-snippet:-1, max-image-preview:large, max-video-preview:-1\" \/>\n<link rel=\"canonical\" href=\"https:\/\/premiumspanishproducts.nl\/en\/queso-galmesan\/\" \/>\n<meta property=\"og:locale\" content=\"en_GB\" \/>\n<meta property=\"og:type\" content=\"article\" \/>\n<meta property=\"og:title\" content=\"Queso Galmes\u00e1n - Premium Spanish Products\" \/>\n<meta property=\"og:description\" content=\"Explora el galardonado Queso Galmes\u00e1n: sabor artesanal y compromiso sostenible en Galicia, \u00a1con\u00f3celo ahora!&quot;\" \/>\n<meta property=\"og:url\" content=\"https:\/\/premiumspanishproducts.nl\/en\/queso-galmesan\/\" \/>\n<meta property=\"og:site_name\" content=\"Premium Spanish Products\" \/>\n<meta property=\"article:modified_time\" content=\"2024-05-16T12:23:35+00:00\" \/>\n<meta name=\"twitter:card\" content=\"summary_large_image\" \/>\n<meta name=\"twitter:label1\" content=\"Estimated reading time\" \/>\n\t<meta name=\"twitter:data1\" content=\"3 minutes\" \/>\n<script type=\"application\/ld+json\" class=\"yoast-schema-graph\">{\"@context\":\"https:\/\/schema.org\",\"@graph\":[{\"@type\":\"WebPage\",\"@id\":\"https:\/\/premiumspanishproducts.nl\/queso-galmesan\/\",\"url\":\"https:\/\/premiumspanishproducts.nl\/queso-galmesan\/\",\"name\":\"Queso Galmes\u00e1n - Premium Spanish Products\",\"isPartOf\":{\"@id\":\"https:\/\/premiumspanishproducts.nl\/#website\"},\"datePublished\":\"2024-05-14T16:47:07+00:00\",\"dateModified\":\"2024-05-16T12:23:35+00:00\",\"description\":\"Explora el galardonado Queso Galmes\u00e1n: sabor artesanal y compromiso sostenible en Galicia, \u00a1con\u00f3celo ahora!\\\"\",\"breadcrumb\":{\"@id\":\"https:\/\/premiumspanishproducts.nl\/queso-galmesan\/#breadcrumb\"},\"inLanguage\":\"en-GB\",\"potentialAction\":[{\"@type\":\"ReadAction\",\"target\":[\"https:\/\/premiumspanishproducts.nl\/queso-galmesan\/\"]}]},{\"@type\":\"BreadcrumbList\",\"@id\":\"https:\/\/premiumspanishproducts.nl\/queso-galmesan\/#breadcrumb\",\"itemListElement\":[{\"@type\":\"ListItem\",\"position\":1,\"name\":\"Portada\",\"item\":\"https:\/\/premiumspanishproducts.nl\/\"},{\"@type\":\"ListItem\",\"position\":2,\"name\":\"Queso Galmes\u00e1n\"}]},{\"@type\":\"WebSite\",\"@id\":\"https:\/\/premiumspanishproducts.nl\/#website\",\"url\":\"https:\/\/premiumspanishproducts.nl\/\",\"name\":\"Premium Spanish Products\",\"description\":\"The best and exclusive food products from Spain\",\"publisher\":{\"@id\":\"https:\/\/premiumspanishproducts.nl\/#organization\"},\"potentialAction\":[{\"@type\":\"SearchAction\",\"target\":{\"@type\":\"EntryPoint\",\"urlTemplate\":\"https:\/\/premiumspanishproducts.nl\/?s={search_term_string}\"},\"query-input\":{\"@type\":\"PropertyValueSpecification\",\"valueRequired\":true,\"valueName\":\"search_term_string\"}}],\"inLanguage\":\"en-GB\"},{\"@type\":\"Organization\",\"@id\":\"https:\/\/premiumspanishproducts.nl\/#organization\",\"name\":\"Premium Spanish Products\",\"url\":\"https:\/\/premiumspanishproducts.nl\/\",\"logo\":{\"@type\":\"ImageObject\",\"inLanguage\":\"en-GB\",\"@id\":\"https:\/\/premiumspanishproducts.nl\/#\/schema\/logo\/image\/\",\"url\":\"https:\/\/premiumspanishproducts.nl\/wp-content\/uploads\/2023\/09\/EXCELLTIA-NEGRO.png\",\"contentUrl\":\"https:\/\/premiumspanishproducts.nl\/wp-content\/uploads\/2023\/09\/EXCELLTIA-NEGRO.png\",\"width\":474,\"height\":250,\"caption\":\"Premium Spanish Products\"},\"image\":{\"@id\":\"https:\/\/premiumspanishproducts.nl\/#\/schema\/logo\/image\/\"},\"sameAs\":[\"https:\/\/www.instagram.com\/premiumspanishproducts\/\"]}]}<\/script>\n<!-- \/ Yoast SEO plugin. -->","yoast_head_json":{"title":"Queso Galmes\u00e1n - Premium Spanish Products","description":"Explora el galardonado Queso Galmes\u00e1n: sabor artesanal y compromiso sostenible en Galicia, \u00a1con\u00f3celo ahora!\"","robots":{"index":"index","follow":"follow","max-snippet":"max-snippet:-1","max-image-preview":"max-image-preview:large","max-video-preview":"max-video-preview:-1"},"canonical":"https:\/\/premiumspanishproducts.nl\/en\/queso-galmesan\/","og_locale":"en_GB","og_type":"article","og_title":"Queso Galmes\u00e1n - Premium Spanish Products","og_description":"Explora el galardonado Queso Galmes\u00e1n: sabor artesanal y compromiso sostenible en Galicia, \u00a1con\u00f3celo ahora!\"","og_url":"https:\/\/premiumspanishproducts.nl\/en\/queso-galmesan\/","og_site_name":"Premium Spanish Products","article_modified_time":"2024-05-16T12:23:35+00:00","twitter_card":"summary_large_image","twitter_misc":{"Estimated reading time":"3 minutes"},"schema":{"@context":"https:\/\/schema.org","@graph":[{"@type":"WebPage","@id":"https:\/\/premiumspanishproducts.nl\/queso-galmesan\/","url":"https:\/\/premiumspanishproducts.nl\/queso-galmesan\/","name":"Queso Galmes\u00e1n - Premium Spanish Products","isPartOf":{"@id":"https:\/\/premiumspanishproducts.nl\/#website"},"datePublished":"2024-05-14T16:47:07+00:00","dateModified":"2024-05-16T12:23:35+00:00","description":"Explora el galardonado Queso Galmes\u00e1n: sabor artesanal y compromiso sostenible en Galicia, \u00a1con\u00f3celo ahora!\"","breadcrumb":{"@id":"https:\/\/premiumspanishproducts.nl\/queso-galmesan\/#breadcrumb"},"inLanguage":"en-GB","potentialAction":[{"@type":"ReadAction","target":["https:\/\/premiumspanishproducts.nl\/queso-galmesan\/"]}]},{"@type":"BreadcrumbList","@id":"https:\/\/premiumspanishproducts.nl\/queso-galmesan\/#breadcrumb","itemListElement":[{"@type":"ListItem","position":1,"name":"Portada","item":"https:\/\/premiumspanishproducts.nl\/"},{"@type":"ListItem","position":2,"name":"Queso Galmes\u00e1n"}]},{"@type":"WebSite","@id":"https:\/\/premiumspanishproducts.nl\/#website","url":"https:\/\/premiumspanishproducts.nl\/","name":"Premium Spanish Products","description":"The best and exclusive food products from Spain","publisher":{"@id":"https:\/\/premiumspanishproducts.nl\/#organization"},"potentialAction":[{"@type":"SearchAction","target":{"@type":"EntryPoint","urlTemplate":"https:\/\/premiumspanishproducts.nl\/?s={search_term_string}"},"query-input":{"@type":"PropertyValueSpecification","valueRequired":true,"valueName":"search_term_string"}}],"inLanguage":"en-GB"},{"@type":"Organization","@id":"https:\/\/premiumspanishproducts.nl\/#organization","name":"Premium Spanish Products","url":"https:\/\/premiumspanishproducts.nl\/","logo":{"@type":"ImageObject","inLanguage":"en-GB","@id":"https:\/\/premiumspanishproducts.nl\/#\/schema\/logo\/image\/","url":"https:\/\/premiumspanishproducts.nl\/wp-content\/uploads\/2023\/09\/EXCELLTIA-NEGRO.png","contentUrl":"https:\/\/premiumspanishproducts.nl\/wp-content\/uploads\/2023\/09\/EXCELLTIA-NEGRO.png","width":474,"height":250,"caption":"Premium Spanish Products"},"image":{"@id":"https:\/\/premiumspanishproducts.nl\/#\/schema\/logo\/image\/"},"sameAs":["https:\/\/www.instagram.com\/premiumspanishproducts\/"]}]}},"_links":{"self":[{"href":"https:\/\/premiumspanishproducts.nl\/en\/wp-json\/wp\/v2\/pages\/31099","targetHints":{"allow":["GET"]}}],"collection":[{"href":"https:\/\/premiumspanishproducts.nl\/en\/wp-json\/wp\/v2\/pages"}],"about":[{"href":"https:\/\/premiumspanishproducts.nl\/en\/wp-json\/wp\/v2\/types\/page"}],"author":[{"embeddable":true,"href":"https:\/\/premiumspanishproducts.nl\/en\/wp-json\/wp\/v2\/users\/1"}],"replies":[{"embeddable":true,"href":"https:\/\/premiumspanishproducts.nl\/en\/wp-json\/wp\/v2\/comments?post=31099"}],"version-history":[{"count":14,"href":"https:\/\/premiumspanishproducts.nl\/en\/wp-json\/wp\/v2\/pages\/31099\/revisions"}],"predecessor-version":[{"id":31134,"href":"https:\/\/premiumspanishproducts.nl\/en\/wp-json\/wp\/v2\/pages\/31099\/revisions\/31134"}],"wp:attachment":[{"href":"https:\/\/premiumspanishproducts.nl\/en\/wp-json\/wp\/v2\/media?parent=31099"}],"curies":[{"name":"wp","href":"https:\/\/api.w.org\/{rel}","templated":true}]}}