{"id":114,"date":"2023-07-20T14:25:10","date_gmt":"2023-07-20T14:25:10","guid":{"rendered":"https:\/\/premiumspanishproducts.nl\/?page_id=114"},"modified":"2024-02-12T10:30:31","modified_gmt":"2024-02-12T10:30:31","slug":"sobre-nosotros","status":"publish","type":"page","link":"https:\/\/premiumspanishproducts.nl\/nl\/over-ons\/","title":{"rendered":"Over Ons"},"content":{"rendered":"<p>[et_pb_section fb_built=\u00bb1&#8243; _builder_version=\u00bb4.21.0&#8243; _module_preset=\u00bbdefault\u00bb background_image=\u00bbhttps:\/\/premiumspanishproducts.nl\/wp-content\/uploads\/2023\/08\/PULPO-BANNER-web.jpg\u00bb custom_padding=\u00bb||406px|||\u00bb global_colors_info=\u00bb{}\u00bb][\/et_pb_section][et_pb_section fb_built=\u00bb1&#8243; _builder_version=\u00bb4.21.0&#8243; _module_preset=\u00bbdefault\u00bb background_color=\u00bb#000000&#8243; global_colors_info=\u00bb{}\u00bb][et_pb_row column_structure=\u00bb2_5,3_5&#8243; _builder_version=\u00bb4.21.0&#8243; _module_preset=\u00bbdefault\u00bb width=\u00bb85.6%\u00bb global_colors_info=\u00bb{}\u00bb][et_pb_column type=\u00bb2_5&#8243; _builder_version=\u00bb4.21.0&#8243; _module_preset=\u00bbdefault\u00bb global_colors_info=\u00bb{}\u00bb][et_pb_image src=\u00bbhttps:\/\/premiumspanishproducts.nl\/wp-content\/uploads\/2023\/08\/chef-web.jpg\u00bb title_text=\u00bbchef-web\u00bb _builder_version=\u00bb4.21.0&#8243; _module_preset=\u00bbdefault\u00bb width=\u00bb100%\u00bb global_colors_info=\u00bb{}\u00bb][\/et_pb_image][\/et_pb_column][et_pb_column type=\u00bb3_5&#8243; _builder_version=\u00bb4.21.0&#8243; _module_preset=\u00bbdefault\u00bb global_colors_info=\u00bb{}\u00bb][et_pb_text _builder_version=\u00bb4.21.0&#8243; _module_preset=\u00bbdefault\u00bb text_font=\u00bbmontserrat-regular||||||||\u00bb text_text_color=\u00bb#FFFFFF\u00bb text_font_size=\u00bb16px\u00bb header_font=\u00bbmontserrat-regular||||||||\u00bb inline_fonts=\u00bbmontserrat-bold\u00bb global_colors_info=\u00bb{}\u00bb]<\/p>\n<p class=\" translation-block\"><span style=\"font-family: montserrat-bold\"><strong>Excelltia<\/strong> <\/span> is een recent opgericht bedrijf dat gespecialiseerd is in de import van hoogwaardige gastronomische producten, vervaardigd in Spanje. Ons voornaamste doel is om geselecteerde klanten een uitzonderlijke culinaire ervaring te bieden door zorgvuldig de hoogste kwaliteitsproducten van de Spaanse markt te selecteren. We zijn er trots op exclusieve toegang te bieden tot een verscheidenheid aan gourmetproducten die de rijke gastronomische traditie van Spanje belichamen.<\/p>\n<p>En <span style=\"font-family: montserrat-bold;\"><strong>Excelltia<\/strong><\/span>Bij <span style=\"font-family: montserrat-bold\"><strong>Excelltia<\/strong><\/span> Bij Excelltia onderscheiden we ons door de uitmuntendheid van onze producten te garanderen.. We werken nauw samen met producenten en leveranciers in heel het Spaanse grondgebied om ervoor te zorgen dat alleen de meest authentieke producten worden geselecteerd voor onze meest veeleisende klanten.<\/p>\n<p>De tevredenheid van onze klanten heeft bij ons de hoogste prioriteit. We beschikken over een sterk opgeleid en gepassioneerd team dat gepersonaliseerde service biedt en oplossingen aanbeveelt die zijn afgestemd op de behoeften van elke klant. We hechten waarde aan langdurige relaties en streven naar het opbouwen van sterke partnerschappen op basis van vertrouwen en wederzijdse tevredenheid.<\/p>\n<p class=\" translation-block\">Naast onze toewijding aan kwaliteit, zetten we ons bij <span style=\"font-family: montserrat-bold\"><strong>Excelltia<\/strong><\/span> ook in voor duurzaamheid en maatschappelijke verantwoordelijkheid. We werken samen met producenten die onze waarden delen op het gebied van ethische en duurzame zakelijke praktijken. Bij het kiezen voor <span style=\"font-family: montserrat-bold\"><strong>Excelltia<\/strong><\/span> genieten klanten niet alleen van uitzonderlijke producten, maar dragen ze ook bij aan initiatieven die een positieve impact hebben op het milieu en de samenleving.<\/p>\n<p class=\" translation-block\">Samenvattend is <span style=\"font-family: montserrat-bold\"><strong>Excelltia<\/strong><\/span> de ideale keuze voor degenen die op zoek zijn naar hoogwaardige Spaanse gastronomische producten van de hoogste kwaliteit. Ons bedrijf is er trots op een exclusieve selectie van authentieke producten van de beste kwaliteit aan te bieden die zelfs de meest veeleisende smaakpapillen zullen bekoren. Sta ons toe uw betrouwbare partner te zijn in de zoektocht naar uitzonderlijke Spaanse producten die uw culinaire ervaring naar een onge\u00ebvenaard niveau tillen<\/p>\n<p>[\/et_pb_text][\/et_pb_column][\/et_pb_row][\/et_pb_section]<\/p>","protected":false},"excerpt":{"rendered":"<p>Excelltia es una empresa de reciente creaci\u00f3n que se especializa en la importaci\u00f3n de productos gastron\u00f3micos premium, elaborados en espa\u00f1a. Nuestro objetivo principal es proporcionar a clientes selectos una experiencia culinaria excepcional al seleccionar meticulosamente los productos de mayor calidad en el mercado espa\u00f1ol. Nos enorgullece ofrecer acceso exclusivo a una variedad de productos gourmet [&hellip;]<\/p>","protected":false},"author":1,"featured_media":0,"parent":0,"menu_order":0,"comment_status":"closed","ping_status":"closed","template":"","meta":{"_et_pb_use_builder":"on","_et_pb_old_content":"","_et_gb_content_width":"","content-type":"","_exactmetrics_skip_tracking":false,"_exactmetrics_sitenote_active":false,"_exactmetrics_sitenote_note":"","_exactmetrics_sitenote_category":0,"two_page_speed":{"previous_score":{"desktop_score":83,"desktop_tti":"1.4\u00a0","mobile_score":33,"mobile_tti":"10.2\u00a0","date":"12.02.2024 10:30:20 am","status":"completed"},"current_score":{"desktop_score":96,"desktop_tti":"0.8\u00a0","mobile_score":85,"mobile_tti":"1.8\u00a0","date":"12.02.2024 10:30:57 am","status":"completed"}},"footnotes":""},"class_list":["post-114","page","type-page","status-publish","hentry"],"yoast_head":"<!-- This site is optimized with the Yoast SEO plugin v26.7 - https:\/\/yoast.com\/wordpress\/plugins\/seo\/ -->\n<title>Premium Spanish Products - Sobre Nosotros<\/title>\n<meta name=\"description\" content=\"Excelltia es una empresa de reciente creaci\u00f3n que se especializa en la importaci\u00f3n de productos gastron\u00f3micos premium, elaborados en espa\u00f1a.\" \/>\n<meta name=\"robots\" content=\"index, follow, max-snippet:-1, max-image-preview:large, max-video-preview:-1\" \/>\n<link rel=\"canonical\" href=\"https:\/\/premiumspanishproducts.nl\/nl\/over-ons\/\" \/>\n<meta property=\"og:locale\" content=\"nl_NL\" \/>\n<meta property=\"og:type\" content=\"article\" \/>\n<meta property=\"og:title\" content=\"Premium Spanish Products - Sobre Nosotros\" \/>\n<meta property=\"og:description\" content=\"Excelltia es una empresa de reciente creaci\u00f3n que se especializa en la importaci\u00f3n de productos gastron\u00f3micos premium, elaborados en espa\u00f1a.\" \/>\n<meta property=\"og:url\" content=\"https:\/\/premiumspanishproducts.nl\/nl\/over-ons\/\" \/>\n<meta property=\"og:site_name\" content=\"Premium Spanish Products\" \/>\n<meta property=\"article:modified_time\" content=\"2024-02-12T10:30:31+00:00\" \/>\n<meta name=\"twitter:card\" content=\"summary_large_image\" \/>\n<meta name=\"twitter:label1\" content=\"Geschatte leestijd\" \/>\n\t<meta name=\"twitter:data1\" content=\"2 minuten\" \/>\n<script type=\"application\/ld+json\" class=\"yoast-schema-graph\">{\"@context\":\"https:\/\/schema.org\",\"@graph\":[{\"@type\":\"WebPage\",\"@id\":\"https:\/\/premiumspanishproducts.nl\/sobre-nosotros\/\",\"url\":\"https:\/\/premiumspanishproducts.nl\/sobre-nosotros\/\",\"name\":\"Premium Spanish Products - Sobre Nosotros\",\"isPartOf\":{\"@id\":\"https:\/\/premiumspanishproducts.nl\/#website\"},\"datePublished\":\"2023-07-20T14:25:10+00:00\",\"dateModified\":\"2024-02-12T10:30:31+00:00\",\"description\":\"Excelltia es una empresa de reciente creaci\u00f3n que se especializa en la importaci\u00f3n de productos gastron\u00f3micos premium, elaborados en espa\u00f1a.\",\"breadcrumb\":{\"@id\":\"https:\/\/premiumspanishproducts.nl\/sobre-nosotros\/#breadcrumb\"},\"inLanguage\":\"nl-NL\",\"potentialAction\":[{\"@type\":\"ReadAction\",\"target\":[\"https:\/\/premiumspanishproducts.nl\/sobre-nosotros\/\"]}]},{\"@type\":\"BreadcrumbList\",\"@id\":\"https:\/\/premiumspanishproducts.nl\/sobre-nosotros\/#breadcrumb\",\"itemListElement\":[{\"@type\":\"ListItem\",\"position\":1,\"name\":\"Portada\",\"item\":\"https:\/\/premiumspanishproducts.nl\/\"},{\"@type\":\"ListItem\",\"position\":2,\"name\":\"Sobre Nosotros\"}]},{\"@type\":\"WebSite\",\"@id\":\"https:\/\/premiumspanishproducts.nl\/#website\",\"url\":\"https:\/\/premiumspanishproducts.nl\/\",\"name\":\"Premium Spanish Products\",\"description\":\"The best and exclusive food products from Spain\",\"publisher\":{\"@id\":\"https:\/\/premiumspanishproducts.nl\/#organization\"},\"potentialAction\":[{\"@type\":\"SearchAction\",\"target\":{\"@type\":\"EntryPoint\",\"urlTemplate\":\"https:\/\/premiumspanishproducts.nl\/?s={search_term_string}\"},\"query-input\":{\"@type\":\"PropertyValueSpecification\",\"valueRequired\":true,\"valueName\":\"search_term_string\"}}],\"inLanguage\":\"nl-NL\"},{\"@type\":\"Organization\",\"@id\":\"https:\/\/premiumspanishproducts.nl\/#organization\",\"name\":\"Premium Spanish Products\",\"url\":\"https:\/\/premiumspanishproducts.nl\/\",\"logo\":{\"@type\":\"ImageObject\",\"inLanguage\":\"nl-NL\",\"@id\":\"https:\/\/premiumspanishproducts.nl\/#\/schema\/logo\/image\/\",\"url\":\"https:\/\/premiumspanishproducts.nl\/wp-content\/uploads\/2023\/09\/EXCELLTIA-NEGRO.png\",\"contentUrl\":\"https:\/\/premiumspanishproducts.nl\/wp-content\/uploads\/2023\/09\/EXCELLTIA-NEGRO.png\",\"width\":474,\"height\":250,\"caption\":\"Premium Spanish Products\"},\"image\":{\"@id\":\"https:\/\/premiumspanishproducts.nl\/#\/schema\/logo\/image\/\"},\"sameAs\":[\"https:\/\/www.instagram.com\/premiumspanishproducts\/\"]}]}<\/script>\n<!-- \/ Yoast SEO plugin. -->","yoast_head_json":{"title":"Premium Spanish Products - Sobre Nosotros","description":"Excelltia es una empresa de reciente creaci\u00f3n que se especializa en la importaci\u00f3n de productos gastron\u00f3micos premium, elaborados en espa\u00f1a.","robots":{"index":"index","follow":"follow","max-snippet":"max-snippet:-1","max-image-preview":"max-image-preview:large","max-video-preview":"max-video-preview:-1"},"canonical":"https:\/\/premiumspanishproducts.nl\/nl\/over-ons\/","og_locale":"nl_NL","og_type":"article","og_title":"Premium Spanish Products - Sobre Nosotros","og_description":"Excelltia es una empresa de reciente creaci\u00f3n que se especializa en la importaci\u00f3n de productos gastron\u00f3micos premium, elaborados en espa\u00f1a.","og_url":"https:\/\/premiumspanishproducts.nl\/nl\/over-ons\/","og_site_name":"Premium Spanish Products","article_modified_time":"2024-02-12T10:30:31+00:00","twitter_card":"summary_large_image","twitter_misc":{"Geschatte leestijd":"2 minuten"},"schema":{"@context":"https:\/\/schema.org","@graph":[{"@type":"WebPage","@id":"https:\/\/premiumspanishproducts.nl\/sobre-nosotros\/","url":"https:\/\/premiumspanishproducts.nl\/sobre-nosotros\/","name":"Premium Spanish Products - Sobre Nosotros","isPartOf":{"@id":"https:\/\/premiumspanishproducts.nl\/#website"},"datePublished":"2023-07-20T14:25:10+00:00","dateModified":"2024-02-12T10:30:31+00:00","description":"Excelltia es una empresa de reciente creaci\u00f3n que se especializa en la importaci\u00f3n de productos gastron\u00f3micos premium, elaborados en espa\u00f1a.","breadcrumb":{"@id":"https:\/\/premiumspanishproducts.nl\/sobre-nosotros\/#breadcrumb"},"inLanguage":"nl-NL","potentialAction":[{"@type":"ReadAction","target":["https:\/\/premiumspanishproducts.nl\/sobre-nosotros\/"]}]},{"@type":"BreadcrumbList","@id":"https:\/\/premiumspanishproducts.nl\/sobre-nosotros\/#breadcrumb","itemListElement":[{"@type":"ListItem","position":1,"name":"Portada","item":"https:\/\/premiumspanishproducts.nl\/"},{"@type":"ListItem","position":2,"name":"Sobre Nosotros"}]},{"@type":"WebSite","@id":"https:\/\/premiumspanishproducts.nl\/#website","url":"https:\/\/premiumspanishproducts.nl\/","name":"Premium Spanish Products","description":"The best and exclusive food products from Spain","publisher":{"@id":"https:\/\/premiumspanishproducts.nl\/#organization"},"potentialAction":[{"@type":"SearchAction","target":{"@type":"EntryPoint","urlTemplate":"https:\/\/premiumspanishproducts.nl\/?s={search_term_string}"},"query-input":{"@type":"PropertyValueSpecification","valueRequired":true,"valueName":"search_term_string"}}],"inLanguage":"nl-NL"},{"@type":"Organization","@id":"https:\/\/premiumspanishproducts.nl\/#organization","name":"Premium Spanish Products","url":"https:\/\/premiumspanishproducts.nl\/","logo":{"@type":"ImageObject","inLanguage":"nl-NL","@id":"https:\/\/premiumspanishproducts.nl\/#\/schema\/logo\/image\/","url":"https:\/\/premiumspanishproducts.nl\/wp-content\/uploads\/2023\/09\/EXCELLTIA-NEGRO.png","contentUrl":"https:\/\/premiumspanishproducts.nl\/wp-content\/uploads\/2023\/09\/EXCELLTIA-NEGRO.png","width":474,"height":250,"caption":"Premium Spanish Products"},"image":{"@id":"https:\/\/premiumspanishproducts.nl\/#\/schema\/logo\/image\/"},"sameAs":["https:\/\/www.instagram.com\/premiumspanishproducts\/"]}]}},"_links":{"self":[{"href":"https:\/\/premiumspanishproducts.nl\/nl\/wp-json\/wp\/v2\/pages\/114","targetHints":{"allow":["GET"]}}],"collection":[{"href":"https:\/\/premiumspanishproducts.nl\/nl\/wp-json\/wp\/v2\/pages"}],"about":[{"href":"https:\/\/premiumspanishproducts.nl\/nl\/wp-json\/wp\/v2\/types\/page"}],"author":[{"embeddable":true,"href":"https:\/\/premiumspanishproducts.nl\/nl\/wp-json\/wp\/v2\/users\/1"}],"replies":[{"embeddable":true,"href":"https:\/\/premiumspanishproducts.nl\/nl\/wp-json\/wp\/v2\/comments?post=114"}],"version-history":[{"count":12,"href":"https:\/\/premiumspanishproducts.nl\/nl\/wp-json\/wp\/v2\/pages\/114\/revisions"}],"predecessor-version":[{"id":31070,"href":"https:\/\/premiumspanishproducts.nl\/nl\/wp-json\/wp\/v2\/pages\/114\/revisions\/31070"}],"wp:attachment":[{"href":"https:\/\/premiumspanishproducts.nl\/nl\/wp-json\/wp\/v2\/media?parent=114"}],"curies":[{"name":"wp","href":"https:\/\/api.w.org\/{rel}","templated":true}]}}