{"id":30828,"date":"2023-10-10T19:31:43","date_gmt":"2023-10-10T19:31:43","guid":{"rendered":"https:\/\/premiumspanishproducts.nl\/?page_id=30828"},"modified":"2023-10-10T20:20:58","modified_gmt":"2023-10-10T20:20:58","slug":"politica-de-privacidad","status":"publish","type":"page","link":"https:\/\/premiumspanishproducts.nl\/nl\/politica-de-privacidad\/","title":{"rendered":"politica de privacidad"},"content":{"rendered":"<p>[et_pb_section fb_built=\u00bb1&#8243; _builder_version=\u00bb4.21.2&#8243; _module_preset=\u00bbdefault\u00bb global_colors_info=\u00bb{}\u00bb][et_pb_row _builder_version=\u00bb4.21.2&#8243; _module_preset=\u00bbdefault\u00bb global_colors_info=\u00bb{}\u00bb][et_pb_column type=\u00bb4_4&#8243; _builder_version=\u00bb4.21.2&#8243; _module_preset=\u00bbdefault\u00bb global_colors_info=\u00bb{}\u00bb][et_pb_text _builder_version=\u00bb4.21.2&#8243; _module_preset=\u00bbdefault\u00bb header_font=\u00bbmontserrat-regular|700|||||||\u00bb hover_enabled=\u00bb0&#8243; inline_fonts=\u00bbmontserrat-regular,Montserrat\u00bb global_colors_info=\u00bb{}\u00bb sticky_enabled=\u00bb0&#8243;]<\/p>\n<h2><strong><span style=\"font-family: Montserrat;\">1. QUI\u00c9NES SOMOS<\/span><\/strong><\/h2>\n<h5>Excelltia is een recent opgericht bedrijf dat gespecialiseerd is in de import van premium gastronomische producten uit Spanje.<\/h5>\n<h5>&#8211; El propietario del sitio web es Premium Spanish Products B.V.<br \/>&#8211; KVK (C\u00e1mara de Comercio): 91062209<br \/>&#8211; BTW : NL865540160B01<br \/>&#8211; Direcci\u00f3n de correo electr\u00f3nico de contacto: info@premiumspanishproducts.nl<\/h5>\n<h5>Es nuestra responsabilidad proteger su privacidad. En esta p\u00e1gina, le informamos sobre los datos que recopilamos cuando utiliza nuestro sitio web, por qu\u00e9 recopilamos estos datos y c\u00f3mo mejoramos su experiencia de uso con ellos. De esta manera, comprender\u00e1 c\u00f3mo trabajamos.<\/h5>\n<h5>Este documento de pol\u00edtica de privacidad se aplica a los servicios de Premium Spanish Products B.V de ahora en adelante Excelta. Tenga en cuenta que Excelltia no es responsable de la pol\u00edtica de privacidad de otros sitios web y recursos. Al utilizar este sitio web, usted indica que acepta nuestra pol\u00edtica de privacidad.<\/h5>\n<h5>Excelltia respeta la privacidad de todos los usuarios de su sitio y se asegura de que la informaci\u00f3n personal que nos proporciona se maneje de manera confidencial.<\/h5>\n<h2><strong>2. PRIVACIDAD Y PROCESAMIENTO DE INFORMACI\u00d3N<\/strong><\/h2>\n<h5>2.1. DERECHO A LA INFORMACI\u00d3N<\/h5>\n<h5>2.1.1. Identificaci\u00f3n del responsable del tratamiento de datos:<\/h5>\n<h5>El responsable es Excelltia.<\/h5>\n<h5>2.1.2. Prop\u00f3sitos del tratamiento y base legal<\/h5>\n<h5>Proporcionar los servicios solicitados, enviar informaci\u00f3n, presupuestos, actividades y servicios que puedan ser de inter\u00e9s para los usuarios.<\/h5>\n<h5>La base legal para el procesamiento de datos personales se basa en la relaci\u00f3n legal que los usuarios mantienen con Excelltia y, en todos los casos, en el consentimiento otorgado al seleccionar la casilla de aceptaci\u00f3n antes de enviar su informaci\u00f3n.<\/h5>\n<h5>En los formularios a continuaci\u00f3n, se especifica el prop\u00f3sito del procesamiento de datos:<\/h5>\n<h5>&#8211; Formulario de contacto de Excelltia<\/h5>\n<h5>En este formulario, el prop\u00f3sito del procesamiento de datos se especifica expl\u00edcitamente y siempre bajo la aceptaci\u00f3n de la pol\u00edtica de privacidad.<\/h5>\n<h5>2.2. CONSENTIMIENTO DE LOS USUARIOS<\/h5>\n<h5>Al hacer clic en el bot\u00f3n &#8216;ACEPTAR&#8217;, queda claro que las personas que acceden y utilizan este sitio web aceptan los t\u00e9rminos establecidos en esta pol\u00edtica de privacidad.<\/h5>\n<h5>2.3. SEGURIDAD<\/h5>\n<h5>La Base de Datos General de Excelltia cuenta con la documentaci\u00f3n de seguridad requerida y dispone de todos los medios t\u00e9cnicos para evitar la p\u00e9rdida, el mal uso, la alteraci\u00f3n, el acceso no autorizado y el robo de los datos proporcionados. El procesamiento de datos personales cumple con la normativa establecida en el RGPD.<\/h5>\n<h5>2.4. COOKIES Y RECOLECCI\u00d3N DE DATOS ESTAD\u00cdSTICOS<\/h5>\n<h5>La navegaci\u00f3n de un usuario por este sitio web deja una huella del protocolo de Internet (IP) asignado por su proveedor de servicios de Internet. Esta direcci\u00f3n se utiliza \u00fanicamente con fines internos, como estad\u00edsticas de acceso al portal.<\/h5>\n<h5>Al navegar por este sitio web, es posible que se utilicen cookies. Las cookies solo se asocian con el navegador de una computadora de un usuario an\u00f3nimo y por s\u00ed solas no proporcionan datos personales del usuario. Este sitio web puede utilizar los siguientes tipos de cookies:<\/h5>\n<ul>\n<li>\n<h5>Cookies anal\u00edticas: permiten cuantificar el n\u00famero de usuarios y realizar mediciones y an\u00e1lisis estad\u00edsticos de la utilizaci\u00f3n y actividad de los usuarios en el sitio web, as\u00ed como la elaboraci\u00f3n de perfiles de navegaci\u00f3n de los usuarios en las p\u00e1ginas y aplicaciones, todo con el objetivo de realizar mejoras.<\/h5>\n<\/li>\n<\/ul>\n<h5>Los usuarios tienen la posibilidad de configurar su navegador para ser informados en pantalla de la recepci\u00f3n de cookies y para evitar su instalaci\u00f3n en su disco duro. Todos los navegadores permiten realizar cambios en la configuraci\u00f3n de las cookies. A continuaci\u00f3n, se presentan los enlaces de cada navegador para desactivar las cookies siguiendo las instrucciones:<\/h5>\n<ul>\n<li>\n<h5>Internet Explorer: <a href=\"http:\/\/windows.microsoft.com\/es-es\/windows7\/how-to-manage-cookies-in-internet-explorer-9\" target=\"_new\" rel=\"noopener\">Enlace<\/a><\/h5>\n<\/li>\n<li>\n<h5>Firefox: <a href=\"http:\/\/goo.gl\/F5pHX\" target=\"_new\" rel=\"noopener\">Enlace<\/a><\/h5>\n<\/li>\n<li>\n<h5>Chrome: <a href=\"http:\/\/support.google.com\/chrome\/bin\/answer.py?hl=es&amp;answer=95647\" target=\"_new\" rel=\"noopener\">Enlace<\/a><\/h5>\n<\/li>\n<li>\n<h5>Safari: <a href=\"http:\/\/support.apple.com\/kb\/ph5042\" target=\"_new\" rel=\"noopener\">Enlace<\/a><\/h5>\n<\/li>\n<li>\n<h5>Opera: <a href=\"http:\/\/www.opera.com\/help\/tutorials\/security\/privacy\/\" target=\"_new\" rel=\"noopener\">Enlace<\/a><\/h5>\n<\/li>\n<\/ul>\n<h5>Le advertimos que desactivar las cookies puede impedir o dificultar la navegaci\u00f3n o la prestaci\u00f3n de los servicios ofrecidos en este sitio web.<\/h5>\n<h5><strong>2.5. COOKIES QUE UTILIZAMOS<\/strong><\/h5>\n<table>\n<thead>\n<tr>\n<th>\n<h5>Nombre de la cookie<\/h5>\n<\/th>\n<th>\n<h5>Uso de la cookie<\/h5>\n<\/th>\n<\/tr>\n<\/thead>\n<tbody>\n<tr>\n<td>\n<h5>_ga<\/h5>\n<\/td>\n<td>\n<h5>Utilizada por Google Analytics para identificar al usuario<\/h5>\n<\/td>\n<\/tr>\n<tr>\n<td>\n<h5>_dat<\/h5>\n<\/td>\n<td>\n<h5>Utilizada por Google Analytics para identificar al usuario<\/h5>\n<\/td>\n<\/tr>\n<tr>\n<td>\n<h5>_gid<\/h5>\n<\/td>\n<td>\n<h5>Utilizada por Google Analytics para identificar al usuario<\/h5>\n<\/td>\n<\/tr>\n<tr>\n<td>\n<h5>cookie_notice_accepted<\/h5>\n<\/td>\n<td>\n<h5>Comprueba si el usuario ha aceptado las cookies<\/h5>\n<\/td>\n<\/tr>\n<\/tbody>\n<\/table>\n<h5><strong>2.6. USO DE ENLACES EXTERNOS<\/strong><\/h5>\n<h5>Con el fin de facilitar la b\u00fasqueda de recursos que consideramos de inter\u00e9s para usted, en este sitio web puede encontrar enlaces a otras p\u00e1ginas.<\/h5>\n<h5>Excelltia no garantiza el cumplimiento de esta pol\u00edtica en otros sitios web y tampoco es responsable del acceso a trav\u00e9s de enlaces desde este sitio.<\/h5>\n<h5><\/h5>\n<h5><\/h5>\n<h5><\/h5>\n<h2><strong>3. PROPIEDAD INTELECTUAL E INDUSTRIAL<\/strong><\/h2>\n<h5>Excelltia es propietario de todos los derechos de propiedad intelectual e industrial de sus p\u00e1ginas web, as\u00ed como de todos sus contenidos, por lo que queda expresamente prohibida la reproducci\u00f3n, distribuci\u00f3n y comunicaci\u00f3n p\u00fablica, total o parcial, sin su autorizaci\u00f3n. Cualquier uso no previamente autorizado se considerar\u00e1 una violaci\u00f3n grave de los derechos de propiedad intelectual o industrial del autor.<\/h5>\n<h2><strong>4. RENUNCIA DE RESPONSABILIDAD<\/strong><\/h2>\n<h5>Ecelltia no ser\u00e1 responsable de los da\u00f1os que puedan derivarse de fallos telef\u00f3nicos o interrupciones, desconexiones en el sistema el\u00e9ctrico, interrupciones en la red, la presencia de virus inform\u00e1ticos, programas maliciosos o cualquier otro factor que est\u00e9 fuera de su control. Tampoco se responsabiliza del contenido o sistemas de terceros vinculados al dominio del responsable de los datos.<\/h5>\n<h5>Excelltia se reserva el derecho de emprender las acciones legales correspondientes contra quienes incumplan estas condiciones.<\/h5>\n<h2><strong>5. CAMBIOS EN LAS CONDICIONES ACTUALES<\/strong><\/h2>\n<h5>Excelltia se reserva el derecho de modificar estas condiciones en cualquier momento y sin previo aviso, mediante la publicaci\u00f3n de las modificaciones.<\/h5>\n<h2><strong>6. LEGISLACI\u00d3N APLICABLE Y JURISDICCI\u00d3N<\/strong><\/h2>\n<h5>La relaci\u00f3n entre Excelltia y el usuario se rige por la legislaci\u00f3n holandesa vigente, y cualquier disputa se someter\u00e1 a los tribunales y jurisdicciones correspondientes a la ciudad de Rotterdam.<\/h5>\n<p>[\/et_pb_text][\/et_pb_column][\/et_pb_row][\/et_pb_section]<\/p>","protected":false},"excerpt":{"rendered":"<p>1. QUI\u00c9NES SOMOS Excelltia es una empresa de reciente creaci\u00f3n que se especializa en la importaci\u00f3n de productos gastron\u00f3micos premium, elaborados en espa\u00f1a. &#8211; El propietario del sitio web es Premium Spanish Products B.V.- KVK (C\u00e1mara de Comercio): 91062209- BTW : NL865540160B01- Direcci\u00f3n de correo electr\u00f3nico de contacto: info@premiumspanishproducts.nl Es nuestra responsabilidad proteger su privacidad. [&hellip;]<\/p>","protected":false},"author":1,"featured_media":0,"parent":0,"menu_order":0,"comment_status":"closed","ping_status":"closed","template":"","meta":{"_et_pb_use_builder":"on","_et_pb_old_content":"","_et_gb_content_width":"","content-type":"","_exactmetrics_skip_tracking":false,"_exactmetrics_sitenote_active":false,"_exactmetrics_sitenote_note":"","_exactmetrics_sitenote_category":0,"two_page_speed":[],"footnotes":""},"class_list":["post-30828","page","type-page","status-publish","hentry"],"yoast_head":"<!-- This site is optimized with the Yoast SEO plugin v26.7 - https:\/\/yoast.com\/wordpress\/plugins\/seo\/ -->\n<title>politica de privacidad - Premium Spanish Products<\/title>\n<meta name=\"robots\" content=\"index, follow, max-snippet:-1, max-image-preview:large, max-video-preview:-1\" \/>\n<link rel=\"canonical\" href=\"https:\/\/premiumspanishproducts.nl\/nl\/politica-de-privacidad\/\" \/>\n<meta property=\"og:locale\" content=\"nl_NL\" \/>\n<meta property=\"og:type\" content=\"article\" \/>\n<meta property=\"og:title\" content=\"politica de privacidad - Premium Spanish Products\" \/>\n<meta property=\"og:description\" content=\"1. QUI\u00c9NES SOMOS Excelltia es una empresa de reciente creaci\u00f3n que se especializa en la importaci\u00f3n de productos gastron\u00f3micos premium, elaborados en espa\u00f1a. - El propietario del sitio web es Premium Spanish Products B.V.- KVK (C\u00e1mara de Comercio): 91062209- BTW : NL865540160B01- Direcci\u00f3n de correo electr\u00f3nico de contacto: info@premiumspanishproducts.nl Es nuestra responsabilidad proteger su privacidad. [&hellip;]\" \/>\n<meta property=\"og:url\" content=\"https:\/\/premiumspanishproducts.nl\/nl\/politica-de-privacidad\/\" \/>\n<meta property=\"og:site_name\" content=\"Premium Spanish Products\" \/>\n<meta property=\"article:modified_time\" content=\"2023-10-10T20:20:58+00:00\" \/>\n<meta name=\"twitter:card\" content=\"summary_large_image\" \/>\n<meta name=\"twitter:label1\" content=\"Geschatte leestijd\" \/>\n\t<meta name=\"twitter:data1\" content=\"27 minuten\" \/>\n<script type=\"application\/ld+json\" class=\"yoast-schema-graph\">{\"@context\":\"https:\/\/schema.org\",\"@graph\":[{\"@type\":\"WebPage\",\"@id\":\"https:\/\/premiumspanishproducts.nl\/politica-de-privacidad\/\",\"url\":\"https:\/\/premiumspanishproducts.nl\/politica-de-privacidad\/\",\"name\":\"politica de privacidad - Premium Spanish Products\",\"isPartOf\":{\"@id\":\"https:\/\/premiumspanishproducts.nl\/#website\"},\"datePublished\":\"2023-10-10T19:31:43+00:00\",\"dateModified\":\"2023-10-10T20:20:58+00:00\",\"breadcrumb\":{\"@id\":\"https:\/\/premiumspanishproducts.nl\/politica-de-privacidad\/#breadcrumb\"},\"inLanguage\":\"nl-NL\",\"potentialAction\":[{\"@type\":\"ReadAction\",\"target\":[\"https:\/\/premiumspanishproducts.nl\/politica-de-privacidad\/\"]}]},{\"@type\":\"BreadcrumbList\",\"@id\":\"https:\/\/premiumspanishproducts.nl\/politica-de-privacidad\/#breadcrumb\",\"itemListElement\":[{\"@type\":\"ListItem\",\"position\":1,\"name\":\"Portada\",\"item\":\"https:\/\/premiumspanishproducts.nl\/\"},{\"@type\":\"ListItem\",\"position\":2,\"name\":\"politica de privacidad\"}]},{\"@type\":\"WebSite\",\"@id\":\"https:\/\/premiumspanishproducts.nl\/#website\",\"url\":\"https:\/\/premiumspanishproducts.nl\/\",\"name\":\"Premium Spanish Products\",\"description\":\"The best and exclusive food products from Spain\",\"publisher\":{\"@id\":\"https:\/\/premiumspanishproducts.nl\/#organization\"},\"potentialAction\":[{\"@type\":\"SearchAction\",\"target\":{\"@type\":\"EntryPoint\",\"urlTemplate\":\"https:\/\/premiumspanishproducts.nl\/?s={search_term_string}\"},\"query-input\":{\"@type\":\"PropertyValueSpecification\",\"valueRequired\":true,\"valueName\":\"search_term_string\"}}],\"inLanguage\":\"nl-NL\"},{\"@type\":\"Organization\",\"@id\":\"https:\/\/premiumspanishproducts.nl\/#organization\",\"name\":\"Premium Spanish Products\",\"url\":\"https:\/\/premiumspanishproducts.nl\/\",\"logo\":{\"@type\":\"ImageObject\",\"inLanguage\":\"nl-NL\",\"@id\":\"https:\/\/premiumspanishproducts.nl\/#\/schema\/logo\/image\/\",\"url\":\"https:\/\/premiumspanishproducts.nl\/wp-content\/uploads\/2023\/09\/EXCELLTIA-NEGRO.png\",\"contentUrl\":\"https:\/\/premiumspanishproducts.nl\/wp-content\/uploads\/2023\/09\/EXCELLTIA-NEGRO.png\",\"width\":474,\"height\":250,\"caption\":\"Premium Spanish Products\"},\"image\":{\"@id\":\"https:\/\/premiumspanishproducts.nl\/#\/schema\/logo\/image\/\"},\"sameAs\":[\"https:\/\/www.instagram.com\/premiumspanishproducts\/\"]}]}<\/script>\n<!-- \/ Yoast SEO plugin. -->","yoast_head_json":{"title":"politica de privacidad - Premium Spanish Products","robots":{"index":"index","follow":"follow","max-snippet":"max-snippet:-1","max-image-preview":"max-image-preview:large","max-video-preview":"max-video-preview:-1"},"canonical":"https:\/\/premiumspanishproducts.nl\/nl\/politica-de-privacidad\/","og_locale":"nl_NL","og_type":"article","og_title":"politica de privacidad - Premium Spanish Products","og_description":"1. QUI\u00c9NES SOMOS Excelltia es una empresa de reciente creaci\u00f3n que se especializa en la importaci\u00f3n de productos gastron\u00f3micos premium, elaborados en espa\u00f1a. - El propietario del sitio web es Premium Spanish Products B.V.- KVK (C\u00e1mara de Comercio): 91062209- BTW : NL865540160B01- Direcci\u00f3n de correo electr\u00f3nico de contacto: info@premiumspanishproducts.nl Es nuestra responsabilidad proteger su privacidad. [&hellip;]","og_url":"https:\/\/premiumspanishproducts.nl\/nl\/politica-de-privacidad\/","og_site_name":"Premium Spanish Products","article_modified_time":"2023-10-10T20:20:58+00:00","twitter_card":"summary_large_image","twitter_misc":{"Geschatte leestijd":"27 minuten"},"schema":{"@context":"https:\/\/schema.org","@graph":[{"@type":"WebPage","@id":"https:\/\/premiumspanishproducts.nl\/politica-de-privacidad\/","url":"https:\/\/premiumspanishproducts.nl\/politica-de-privacidad\/","name":"politica de privacidad - Premium Spanish Products","isPartOf":{"@id":"https:\/\/premiumspanishproducts.nl\/#website"},"datePublished":"2023-10-10T19:31:43+00:00","dateModified":"2023-10-10T20:20:58+00:00","breadcrumb":{"@id":"https:\/\/premiumspanishproducts.nl\/politica-de-privacidad\/#breadcrumb"},"inLanguage":"nl-NL","potentialAction":[{"@type":"ReadAction","target":["https:\/\/premiumspanishproducts.nl\/politica-de-privacidad\/"]}]},{"@type":"BreadcrumbList","@id":"https:\/\/premiumspanishproducts.nl\/politica-de-privacidad\/#breadcrumb","itemListElement":[{"@type":"ListItem","position":1,"name":"Portada","item":"https:\/\/premiumspanishproducts.nl\/"},{"@type":"ListItem","position":2,"name":"politica de privacidad"}]},{"@type":"WebSite","@id":"https:\/\/premiumspanishproducts.nl\/#website","url":"https:\/\/premiumspanishproducts.nl\/","name":"Premium Spanish Products","description":"The best and exclusive food products from Spain","publisher":{"@id":"https:\/\/premiumspanishproducts.nl\/#organization"},"potentialAction":[{"@type":"SearchAction","target":{"@type":"EntryPoint","urlTemplate":"https:\/\/premiumspanishproducts.nl\/?s={search_term_string}"},"query-input":{"@type":"PropertyValueSpecification","valueRequired":true,"valueName":"search_term_string"}}],"inLanguage":"nl-NL"},{"@type":"Organization","@id":"https:\/\/premiumspanishproducts.nl\/#organization","name":"Premium Spanish Products","url":"https:\/\/premiumspanishproducts.nl\/","logo":{"@type":"ImageObject","inLanguage":"nl-NL","@id":"https:\/\/premiumspanishproducts.nl\/#\/schema\/logo\/image\/","url":"https:\/\/premiumspanishproducts.nl\/wp-content\/uploads\/2023\/09\/EXCELLTIA-NEGRO.png","contentUrl":"https:\/\/premiumspanishproducts.nl\/wp-content\/uploads\/2023\/09\/EXCELLTIA-NEGRO.png","width":474,"height":250,"caption":"Premium Spanish Products"},"image":{"@id":"https:\/\/premiumspanishproducts.nl\/#\/schema\/logo\/image\/"},"sameAs":["https:\/\/www.instagram.com\/premiumspanishproducts\/"]}]}},"_links":{"self":[{"href":"https:\/\/premiumspanishproducts.nl\/nl\/wp-json\/wp\/v2\/pages\/30828","targetHints":{"allow":["GET"]}}],"collection":[{"href":"https:\/\/premiumspanishproducts.nl\/nl\/wp-json\/wp\/v2\/pages"}],"about":[{"href":"https:\/\/premiumspanishproducts.nl\/nl\/wp-json\/wp\/v2\/types\/page"}],"author":[{"embeddable":true,"href":"https:\/\/premiumspanishproducts.nl\/nl\/wp-json\/wp\/v2\/users\/1"}],"replies":[{"embeddable":true,"href":"https:\/\/premiumspanishproducts.nl\/nl\/wp-json\/wp\/v2\/comments?post=30828"}],"version-history":[{"count":9,"href":"https:\/\/premiumspanishproducts.nl\/nl\/wp-json\/wp\/v2\/pages\/30828\/revisions"}],"predecessor-version":[{"id":30844,"href":"https:\/\/premiumspanishproducts.nl\/nl\/wp-json\/wp\/v2\/pages\/30828\/revisions\/30844"}],"wp:attachment":[{"href":"https:\/\/premiumspanishproducts.nl\/nl\/wp-json\/wp\/v2\/media?parent=30828"}],"curies":[{"name":"wp","href":"https:\/\/api.w.org\/{rel}","templated":true}]}}