{"id":30868,"date":"2023-10-24T17:20:09","date_gmt":"2023-10-24T17:20:09","guid":{"rendered":"https:\/\/premiumspanishproducts.nl\/?page_id=30868"},"modified":"2024-11-20T21:16:30","modified_gmt":"2024-11-20T21:16:30","slug":"queso-don-crisanto","status":"publish","type":"page","link":"https:\/\/premiumspanishproducts.nl\/nl\/queso-don-crisanto\/","title":{"rendered":"Gerookte Kaas \u00abDon Crisanto\u00bb"},"content":{"rendered":"<p>[et_pb_section fb_built=\u00bb1&#8243; _builder_version=\u00bb4.21.2&#8243; _module_preset=\u00bbdefault\u00bb global_colors_info=\u00bb{}\u00bb][et_pb_row _builder_version=\u00bb4.23.1&#8243; _module_preset=\u00bbdefault\u00bb global_colors_info=\u00bb{}\u00bb][et_pb_column type=\u00bb4_4&#8243; _builder_version=\u00bb4.23.1&#8243; _module_preset=\u00bbdefault\u00bb global_colors_info=\u00bb{}\u00bb][dsm_gradient_text gradient_text=\u00bbQUESO SAN SIM\u00d3N DA COSTA %22DON CRISANTO%22&#8243; _builder_version=\u00bb4.23.1&#8243; _module_preset=\u00bbdefault\u00bb global_colors_info=\u00bb{}\u00bb][\/dsm_gradient_text][\/et_pb_column][\/et_pb_row][et_pb_row column_structure=\u00bb1_2,1_2&#8243; _builder_version=\u00bb4.21.2&#8243; _module_preset=\u00bbdefault\u00bb global_colors_info=\u00bb{}\u00bb][et_pb_column type=\u00bb1_2&#8243; _builder_version=\u00bb4.21.2&#8243; _module_preset=\u00bbdefault\u00bb global_colors_info=\u00bb{}\u00bb][et_pb_image src=\u00bbhttps:\/\/premiumspanishproducts.nl\/wp-content\/uploads\/2023\/09\/Don-Crisanto-world-cheese-awards.jpg\u00bb alt=\u00bbqueso-Don-Crisanto\u00bb title_text=\u00bbQueso Don Crisanto, medallla de Oro en el World Cheese Awards\u00bb _builder_version=\u00bb4.25.1&#8243; _module_preset=\u00bbdefault\u00bb hover_enabled=\u00bb0&#8243; global_colors_info=\u00bb{}\u00bb sticky_enabled=\u00bb0&#8243;][\/et_pb_image][\/et_pb_column][et_pb_column type=\u00bb1_2&#8243; _builder_version=\u00bb4.21.2&#8243; _module_preset=\u00bbdefault\u00bb global_colors_info=\u00bb{}\u00bb][et_pb_text _builder_version=\u00bb4.23.1&#8243; _module_preset=\u00bbdefault\u00bb custom_padding=\u00bb||0px|||\u00bb inline_fonts=\u00bbmontserrat-bold\u00bb global_colors_info=\u00bb{}\u00bb]<\/p>\n<h3><strong>Inleiding:<\/strong><\/h3>\n<p><span style=\"font-family: inherit;\"><\/span><\/p>\n<p><span style=\"font-family: inherit;\">Sum\u00e9rgete en la rica tradici\u00f3n artesanal de nuestra familia, elaborando quesos con pasi\u00f3n y experiencia desde 1990. Nuestro queso San Sim\u00f3n da Costa DOP es una expresi\u00f3n \u00fanica de la excelencia l\u00e1ctea, cuidadosamente elaborado con leche de nuestras propias vacas criadas en los exuberantes pastos de <a href=\"https:\/\/es.wikipedia.org\/wiki\/Comarca_de_Tierra_Llana\" target=\"_blank\" rel=\"noopener\">Terra Ch\u00e1<\/a> en Lugo. Este queso artesano se cura y ahuma con madera de abedul durante al menos 45 d\u00edas, lo que le confiere una textura semidura y cremosa, y un sabor suave y ligeramente ahumado que deleita a los paladares m\u00e1s exigentes.<\/span><\/p>\n<p>[\/et_pb_text][\/et_pb_column][\/et_pb_row][et_pb_row column_structure=\u00bb1_2,1_2&#8243; _builder_version=\u00bb4.21.2&#8243; _module_preset=\u00bbdefault\u00bb custom_padding=\u00bb||0px|||\u00bb global_colors_info=\u00bb{}\u00bb][et_pb_column type=\u00bb1_2&#8243; _builder_version=\u00bb4.21.2&#8243; _module_preset=\u00bbdefault\u00bb global_colors_info=\u00bb{}\u00bb][et_pb_text _builder_version=\u00bb4.23.1&#8243; _module_preset=\u00bbdefault\u00bb inline_fonts=\u00bbmontserrat-bold\u00bb global_colors_info=\u00bb{}\u00bb]<\/p>\n<h3><span style=\"font-family: inherit; font-weight: normal;\"><strong>Premios:<\/strong><\/span><\/h3>\n<p><span style=\"font-family: inherit;\"><strong><\/strong><\/span><\/p>\n<p><span style=\"font-family: inherit;\">Nuestra dedicaci\u00f3n y compromiso con la calidad han sido reconocidos a lo largo de los a\u00f1os en diversas competiciones:<\/span><\/p>\n<ul>\n<li>\n<p><span style=\"font-family: inherit;\"><strong>Cata de Galicia:<\/strong><\/span><\/p>\n<ul>\n<li><span style=\"font-family: inherit;\">ORO: 2000, 2001, 2003, 2004, 2005, 2008, 2009, 2011, 2013, 2015, 2018<\/span><\/li>\n<li><span style=\"font-family: inherit;\">PLATA: 2006, 2010, 2014, 2020<\/span><\/li>\n<li><span style=\"font-family: inherit;\">BRONCE: 1999, 2002, 2012, 2019<\/span><\/li>\n<\/ul>\n<\/li>\n<li>\n<p><span style=\"font-family: inherit;\"><strong>DOP Queso Tetilla Cata de Galicia:<\/strong><\/span><\/p>\n<ul>\n<li><span style=\"font-family: inherit;\">ORO: 2019<\/span><\/li>\n<li><span style=\"font-family: inherit;\">PLATA: 2021<\/span><\/li>\n<\/ul>\n<\/li>\n<li>\n<p><span style=\"font-family: inherit;\"><strong>Gourmet de Quesos &#8211; Quesos de Vaca:<\/strong><\/span><\/p>\n<ul>\n<li><span style=\"font-family: inherit;\">ORO: 2006<\/span><\/li>\n<\/ul>\n<\/li>\n<li>\n<p><span style=\"font-family: inherit;\"><strong>Mejores Quesos de Espa\u00f1a:<\/strong><\/span><\/p>\n<ul>\n<li><span style=\"font-family: inherit;\">A\u00d1OS: 2003, 2005, 2007, 2011, 2013, 2015, 2017<\/span><\/li>\n<\/ul>\n<\/li>\n<li>\n<p><span style=\"font-family: inherit;\"><strong>Junta de Castilla Le\u00f3n &#8211; Cincho Cheese Awards:<\/strong><\/span><\/p>\n<ul>\n<li><span style=\"font-family: inherit;\">CINCHO DE ORO: 2003, 2004, 2008, 2022<\/span><\/li>\n<li><span style=\"font-family: inherit;\">CINCHO DE PLATA: 2010, 2011<\/span><\/li>\n<\/ul>\n<\/li>\n<li>\n<p><span style=\"font-family: inherit;\"><strong>Concurso de Quesos Artesanos Lactium:<\/strong><\/span><\/p>\n<ul>\n<li><span style=\"font-family: inherit;\">ORO: 2010<\/span><\/li>\n<li><span style=\"font-family: inherit;\">PLATA: 2009<\/span><\/li>\n<\/ul>\n<\/li>\n<li>\n<p><span style=\"font-family: inherit;\"><strong>World Cheese Awards:<\/strong><\/span><\/p>\n<ul>\n<li><span style=\"font-family: inherit;\">ORO: 2022<\/span><\/li>\n<li><span style=\"font-family: inherit;\">PLATA: 2014<\/span><\/li>\n<li><span style=\"font-family: inherit;\">BRONCE: 2015, 2016<\/span><\/li>\n<\/ul>\n<\/li>\n<li>\n<p><span style=\"font-family: inherit;\"><strong>Concours International de Lyon:<\/strong><\/span><\/p>\n<ul>\n<li><span style=\"font-family: inherit;\">PLATA: 2022<\/span><\/li>\n<\/ul>\n<\/li>\n<\/ul>\n<p>[\/et_pb_text][\/et_pb_column][et_pb_column type=\u00bb1_2&#8243; _builder_version=\u00bb4.21.2&#8243; _module_preset=\u00bbdefault\u00bb global_colors_info=\u00bb{}\u00bb][et_pb_text _builder_version=\u00bb4.23.1&#8243; _module_preset=\u00bbdefault\u00bb custom_padding=\u00bb1px|||||\u00bb global_colors_info=\u00bb{}\u00bb]<\/p>\n<h3><span style=\"font-family: inherit;\"><strong>Proceso de elaboraci\u00f3n:<\/strong><\/span><\/h3>\n<ol>\n<li><span style=\"font-family: inherit;\"><strong>Selecci\u00f3n de Leche:<\/strong> Leche de alta calidad de nuestras vacas alimentadas en los pastos de Terra Ch\u00e1.<\/span><\/li>\n<li><span style=\"font-family: inherit;\"><strong>Cuarto de Maduraci\u00f3n:<\/strong> Proceso de maduraci\u00f3n en un ambiente controlado durante un m\u00ednimo de 45 d\u00edas para lograr la textura y el sabor distintivos.<\/span><\/li>\n<li><span style=\"font-family: inherit;\"><strong>Ahumado Tradicional:<\/strong> Ahumado con madera de abedul para realzar su perfil de sabor y aroma distintivos.<\/span><\/li>\n<\/ol>\n<p>[\/et_pb_text][et_pb_text _builder_version=\u00bb4.21.2&#8243; _module_preset=\u00bbdefault\u00bb inline_fonts=\u00bbmontserrat-regular\u00bb global_colors_info=\u00bb{}\u00bb]<\/p>\n<h3><span style=\"font-family: inherit;\"><strong>Notas de Cata:<\/strong><\/span><\/h3>\n<ul>\n<li><span style=\"font-family: inherit;\">En el corte, revela un interior ciego de color amarillo caoba con una textura moderadamente el\u00e1stica.<\/span><\/li>\n<li><span style=\"font-family: inherit;\">Su sabor es puro y refinado, con matices lechosos y una suavidad mantecosa en boca.<\/span><\/li>\n<li><span style=\"font-family: inherit;\">Los suaves aromas del ahumado con madera de abedul a\u00f1aden una complejidad fascinante a la experiencia degustativa.<\/span><\/li>\n<li><span style=\"font-family: inherit;\">Su corteza gruesa y \u00e1mbar encierra una pasta grasa y prieta de color amarillo claro, ofreciendo un contraste visual y sensorial \u00fanico.<\/span><\/li>\n<\/ul>\n<p>[\/et_pb_text][et_pb_text _builder_version=\u00bb4.23.1&#8243; _module_preset=\u00bbdefault\u00bb inline_fonts=\u00bbmontserrat-regular\u00bb global_colors_info=\u00bb{}\u00bb]<\/p>\n<h3><span style=\"font-family: inherit;\"><strong>Maridaje y Sugerencias:<\/strong><\/span><\/h3>\n<p><span style=\"font-family: inherit;\">Don Crisanto se complementa maravillosamente con un vino blanco como el godello, as\u00ed como con cerveza. Su versatilidad culinaria realza platos que van desde carnes y pescados hasta hamburguesas y ensaladas. Para una experiencia sensorial completa, se recomienda combinarlo con frutos secos como avellanas y nueces, as\u00ed como con la frescura de las manzanas.<\/span><\/p>\n<p>[\/et_pb_text][\/et_pb_column][\/et_pb_row][et_pb_row column_structure=\u00bb1_6,1_6,1_6,1_6,1_6,1_6&#8243; _builder_version=\u00bb4.21.2&#8243; _module_preset=\u00bbdefault\u00bb global_colors_info=\u00bb{}\u00bb][et_pb_column type=\u00bb1_6&#8243; _builder_version=\u00bb4.21.2&#8243; _module_preset=\u00bbdefault\u00bb global_colors_info=\u00bb{}\u00bb][dsm_button _builder_version=\u00bb4.21.2&#8243; _module_preset=\u00bbdefault\u00bb global_colors_info=\u00bb{}\u00bb][\/dsm_button][\/et_pb_column][et_pb_column type=\u00bb1_6&#8243; _builder_version=\u00bb4.21.2&#8243; _module_preset=\u00bbdefault\u00bb global_colors_info=\u00bb{}\u00bb][\/et_pb_column][et_pb_column type=\u00bb1_6&#8243; _builder_version=\u00bb4.21.2&#8243; _module_preset=\u00bbdefault\u00bb global_colors_info=\u00bb{}\u00bb][dsm_button button_one_text=\u00bbVolver\u00bb button_one_url=\u00bbhttps:\/\/premiumspanishproducts.nl\/nuestros-productos\/\u00bb button_one_lightbox_close_color=\u00bb#ff3232&#8243; button_alignment=\u00bbcenter\u00bb _builder_version=\u00bb4.21.2&#8243; _module_preset=\u00bbdefault\u00bb custom_button_one=\u00bbon\u00bb button_one_text_color=\u00bb#ff3232&#8243; global_colors_info=\u00bb{}\u00bb][\/dsm_button][\/et_pb_column][et_pb_column type=\u00bb1_6&#8243; _builder_version=\u00bb4.21.2&#8243; _module_preset=\u00bbdefault\u00bb global_colors_info=\u00bb{}\u00bb][dsm_button button_one_text=\u00bbSolicite informaci\u00f3n\u00bb button_one_url=\u00bbhttps:\/\/premiumspanishproducts.nl\/contacto\/\u00bb button_one_lightbox_close_color=\u00bb#ff3232&#8243; button_alignment=\u00bbcenter\u00bb _builder_version=\u00bb4.21.2&#8243; _module_preset=\u00bbdefault\u00bb custom_button_one=\u00bbon\u00bb button_one_text_color=\u00bb#ff3232&#8243; custom_margin=\u00bb|-129px||-49px||\u00bb global_colors_info=\u00bb{}\u00bb][\/dsm_button][\/et_pb_column][et_pb_column type=\u00bb1_6&#8243; _builder_version=\u00bb4.21.2&#8243; _module_preset=\u00bbdefault\u00bb global_colors_info=\u00bb{}\u00bb][\/et_pb_column][et_pb_column type=\u00bb1_6&#8243; _builder_version=\u00bb4.21.2&#8243; _module_preset=\u00bbdefault\u00bb global_colors_info=\u00bb{}\u00bb][\/et_pb_column][\/et_pb_row][\/et_pb_section]<\/p>","protected":false},"excerpt":{"rendered":"<p><div class=\"et_pb_module dsm_gradient_text dsm_gradient_text_0 et_animated  et_pb_text_align_center\">\n\t\t\t\t\n\t\t\t\t\n\t\t\t\t\n\t\t\t\t\n\t\t\t\t\n\t\t\t\t\n\t\t\t\t<div class=\"et_pb_module_inner\">\n\t\t\t\t\t<h1 class=\"dsm-gradient-text et_pb_module_header\">GEROOKTE KAAS \u00a8DON CRISANTO\u00a8<\/h1>\n\t\t\t\t<\/div>\n\t\t\t<\/div>Introducci\u00f3n: Sum\u00e9rgete en la rica tradici\u00f3n artesanal de nuestra familia, elaborando quesos con pasi\u00f3n y experiencia desde 1990. Nuestro queso San Sim\u00f3n da Costa DOP es una expresi\u00f3n \u00fanica de la excelencia l\u00e1ctea, cuidadosamente elaborado con leche de nuestras propias vacas criadas en los exuberantes [&hellip;]<\/p>","protected":false},"author":1,"featured_media":0,"parent":0,"menu_order":0,"comment_status":"closed","ping_status":"closed","template":"","meta":{"_et_pb_use_builder":"on","_et_pb_old_content":"","_et_gb_content_width":"","content-type":"","_exactmetrics_skip_tracking":false,"_exactmetrics_sitenote_active":false,"_exactmetrics_sitenote_note":"","_exactmetrics_sitenote_category":0,"two_page_speed":[],"footnotes":""},"class_list":["post-30868","page","type-page","status-publish","hentry"],"yoast_head":"<!-- This site is optimized with the Yoast SEO plugin v26.7 - https:\/\/yoast.com\/wordpress\/plugins\/seo\/ -->\n<title>Queso San Sim\u00f3n da Costa &quot;Don Crisanto&quot; - Premium Spanish Products<\/title>\n<meta name=\"description\" content=\"Descubre la exquisita herencia del queso San Sim\u00f3n da Costa de Don Crisanto, un tesoro culinario gallego ahumado con madera de abedul. Con su distintiva forma de bala de ca\u00f1\u00f3n y un sabor mantecoso con suaves matices ahumados, este queso galardonado refleja la tradici\u00f3n quesera arraigada en la regi\u00f3n de Terra Ch\u00e1 en Lugo, Galicia. Marida a la perfecci\u00f3n con vinos blancos y cervezas, y complementa una amplia variedad de platos, desde carnes y pescados hasta ensaladas y hamburguesas\" \/>\n<meta name=\"robots\" content=\"index, follow, max-snippet:-1, max-image-preview:large, max-video-preview:-1\" \/>\n<link rel=\"canonical\" href=\"https:\/\/premiumspanishproducts.nl\/nl\/queso-don-crisanto\/\" \/>\n<meta property=\"og:locale\" content=\"nl_NL\" \/>\n<meta property=\"og:type\" content=\"article\" \/>\n<meta property=\"og:title\" content=\"Queso San Sim\u00f3n da Costa &quot;Don Crisanto&quot; - Premium Spanish Products\" \/>\n<meta property=\"og:description\" content=\"Descubre la exquisita herencia del queso San Sim\u00f3n da Costa de Don Crisanto, un tesoro culinario gallego ahumado con madera de abedul. Con su distintiva forma de bala de ca\u00f1\u00f3n y un sabor mantecoso con suaves matices ahumados, este queso galardonado refleja la tradici\u00f3n quesera arraigada en la regi\u00f3n de Terra Ch\u00e1 en Lugo, Galicia. Marida a la perfecci\u00f3n con vinos blancos y cervezas, y complementa una amplia variedad de platos, desde carnes y pescados hasta ensaladas y hamburguesas\" \/>\n<meta property=\"og:url\" content=\"https:\/\/premiumspanishproducts.nl\/nl\/queso-don-crisanto\/\" \/>\n<meta property=\"og:site_name\" content=\"Premium Spanish Products\" \/>\n<meta property=\"article:modified_time\" content=\"2024-11-20T21:16:30+00:00\" \/>\n<meta name=\"twitter:card\" content=\"summary_large_image\" \/>\n<meta name=\"twitter:label1\" content=\"Geschatte leestijd\" \/>\n\t<meta name=\"twitter:data1\" content=\"3 minuten\" \/>\n<script type=\"application\/ld+json\" class=\"yoast-schema-graph\">{\"@context\":\"https:\/\/schema.org\",\"@graph\":[{\"@type\":\"WebPage\",\"@id\":\"https:\/\/premiumspanishproducts.nl\/queso-don-crisanto\/\",\"url\":\"https:\/\/premiumspanishproducts.nl\/queso-don-crisanto\/\",\"name\":\"Queso San Sim\u00f3n da Costa \\\"Don Crisanto\\\" - Premium Spanish Products\",\"isPartOf\":{\"@id\":\"https:\/\/premiumspanishproducts.nl\/#website\"},\"datePublished\":\"2023-10-24T17:20:09+00:00\",\"dateModified\":\"2024-11-20T21:16:30+00:00\",\"description\":\"Descubre la exquisita herencia del queso San Sim\u00f3n da Costa de Don Crisanto, un tesoro culinario gallego ahumado con madera de abedul. Con su distintiva forma de bala de ca\u00f1\u00f3n y un sabor mantecoso con suaves matices ahumados, este queso galardonado refleja la tradici\u00f3n quesera arraigada en la regi\u00f3n de Terra Ch\u00e1 en Lugo, Galicia. Marida a la perfecci\u00f3n con vinos blancos y cervezas, y complementa una amplia variedad de platos, desde carnes y pescados hasta ensaladas y hamburguesas\",\"breadcrumb\":{\"@id\":\"https:\/\/premiumspanishproducts.nl\/queso-don-crisanto\/#breadcrumb\"},\"inLanguage\":\"nl-NL\",\"potentialAction\":[{\"@type\":\"ReadAction\",\"target\":[\"https:\/\/premiumspanishproducts.nl\/queso-don-crisanto\/\"]}]},{\"@type\":\"BreadcrumbList\",\"@id\":\"https:\/\/premiumspanishproducts.nl\/queso-don-crisanto\/#breadcrumb\",\"itemListElement\":[{\"@type\":\"ListItem\",\"position\":1,\"name\":\"Portada\",\"item\":\"https:\/\/premiumspanishproducts.nl\/\"},{\"@type\":\"ListItem\",\"position\":2,\"name\":\"Queso San Sim\u00f3n da Costa \u00abDon Crisanto\u00bb\"}]},{\"@type\":\"WebSite\",\"@id\":\"https:\/\/premiumspanishproducts.nl\/#website\",\"url\":\"https:\/\/premiumspanishproducts.nl\/\",\"name\":\"Premium Spanish Products\",\"description\":\"The best and exclusive food products from Spain\",\"publisher\":{\"@id\":\"https:\/\/premiumspanishproducts.nl\/#organization\"},\"potentialAction\":[{\"@type\":\"SearchAction\",\"target\":{\"@type\":\"EntryPoint\",\"urlTemplate\":\"https:\/\/premiumspanishproducts.nl\/?s={search_term_string}\"},\"query-input\":{\"@type\":\"PropertyValueSpecification\",\"valueRequired\":true,\"valueName\":\"search_term_string\"}}],\"inLanguage\":\"nl-NL\"},{\"@type\":\"Organization\",\"@id\":\"https:\/\/premiumspanishproducts.nl\/#organization\",\"name\":\"Premium Spanish Products\",\"url\":\"https:\/\/premiumspanishproducts.nl\/\",\"logo\":{\"@type\":\"ImageObject\",\"inLanguage\":\"nl-NL\",\"@id\":\"https:\/\/premiumspanishproducts.nl\/#\/schema\/logo\/image\/\",\"url\":\"https:\/\/premiumspanishproducts.nl\/wp-content\/uploads\/2023\/09\/EXCELLTIA-NEGRO.png\",\"contentUrl\":\"https:\/\/premiumspanishproducts.nl\/wp-content\/uploads\/2023\/09\/EXCELLTIA-NEGRO.png\",\"width\":474,\"height\":250,\"caption\":\"Premium Spanish Products\"},\"image\":{\"@id\":\"https:\/\/premiumspanishproducts.nl\/#\/schema\/logo\/image\/\"},\"sameAs\":[\"https:\/\/www.instagram.com\/premiumspanishproducts\/\"]}]}<\/script>\n<!-- \/ Yoast SEO plugin. -->","yoast_head_json":{"title":"Queso San Sim\u00f3n da Costa \"Don Crisanto\" - Premium Spanish Products","description":"Descubre la exquisita herencia del queso San Sim\u00f3n da Costa de Don Crisanto, un tesoro culinario gallego ahumado con madera de abedul. Con su distintiva forma de bala de ca\u00f1\u00f3n y un sabor mantecoso con suaves matices ahumados, este queso galardonado refleja la tradici\u00f3n quesera arraigada en la regi\u00f3n de Terra Ch\u00e1 en Lugo, Galicia. Marida a la perfecci\u00f3n con vinos blancos y cervezas, y complementa una amplia variedad de platos, desde carnes y pescados hasta ensaladas y hamburguesas","robots":{"index":"index","follow":"follow","max-snippet":"max-snippet:-1","max-image-preview":"max-image-preview:large","max-video-preview":"max-video-preview:-1"},"canonical":"https:\/\/premiumspanishproducts.nl\/nl\/queso-don-crisanto\/","og_locale":"nl_NL","og_type":"article","og_title":"Queso San Sim\u00f3n da Costa \"Don Crisanto\" - Premium Spanish Products","og_description":"Descubre la exquisita herencia del queso San Sim\u00f3n da Costa de Don Crisanto, un tesoro culinario gallego ahumado con madera de abedul. Con su distintiva forma de bala de ca\u00f1\u00f3n y un sabor mantecoso con suaves matices ahumados, este queso galardonado refleja la tradici\u00f3n quesera arraigada en la regi\u00f3n de Terra Ch\u00e1 en Lugo, Galicia. Marida a la perfecci\u00f3n con vinos blancos y cervezas, y complementa una amplia variedad de platos, desde carnes y pescados hasta ensaladas y hamburguesas","og_url":"https:\/\/premiumspanishproducts.nl\/nl\/queso-don-crisanto\/","og_site_name":"Premium Spanish Products","article_modified_time":"2024-11-20T21:16:30+00:00","twitter_card":"summary_large_image","twitter_misc":{"Geschatte leestijd":"3 minuten"},"schema":{"@context":"https:\/\/schema.org","@graph":[{"@type":"WebPage","@id":"https:\/\/premiumspanishproducts.nl\/queso-don-crisanto\/","url":"https:\/\/premiumspanishproducts.nl\/queso-don-crisanto\/","name":"Queso San Sim\u00f3n da Costa \"Don Crisanto\" - Premium Spanish Products","isPartOf":{"@id":"https:\/\/premiumspanishproducts.nl\/#website"},"datePublished":"2023-10-24T17:20:09+00:00","dateModified":"2024-11-20T21:16:30+00:00","description":"Descubre la exquisita herencia del queso San Sim\u00f3n da Costa de Don Crisanto, un tesoro culinario gallego ahumado con madera de abedul. Con su distintiva forma de bala de ca\u00f1\u00f3n y un sabor mantecoso con suaves matices ahumados, este queso galardonado refleja la tradici\u00f3n quesera arraigada en la regi\u00f3n de Terra Ch\u00e1 en Lugo, Galicia. Marida a la perfecci\u00f3n con vinos blancos y cervezas, y complementa una amplia variedad de platos, desde carnes y pescados hasta ensaladas y hamburguesas","breadcrumb":{"@id":"https:\/\/premiumspanishproducts.nl\/queso-don-crisanto\/#breadcrumb"},"inLanguage":"nl-NL","potentialAction":[{"@type":"ReadAction","target":["https:\/\/premiumspanishproducts.nl\/queso-don-crisanto\/"]}]},{"@type":"BreadcrumbList","@id":"https:\/\/premiumspanishproducts.nl\/queso-don-crisanto\/#breadcrumb","itemListElement":[{"@type":"ListItem","position":1,"name":"Portada","item":"https:\/\/premiumspanishproducts.nl\/"},{"@type":"ListItem","position":2,"name":"Queso San Sim\u00f3n da Costa \u00abDon Crisanto\u00bb"}]},{"@type":"WebSite","@id":"https:\/\/premiumspanishproducts.nl\/#website","url":"https:\/\/premiumspanishproducts.nl\/","name":"Premium Spanish Products","description":"The best and exclusive food products from Spain","publisher":{"@id":"https:\/\/premiumspanishproducts.nl\/#organization"},"potentialAction":[{"@type":"SearchAction","target":{"@type":"EntryPoint","urlTemplate":"https:\/\/premiumspanishproducts.nl\/?s={search_term_string}"},"query-input":{"@type":"PropertyValueSpecification","valueRequired":true,"valueName":"search_term_string"}}],"inLanguage":"nl-NL"},{"@type":"Organization","@id":"https:\/\/premiumspanishproducts.nl\/#organization","name":"Premium Spanish Products","url":"https:\/\/premiumspanishproducts.nl\/","logo":{"@type":"ImageObject","inLanguage":"nl-NL","@id":"https:\/\/premiumspanishproducts.nl\/#\/schema\/logo\/image\/","url":"https:\/\/premiumspanishproducts.nl\/wp-content\/uploads\/2023\/09\/EXCELLTIA-NEGRO.png","contentUrl":"https:\/\/premiumspanishproducts.nl\/wp-content\/uploads\/2023\/09\/EXCELLTIA-NEGRO.png","width":474,"height":250,"caption":"Premium Spanish Products"},"image":{"@id":"https:\/\/premiumspanishproducts.nl\/#\/schema\/logo\/image\/"},"sameAs":["https:\/\/www.instagram.com\/premiumspanishproducts\/"]}]}},"_links":{"self":[{"href":"https:\/\/premiumspanishproducts.nl\/nl\/wp-json\/wp\/v2\/pages\/30868","targetHints":{"allow":["GET"]}}],"collection":[{"href":"https:\/\/premiumspanishproducts.nl\/nl\/wp-json\/wp\/v2\/pages"}],"about":[{"href":"https:\/\/premiumspanishproducts.nl\/nl\/wp-json\/wp\/v2\/types\/page"}],"author":[{"embeddable":true,"href":"https:\/\/premiumspanishproducts.nl\/nl\/wp-json\/wp\/v2\/users\/1"}],"replies":[{"embeddable":true,"href":"https:\/\/premiumspanishproducts.nl\/nl\/wp-json\/wp\/v2\/comments?post=30868"}],"version-history":[{"count":17,"href":"https:\/\/premiumspanishproducts.nl\/nl\/wp-json\/wp\/v2\/pages\/30868\/revisions"}],"predecessor-version":[{"id":31138,"href":"https:\/\/premiumspanishproducts.nl\/nl\/wp-json\/wp\/v2\/pages\/30868\/revisions\/31138"}],"wp:attachment":[{"href":"https:\/\/premiumspanishproducts.nl\/nl\/wp-json\/wp\/v2\/media?parent=30868"}],"curies":[{"name":"wp","href":"https:\/\/api.w.org\/{rel}","templated":true}]}}