{"id":30949,"date":"2023-11-06T12:38:46","date_gmt":"2023-11-06T12:38:46","guid":{"rendered":"https:\/\/premiumspanishproducts.nl\/?page_id=30949"},"modified":"2023-12-01T18:40:29","modified_gmt":"2023-12-01T18:40:29","slug":"bacalao-de-autor-el-barquero","status":"publish","type":"page","link":"https:\/\/premiumspanishproducts.nl\/nl\/bacalao-de-autor-el-barquero\/","title":{"rendered":"LUXE VIS \u00abEL BARQUERO\u00bb"},"content":{"rendered":"<p>[et_pb_section fb_built=\u00bb1&#8243; _builder_version=\u00bb4.21.2&#8243; _module_preset=\u00bbdefault\u00bb global_colors_info=\u00bb{}\u00bb][et_pb_row _builder_version=\u00bb4.23.1&#8243; _module_preset=\u00bbdefault\u00bb global_colors_info=\u00bb{}\u00bb][et_pb_column type=\u00bb4_4&#8243; _builder_version=\u00bb4.23.1&#8243; _module_preset=\u00bbdefault\u00bb global_colors_info=\u00bb{}\u00bb][dsm_gradient_text gradient_text=\u00bb BACALAO DE AUTOR %22EL BARQUERO%22&#8243; _builder_version=\u00bb4.23.1&#8243; _module_preset=\u00bbdefault\u00bb global_colors_info=\u00bb{}\u00bb hover_enabled=\u00bb0&#8243; sticky_enabled=\u00bb0&#8243;][\/dsm_gradient_text][\/et_pb_column][\/et_pb_row][et_pb_row _builder_version=\u00bb4.21.2&#8243; _module_preset=\u00bbdefault\u00bb global_colors_info=\u00bb{}\u00bb][et_pb_column type=\u00bb4_4&#8243; _builder_version=\u00bb4.21.2&#8243; _module_preset=\u00bbdefault\u00bb global_colors_info=\u00bb{}\u00bb][et_pb_code _builder_version=\u00bb4.21.2&#8243; _module_preset=\u00bbdefault\u00bb global_colors_info=\u00bb{}\u00bb]<\/p>\n<div class=\"translation-block\"> <!-- [et_pb_line_break_holder] -->  <\/p>\n<div><!-- [et_pb_line_break_holder] -->  \t<iframe loading=\"lazy\" width=\"560\" height=\"315\" src=\"https:\/\/www.youtube.com\/embed\/ldTZkVLLY0c?hl=es&#038;cc_lang_pref=es&#038;cc_load_policy=1\" title=\"YouTube video player\" frameborder=\"0\" allow=\"accelerometer; autoplay; clipboard-write; encrypted-media; gyroscope; picture-in-picture; web-share\" allowfullscreen><\/iframe><!-- [et_pb_line_break_holder] -->  <\/div>\n<p>  <!-- [et_pb_line_break_holder] --><\/div>\n<p><!-- [et_pb_line_break_holder] -->  [\/et_pb_code][et_pb_text _builder_version=\u00bb4.21.2&#8243; _module_preset=\u00bbdefault\u00bb custom_margin=\u00bb-11px|||||\u00bb inline_fonts=\u00bbMontserrat\u00bb global_colors_info=\u00bb{}\u00bb]<\/p>\n<h2 style=\"text-align: center;\"><strong><span style=\"font-family: Montserrat;\">Ambassadeurs van Luxe Vis<\/span><\/strong><\/h2>\n<p style=\"text-align: center;\"><span style=\"font-family: Montserrat;\">De broers Torres, vanuit hun met 3 Michelin-sterren bekroonde restaurant 'Cocina Hermanos Torres' in Barcelona, leggen de onderscheidende waarden uit van de AUTEURS Kabeljauw van El Barquero Gourmet Selectie en introduceren het gerecht dat deel uitmaakt van hun proeverijmenu.<\/span><\/p>\n<p>[\/et_pb_text][\/et_pb_column][\/et_pb_row][et_pb_row column_structure=\u00bb1_2,1_2&#8243; _builder_version=\u00bb4.21.2&#8243; _module_preset=\u00bbdefault\u00bb global_colors_info=\u00bb{}\u00bb][et_pb_column type=\u00bb1_2&#8243; _builder_version=\u00bb4.21.2&#8243; _module_preset=\u00bbdefault\u00bb global_colors_info=\u00bb{}\u00bb][et_pb_text _builder_version=\u00bb4.21.2&#8243; _module_preset=\u00bbdefault\u00bb custom_padding=\u00bb4px||0px|||\u00bb inline_fonts=\u00bbMontserrat\u00bb global_colors_info=\u00bb{}\u00bb]<\/p>\n<h3><span style=\"font-family: Montserrat; font-weight: normal;\"><strong>Inleiding:<\/strong><\/span><\/h3>\n<p><span style=\"font-family: Montserrat;\">Bacalaos El Barquero is trots om haar uitstekende product, de 'Handtekening Kabeljauw', te presenteren. Het resultaat van een nauwgezet en uniek productieproces op de markt, valt deze kabeljauw op door zijn uitzonderlijke versheid en uitstekende organoleptische eigenschappen.<\/span><\/p>\n<p>[\/et_pb_text][et_pb_text _builder_version=\u00bb4.21.2&#8243; _module_preset=\u00bbdefault\u00bb inline_fonts=\u00bbMontserrat\u00bb global_colors_info=\u00bb{}\u00bb]<\/p>\n<h3><span style=\"font-family: Montserrat;\"><strong>Productomschrijving<\/strong><\/span><\/h3>\n<p><span style=\"font-family: Montserrat;\">De 'Luxe vis' van Bacalaos El Barquero is het resultaat van een nauwgezet visproces met \u00e9\u00e9n voor \u00e9\u00e9n haak en lijn, gevolgd door een nauwkeurige rijping die de smaak en textuur verbetert. Het invriezen aan boord zorgt voor versheid en veiligheid, terwijl gecontroleerd zouten en nauwkeurige ontzilting zorgen voor het perfecte zoutgehalte en een onge\u00ebvenaarde gastronomische ervaring.<\/span><\/p>\n<p>[\/et_pb_text][\/et_pb_column][et_pb_column type=\u00bb1_2&#8243; _builder_version=\u00bb4.21.2&#8243; _module_preset=\u00bbdefault\u00bb global_colors_info=\u00bb{}\u00bb][et_pb_image src=\u00bbhttps:\/\/premiumspanishproducts.nl\/wp-content\/uploads\/2023\/09\/lomo-bacalao-autor.jpg\u00bb alt=\u00bbreceta-bacalao-de-autor\u00bb title_text=\u00bbBacalao de autor\u00bb _builder_version=\u00bb4.21.2&#8243; _module_preset=\u00bbdefault\u00bb global_colors_info=\u00bb{}\u00bb][\/et_pb_image][\/et_pb_column][\/et_pb_row][et_pb_row column_structure=\u00bb1_2,1_2&#8243; _builder_version=\u00bb4.21.2&#8243; _module_preset=\u00bbdefault\u00bb global_colors_info=\u00bb{}\u00bb][et_pb_column type=\u00bb1_2&#8243; _builder_version=\u00bb4.21.2&#8243; _module_preset=\u00bbdefault\u00bb global_colors_info=\u00bb{}\u00bb][et_pb_image src=\u00bbhttps:\/\/premiumspanishproducts.nl\/wp-content\/uploads\/2023\/09\/Lomo-333g.jpg\u00bb alt=\u00bbreceta-bacalao-de-autor\u00bb title_text=\u00bbLomo 333g\u00bb _builder_version=\u00bb4.21.2&#8243; _module_preset=\u00bbdefault\u00bb global_colors_info=\u00bb{}\u00bb][\/et_pb_image][\/et_pb_column][et_pb_column type=\u00bb1_2&#8243; _builder_version=\u00bb4.21.2&#8243; _module_preset=\u00bbdefault\u00bb global_colors_info=\u00bb{}\u00bb][et_pb_text _builder_version=\u00bb4.21.2&#8243; _module_preset=\u00bbdefault\u00bb inline_fonts=\u00bbMontserrat\u00bb global_colors_info=\u00bb{}\u00bb]<\/p>\n<h3><span style=\"font-family: Montserrat;\"><strong>Onderscheidende Waarden van de luxe vis<\/strong><\/span><\/h3>\n<ul>\n<li><span style=\"font-family: Montserrat;\">Smaakt altijd hetzelfde.<\/span><\/li>\n<li><span style=\"font-family: Montserrat;\">Perfect ontzout<\/span><\/li>\n<li><span style=\"font-family: Montserrat;\">30 dagen houdbaar<\/span><\/li>\n<li><span style=\"font-family: Montserrat;\">Verpakt onder beschermende atmosfeer<\/span><\/li>\n<li><span style=\"font-family: Montserrat;\">Klaar om te koken<\/span><\/li>\n<li><span style=\"font-family: Montserrat;\">Gecontroleerde kosten<\/span><\/li>\n<li><span style=\"font-family: Montserrat;\">Garantie van organoleptische stabiliteit van het product<\/span><\/li>\n<li><span style=\"font-family: Montserrat;\">Absolute flexibiliteit in beschikbaarheid en optimalisatie van tijd<\/span><\/li>\n<li><span style=\"font-family: Montserrat;\">Minimale kans op verlies door bederf<\/span><\/li>\n<li><span style=\"font-family: Montserrat;\">Langdurige conservering zonder chemische toevoegingen of stabilisatoren<\/span><\/li>\n<li><span style=\"font-family: Montserrat;\">Uniformiteit in ontzouting over het hele stuk<\/span><\/li>\n<\/ul>\n<p>[\/et_pb_text][\/et_pb_column][\/et_pb_row][et_pb_row column_structure=\u00bb1_2,1_2&#8243; _builder_version=\u00bb4.21.2&#8243; _module_preset=\u00bbdefault\u00bb custom_margin=\u00bb|auto|-12px|auto||\u00bb global_colors_info=\u00bb{}\u00bb][et_pb_column type=\u00bb1_2&#8243; _builder_version=\u00bb4.21.2&#8243; _module_preset=\u00bbdefault\u00bb global_colors_info=\u00bb{}\u00bb][et_pb_text _builder_version=\u00bb4.21.2&#8243; _module_preset=\u00bbdefault\u00bb custom_padding=\u00bb||0px|||\u00bb inline_fonts=\u00bbMontserrat\u00bb global_colors_info=\u00bb{}\u00bb]<\/p>\n<h3><span style=\"font-family: Montserrat;\"><strong>Proefnotities<\/strong><\/span><\/h3>\n<p><span style=\"font-family: Montserrat;\">Deze uitmuntende 'Luxe vis' verwent het gehemelte met een zachte en romige textuur die perfect samengaat met een delicate en elegante smaak. Zijn stevige, witte en glanzende vlees weerspiegelt het zorgvuldige productieproces, terwijl zijn perfecte zoutbalans opvalt bij elke hap. Met zijn subtiele aroma en collageen aanwezigheid na het koken, garandeert de 'Luxe vis' van Bacalaos El Barquero een uitzonderlijke en memorabele culinaire ervaring.<\/span><\/p>\n<p>[\/et_pb_text][\/et_pb_column][et_pb_column type=\u00bb1_2&#8243; _builder_version=\u00bb4.21.2&#8243; _module_preset=\u00bbdefault\u00bb global_colors_info=\u00bb{}\u00bb][et_pb_text _builder_version=\u00bb4.21.2&#8243; _module_preset=\u00bbdefault\u00bb text_font=\u00bbMontserrat||||||||\u00bb inline_fonts=\u00bbMontserrat\u00bb global_colors_info=\u00bb{}\u00bb]<\/p>\n<h1><span style=\"font-family: Montserrat;\">Voedingswaarden<\/span><\/h1>\n<table style=\"width: 100%; border-collapse: collapse; overflow: hidden; border-radius: 10px; border-style: hidden;\">\n<tbody>\n<tr style=\"background-color: #f2f2f2;\">\n<th style=\"text-align: left; padding: 8px 20px; border-right: 1px solid #dddddd;\"><strong><span style=\"font-family: Montserrat;\">Inhoud per 100g<\/span><\/strong><\/th>\n<th style=\"text-align: left; padding: 8px 20px;\"><strong><span style=\"font-family: Montserrat;\">Hoeveelheid<\/span><\/strong><\/th>\n<\/tr>\n<tr style=\"background-color: #f9f9f9;\">\n<td style=\"text-align: left; padding: 8px; border-right: 1px solid #dddddd;\"><span style=\"font-family: Montserrat;\">Energie waarde (kJ)<\/span><\/td>\n<td style=\"text-align: left; padding: 8px;\"><span style=\"font-family: Montserrat; font-weight: normal;\">873<\/span><\/td>\n<\/tr>\n<tr style=\"background-color: #f2f2f2;\">\n<td style=\"text-align: left; padding: 8px; border-right: 1px solid #dddddd;\"><span style=\"font-family: Montserrat; font-weight: normal;\">Energie waarde (kcal)<\/span><\/td>\n<td style=\"text-align: left; padding: 8px;\"><span style=\"font-family: Montserrat; font-weight: normal;\">88<\/span><\/td>\n<\/tr>\n<tr style=\"background-color: #f9f9f9;\">\n<td style=\"text-align: left; padding: 8px; border-right: 1px solid #dddddd;\"><span style=\"font-family: Montserrat;\">Vetten (g)<\/span><\/td>\n<td style=\"text-align: left; padding: 8px;\"><span style=\"font-family: Montserrat; font-weight: normal;\">0,90<\/span><\/td>\n<\/tr>\n<tr style=\"background-color: #f2f2f2;\">\n<td style=\"text-align: left; padding: 8px; border-right: 1px solid #dddddd;\"><span style=\"font-family: Montserrat;\">Verzadigde vetzuren (g)<\/span><\/td>\n<td style=\"text-align: left; padding: 8px;\"><span style=\"font-family: Montserrat; font-weight: normal;\">0<\/span><\/td>\n<\/tr>\n<tr style=\"background-color: #f9f9f9;\">\n<td style=\"text-align: left; padding: 8px; border-right: 1px solid #dddddd;\"><span style=\"font-family: Montserrat; font-weight: normal;\">Koolhydraten (g)<\/span><\/td>\n<td style=\"text-align: left; padding: 8px;\"><span style=\"font-family: Montserrat; font-weight: normal;\">0<\/span><\/td>\n<\/tr>\n<tr style=\"background-color: #f2f2f2;\">\n<td style=\"text-align: left; padding: 8px; border-right: 1px solid #dddddd;\"><span style=\"font-family: Montserrat;\">Suikers (g)<\/span><\/td>\n<td style=\"text-align: left; padding: 8px;\"><span style=\"font-family: Montserrat; font-weight: normal;\">0<\/span><\/td>\n<\/tr>\n<tr style=\"background-color: #f9f9f9;\">\n<td style=\"text-align: left; padding: 8px; border-right: 1px solid #dddddd;\"><span style=\"font-family: Montserrat; font-weight: normal;\">Eiwitten (g)<\/span><\/td>\n<td style=\"text-align: left; padding: 8px;\"><span style=\"font-family: Montserrat; font-weight: normal;\">20<\/span><\/td>\n<\/tr>\n<tr style=\"background-color: #f2f2f2;\">\n<td style=\"text-align: left; padding: 8px; border-right: 1px solid #dddddd;\"><span style=\"font-family: Montserrat;\">Zout (g)<\/span><\/td>\n<td style=\"text-align: left; padding: 8px;\"><span style=\"font-family: Montserrat; font-weight: normal;\">22,7<\/span><\/td>\n<\/tr>\n<\/tbody>\n<\/table>\n<p>[\/et_pb_text][\/et_pb_column][\/et_pb_row][et_pb_row column_structure=\u00bb1_6,1_6,1_6,1_6,1_6,1_6&#8243; _builder_version=\u00bb4.21.2&#8243; _module_preset=\u00bbdefault\u00bb custom_padding=\u00bb5px|||||\u00bb global_colors_info=\u00bb{}\u00bb][et_pb_column type=\u00bb1_6&#8243; _builder_version=\u00bb4.21.2&#8243; _module_preset=\u00bbdefault\u00bb global_colors_info=\u00bb{}\u00bb][dsm_button _builder_version=\u00bb4.21.2&#8243; _module_preset=\u00bbdefault\u00bb global_colors_info=\u00bb{}\u00bb][\/dsm_button][\/et_pb_column][et_pb_column type=\u00bb1_6&#8243; _builder_version=\u00bb4.21.2&#8243; _module_preset=\u00bbdefault\u00bb global_colors_info=\u00bb{}\u00bb][\/et_pb_column][et_pb_column type=\u00bb1_6&#8243; _builder_version=\u00bb4.21.2&#8243; _module_preset=\u00bbdefault\u00bb global_colors_info=\u00bb{}\u00bb][dsm_button button_one_text=\u00bbVolver\u00bb button_one_url=\u00bbhttps:\/\/premiumspanishproducts.nl\/nuestros-productos\/\u00bb button_one_lightbox_close_color=\u00bb#ff3232&#8243; button_alignment=\u00bbcenter\u00bb _builder_version=\u00bb4.21.2&#8243; _module_preset=\u00bbdefault\u00bb tooltip_one_font=\u00bbMontserrat||||||||\u00bb custom_button_one=\u00bbon\u00bb button_one_text_color=\u00bb#ff3232&#8243; button_one_font=\u00bbMontserrat||||||||\u00bb custom_button_two=\u00bbon\u00bb button_two_font=\u00bbMontserrat||||||||\u00bb global_colors_info=\u00bb{}\u00bb][\/dsm_button][\/et_pb_column][et_pb_column type=\u00bb1_6&#8243; _builder_version=\u00bb4.21.2&#8243; _module_preset=\u00bbdefault\u00bb global_colors_info=\u00bb{}\u00bb][dsm_button button_one_text=\u00bbSolicite informaci\u00f3n\u00bb button_one_url=\u00bbhttps:\/\/premiumspanishproducts.nl\/contacto\/\u00bb button_one_lightbox_close_color=\u00bb#ff3232&#8243; button_alignment=\u00bbcenter\u00bb _builder_version=\u00bb4.21.2&#8243; _module_preset=\u00bbdefault\u00bb tooltip_one_font=\u00bbMontserrat||||||||\u00bb custom_button_one=\u00bbon\u00bb button_one_text_color=\u00bb#ff3232&#8243; button_one_font=\u00bbMontserrat||||||||\u00bb custom_button_two=\u00bbon\u00bb button_two_font=\u00bbMontserrat||||||||\u00bb custom_margin=\u00bb|-129px||-49px||\u00bb global_colors_info=\u00bb{}\u00bb][\/dsm_button][\/et_pb_column][et_pb_column type=\u00bb1_6&#8243; _builder_version=\u00bb4.21.2&#8243; _module_preset=\u00bbdefault\u00bb global_colors_info=\u00bb{}\u00bb][\/et_pb_column][et_pb_column type=\u00bb1_6&#8243; _builder_version=\u00bb4.21.2&#8243; _module_preset=\u00bbdefault\u00bb global_colors_info=\u00bb{}\u00bb][\/et_pb_column][\/et_pb_row][\/et_pb_section]<\/p>","protected":false},"excerpt":{"rendered":"<p><div class=\"et_pb_module dsm_gradient_text dsm_gradient_text_0 et_animated  et_pb_text_align_center\">\n\t\t\t\t\n\t\t\t\t\n\t\t\t\t\n\t\t\t\t\n\t\t\t\t\n\t\t\t\t\n\t\t\t\t<div class=\"et_pb_module_inner\">\n\t\t\t\t\t<h1 class=\"dsm-gradient-text et_pb_module_header\"> LUXE VIS \"EL BARQUERO\"<\/h1>\n\t\t\t\t<\/div>\n\t\t\t<\/div>Embajadores de Bacalao de Autor Los hermanos Torres, desde su restaurante con 3 estrellas*** Michelin, en Barcelona \u00abCocina Hermanos Torres\u00bb, te explican los valores diferenciales del bacalao DE AUTOR El Barquero Gourmet Selecci\u00f3n y nos presentan el plato que forma parte de su men\u00fa [&hellip;]<\/p>","protected":false},"author":1,"featured_media":0,"parent":0,"menu_order":0,"comment_status":"closed","ping_status":"closed","template":"","meta":{"_et_pb_use_builder":"on","_et_pb_old_content":"","_et_gb_content_width":"","content-type":"","_exactmetrics_skip_tracking":false,"_exactmetrics_sitenote_active":false,"_exactmetrics_sitenote_note":"","_exactmetrics_sitenote_category":0,"two_page_speed":[],"footnotes":""},"class_list":["post-30949","page","type-page","status-publish","hentry"],"yoast_head":"<!-- This site is optimized with the Yoast SEO plugin v26.7 - https:\/\/yoast.com\/wordpress\/plugins\/seo\/ -->\n<title>BACALAO DE AUTOR &quot;EL BARQUERO&quot; - Premium Spanish Products<\/title>\n<meta name=\"robots\" content=\"index, follow, max-snippet:-1, max-image-preview:large, max-video-preview:-1\" \/>\n<link rel=\"canonical\" href=\"https:\/\/premiumspanishproducts.nl\/nl\/bacalao-de-autor-el-barquero\/\" \/>\n<meta property=\"og:locale\" content=\"nl_NL\" \/>\n<meta property=\"og:type\" content=\"article\" \/>\n<meta property=\"og:title\" content=\"BACALAO DE AUTOR &quot;EL BARQUERO&quot; - Premium Spanish Products\" \/>\n<meta property=\"og:description\" content=\"Embajadores de Bacalao de Autor Los hermanos Torres, desde su restaurante con 3 estrellas*** Michelin, en Barcelona &quot;Cocina Hermanos Torres&quot;, te explican los valores diferenciales del bacalao DE AUTOR El Barquero Gourmet Selecci\u00f3n y nos presentan el plato que forma parte de su men\u00fa [&hellip;]\" \/>\n<meta property=\"og:url\" content=\"https:\/\/premiumspanishproducts.nl\/nl\/bacalao-de-autor-el-barquero\/\" \/>\n<meta property=\"og:site_name\" content=\"Premium Spanish Products\" \/>\n<meta property=\"article:modified_time\" content=\"2023-12-01T18:40:29+00:00\" \/>\n<meta name=\"twitter:card\" content=\"summary_large_image\" \/>\n<script type=\"application\/ld+json\" class=\"yoast-schema-graph\">{\"@context\":\"https:\/\/schema.org\",\"@graph\":[{\"@type\":\"WebPage\",\"@id\":\"https:\/\/premiumspanishproducts.nl\/bacalao-de-autor-el-barquero\/\",\"url\":\"https:\/\/premiumspanishproducts.nl\/bacalao-de-autor-el-barquero\/\",\"name\":\"BACALAO DE AUTOR \\\"EL BARQUERO\\\" - Premium Spanish Products\",\"isPartOf\":{\"@id\":\"https:\/\/premiumspanishproducts.nl\/#website\"},\"datePublished\":\"2023-11-06T12:38:46+00:00\",\"dateModified\":\"2023-12-01T18:40:29+00:00\",\"breadcrumb\":{\"@id\":\"https:\/\/premiumspanishproducts.nl\/bacalao-de-autor-el-barquero\/#breadcrumb\"},\"inLanguage\":\"nl-NL\",\"potentialAction\":[{\"@type\":\"ReadAction\",\"target\":[\"https:\/\/premiumspanishproducts.nl\/bacalao-de-autor-el-barquero\/\"]}]},{\"@type\":\"BreadcrumbList\",\"@id\":\"https:\/\/premiumspanishproducts.nl\/bacalao-de-autor-el-barquero\/#breadcrumb\",\"itemListElement\":[{\"@type\":\"ListItem\",\"position\":1,\"name\":\"Portada\",\"item\":\"https:\/\/premiumspanishproducts.nl\/\"},{\"@type\":\"ListItem\",\"position\":2,\"name\":\"BACALAO DE AUTOR \u00abEL BARQUERO\u00bb\"}]},{\"@type\":\"WebSite\",\"@id\":\"https:\/\/premiumspanishproducts.nl\/#website\",\"url\":\"https:\/\/premiumspanishproducts.nl\/\",\"name\":\"Premium Spanish Products\",\"description\":\"The best and exclusive food products from Spain\",\"publisher\":{\"@id\":\"https:\/\/premiumspanishproducts.nl\/#organization\"},\"potentialAction\":[{\"@type\":\"SearchAction\",\"target\":{\"@type\":\"EntryPoint\",\"urlTemplate\":\"https:\/\/premiumspanishproducts.nl\/?s={search_term_string}\"},\"query-input\":{\"@type\":\"PropertyValueSpecification\",\"valueRequired\":true,\"valueName\":\"search_term_string\"}}],\"inLanguage\":\"nl-NL\"},{\"@type\":\"Organization\",\"@id\":\"https:\/\/premiumspanishproducts.nl\/#organization\",\"name\":\"Premium Spanish Products\",\"url\":\"https:\/\/premiumspanishproducts.nl\/\",\"logo\":{\"@type\":\"ImageObject\",\"inLanguage\":\"nl-NL\",\"@id\":\"https:\/\/premiumspanishproducts.nl\/#\/schema\/logo\/image\/\",\"url\":\"https:\/\/premiumspanishproducts.nl\/wp-content\/uploads\/2023\/09\/EXCELLTIA-NEGRO.png\",\"contentUrl\":\"https:\/\/premiumspanishproducts.nl\/wp-content\/uploads\/2023\/09\/EXCELLTIA-NEGRO.png\",\"width\":474,\"height\":250,\"caption\":\"Premium Spanish Products\"},\"image\":{\"@id\":\"https:\/\/premiumspanishproducts.nl\/#\/schema\/logo\/image\/\"},\"sameAs\":[\"https:\/\/www.instagram.com\/premiumspanishproducts\/\"]}]}<\/script>\n<!-- \/ Yoast SEO plugin. -->","yoast_head_json":{"title":"BACALAO DE AUTOR \"EL BARQUERO\" - Premium Spanish Products","robots":{"index":"index","follow":"follow","max-snippet":"max-snippet:-1","max-image-preview":"max-image-preview:large","max-video-preview":"max-video-preview:-1"},"canonical":"https:\/\/premiumspanishproducts.nl\/nl\/bacalao-de-autor-el-barquero\/","og_locale":"nl_NL","og_type":"article","og_title":"BACALAO DE AUTOR \"EL BARQUERO\" - Premium Spanish Products","og_description":"Embajadores de Bacalao de Autor Los hermanos Torres, desde su restaurante con 3 estrellas*** Michelin, en Barcelona \"Cocina Hermanos Torres\", te explican los valores diferenciales del bacalao DE AUTOR El Barquero Gourmet Selecci\u00f3n y nos presentan el plato que forma parte de su men\u00fa [&hellip;]","og_url":"https:\/\/premiumspanishproducts.nl\/nl\/bacalao-de-autor-el-barquero\/","og_site_name":"Premium Spanish Products","article_modified_time":"2023-12-01T18:40:29+00:00","twitter_card":"summary_large_image","schema":{"@context":"https:\/\/schema.org","@graph":[{"@type":"WebPage","@id":"https:\/\/premiumspanishproducts.nl\/bacalao-de-autor-el-barquero\/","url":"https:\/\/premiumspanishproducts.nl\/bacalao-de-autor-el-barquero\/","name":"BACALAO DE AUTOR \"EL BARQUERO\" - Premium Spanish Products","isPartOf":{"@id":"https:\/\/premiumspanishproducts.nl\/#website"},"datePublished":"2023-11-06T12:38:46+00:00","dateModified":"2023-12-01T18:40:29+00:00","breadcrumb":{"@id":"https:\/\/premiumspanishproducts.nl\/bacalao-de-autor-el-barquero\/#breadcrumb"},"inLanguage":"nl-NL","potentialAction":[{"@type":"ReadAction","target":["https:\/\/premiumspanishproducts.nl\/bacalao-de-autor-el-barquero\/"]}]},{"@type":"BreadcrumbList","@id":"https:\/\/premiumspanishproducts.nl\/bacalao-de-autor-el-barquero\/#breadcrumb","itemListElement":[{"@type":"ListItem","position":1,"name":"Portada","item":"https:\/\/premiumspanishproducts.nl\/"},{"@type":"ListItem","position":2,"name":"BACALAO DE AUTOR \u00abEL BARQUERO\u00bb"}]},{"@type":"WebSite","@id":"https:\/\/premiumspanishproducts.nl\/#website","url":"https:\/\/premiumspanishproducts.nl\/","name":"Premium Spanish Products","description":"The best and exclusive food products from Spain","publisher":{"@id":"https:\/\/premiumspanishproducts.nl\/#organization"},"potentialAction":[{"@type":"SearchAction","target":{"@type":"EntryPoint","urlTemplate":"https:\/\/premiumspanishproducts.nl\/?s={search_term_string}"},"query-input":{"@type":"PropertyValueSpecification","valueRequired":true,"valueName":"search_term_string"}}],"inLanguage":"nl-NL"},{"@type":"Organization","@id":"https:\/\/premiumspanishproducts.nl\/#organization","name":"Premium Spanish Products","url":"https:\/\/premiumspanishproducts.nl\/","logo":{"@type":"ImageObject","inLanguage":"nl-NL","@id":"https:\/\/premiumspanishproducts.nl\/#\/schema\/logo\/image\/","url":"https:\/\/premiumspanishproducts.nl\/wp-content\/uploads\/2023\/09\/EXCELLTIA-NEGRO.png","contentUrl":"https:\/\/premiumspanishproducts.nl\/wp-content\/uploads\/2023\/09\/EXCELLTIA-NEGRO.png","width":474,"height":250,"caption":"Premium Spanish Products"},"image":{"@id":"https:\/\/premiumspanishproducts.nl\/#\/schema\/logo\/image\/"},"sameAs":["https:\/\/www.instagram.com\/premiumspanishproducts\/"]}]}},"_links":{"self":[{"href":"https:\/\/premiumspanishproducts.nl\/nl\/wp-json\/wp\/v2\/pages\/30949","targetHints":{"allow":["GET"]}}],"collection":[{"href":"https:\/\/premiumspanishproducts.nl\/nl\/wp-json\/wp\/v2\/pages"}],"about":[{"href":"https:\/\/premiumspanishproducts.nl\/nl\/wp-json\/wp\/v2\/types\/page"}],"author":[{"embeddable":true,"href":"https:\/\/premiumspanishproducts.nl\/nl\/wp-json\/wp\/v2\/users\/1"}],"replies":[{"embeddable":true,"href":"https:\/\/premiumspanishproducts.nl\/nl\/wp-json\/wp\/v2\/comments?post=30949"}],"version-history":[{"count":20,"href":"https:\/\/premiumspanishproducts.nl\/nl\/wp-json\/wp\/v2\/pages\/30949\/revisions"}],"predecessor-version":[{"id":31046,"href":"https:\/\/premiumspanishproducts.nl\/nl\/wp-json\/wp\/v2\/pages\/30949\/revisions\/31046"}],"wp:attachment":[{"href":"https:\/\/premiumspanishproducts.nl\/nl\/wp-json\/wp\/v2\/media?parent=30949"}],"curies":[{"name":"wp","href":"https:\/\/api.w.org\/{rel}","templated":true}]}}