{"id":31099,"date":"2024-05-14T16:47:07","date_gmt":"2024-05-14T16:47:07","guid":{"rendered":"https:\/\/premiumspanishproducts.nl\/?page_id=31099"},"modified":"2024-05-16T12:23:35","modified_gmt":"2024-05-16T12:23:35","slug":"queso-galmesan","status":"publish","type":"page","link":"https:\/\/premiumspanishproducts.nl\/nl\/queso-galmesan\/","title":{"rendered":"Queso Galmes\u00e1n"},"content":{"rendered":"<p>[et_pb_section fb_built=\u00bb1&#8243; fullwidth=\u00bbon\u00bb _builder_version=\u00bb4.24.2&#8243; _module_preset=\u00bbdefault\u00bb custom_css_free_form=\u00bb.et_pb_fullwidth_image{||  top:-375px;||}\u00bb global_colors_info=\u00bb{}\u00bb][et_pb_fullwidth_image src=\u00bbhttps:\/\/premiumspanishproducts.nl\/wp-content\/uploads\/2024\/03\/vacas.jpg\u00bb title_text=\u00bbvacas\u00bb src_last_edited=\u00bboff|desktop\u00bb _builder_version=\u00bb4.24.2&#8243; _module_preset=\u00bbdefault\u00bb max_height=\u00bb300px\u00bb custom_css_free_form=\u00bb.et_pb_fullwidth_imagen{||  top:-375px !important;||}\u00bb global_colors_info=\u00bb{}\u00bb src__hover_enabled=\u00bboff|desktop\u00bb][\/et_pb_fullwidth_image][\/et_pb_section][et_pb_section fb_built=\u00bb1&#8243; _builder_version=\u00bb4.21.2&#8243; _module_preset=\u00bbdefault\u00bb global_colors_info=\u00bb{}\u00bb][et_pb_row _builder_version=\u00bb4.23.1&#8243; _module_preset=\u00bbdefault\u00bb global_colors_info=\u00bb{}\u00bb][et_pb_column type=\u00bb4_4&#8243; _builder_version=\u00bb4.23.1&#8243; _module_preset=\u00bbdefault\u00bb global_colors_info=\u00bb{}\u00bb][dsm_gradient_text gradient_text=\u00bbQUESO GALMES\u00c1N\u00bb _builder_version=\u00bb4.24.2&#8243; _module_preset=\u00bbdefault\u00bb global_colors_info=\u00bb{}\u00bb][\/dsm_gradient_text][\/et_pb_column][\/et_pb_row][et_pb_row column_structure=\u00bb1_2,1_2&#8243; _builder_version=\u00bb4.21.2&#8243; _module_preset=\u00bbdefault\u00bb custom_padding=\u00bb||2px|||\u00bb global_colors_info=\u00bb{}\u00bb][et_pb_column type=\u00bb1_2&#8243; _builder_version=\u00bb4.21.2&#8243; _module_preset=\u00bbdefault\u00bb global_colors_info=\u00bb{}\u00bb][et_pb_text _builder_version=\u00bb4.24.2&#8243; _module_preset=\u00bbdefault\u00bb custom_padding=\u00bb4px||0px|||\u00bb inline_fonts=\u00bbMontserrat\u00bb global_colors_info=\u00bb{}\u00bb]<\/p>\n<h3><span style=\"font-family: Montserrat; font-weight: normal;\"><strong>Geschiedenis en Productieproces:<\/strong><\/span><\/h3>\n<p><span style=\"font-family: Montserrat;\">Van onze wortels in Arz\u00faa, een land dat traditioneel bekend staat om zijn kaas, tot het zorgvuldige productieproces, bij Galmes\u00e1n is elke gram kaas het resultaat van ervaring, intu\u00eftie, toewijding en liefde. Onze Galicische melk komt van kleine grazende boerderijen, waar koeien gevoed worden met inheemse weilanden en voer. We kiezen voor onze eigen culturen in plaats van industri\u00eble, en vertegenwoordigen daarmee de melkzuurbacteri\u00ebn van onze regio. Het rijpingsproces, dat meer dan 18 maanden duurt, wordt uitgevoerd onder toezicht van onze meester-kaasmaker, die elk stuk zorgvuldig verzorgt met aandacht voor detail.<\/span>[\/et_pb_text][\/et_pb_column][et_pb_column type=\u00bb1_2&#8243; _builder_version=\u00bb4.21.2&#8243; _module_preset=\u00bbdefault\u00bb global_colors_info=\u00bb{}\u00bb][et_pb_image src=\u00bbhttps:\/\/premiumspanishproducts.nl\/wp-content\/uploads\/2024\/03\/queso_orig.jpeg\u00bb alt=\u00bbqueso_orig\u00bb title_text=\u00bbqueso_orig\u00bb _builder_version=\u00bb4.25.1&#8243; _module_preset=\u00bbdefault\u00bb hover_enabled=\u00bb0&#8243; box_shadow_style=\u00bbpreset2&#8243; box_shadow_horizontal=\u00bb8px\u00bb box_shadow_vertical=\u00bb8px\u00bb box_shadow_blur=\u00bb16px\u00bb global_colors_info=\u00bb{}\u00bb sticky_enabled=\u00bb0&#8243;][\/et_pb_image][\/et_pb_column][\/et_pb_row][et_pb_row column_structure=\u00bb1_2,1_2&#8243; _builder_version=\u00bb4.25.1&#8243; _module_preset=\u00bbdefault\u00bb custom_margin=\u00bb||||false|false\u00bb custom_padding=\u00bb||0px||false|false\u00bb global_colors_info=\u00bb{}\u00bb][et_pb_column type=\u00bb1_2&#8243; _builder_version=\u00bb4.21.2&#8243; _module_preset=\u00bbdefault\u00bb global_colors_info=\u00bb{}\u00bb][et_pb_image src=\u00bbhttps:\/\/premiumspanishproducts.nl\/wp-content\/uploads\/2024\/05\/galmesan_can_roca.jpg\u00bb alt=\u00bbgalmesan_can_roca\u00bb title_text=\u00bbgalmesan_can_roca\u00bb _builder_version=\u00bb4.25.1&#8243; _module_preset=\u00bbdefault\u00bb transform_translate=\u00bb23px|-87px\u00bb width=\u00bb85%\u00bb custom_margin=\u00bb90px|19px|||false|false\u00bb hover_enabled=\u00bb0&#8243; box_shadow_style=\u00bbpreset2&#8243; global_colors_info=\u00bb{}\u00bb sticky_enabled=\u00bb0&#8243;][\/et_pb_image][\/et_pb_column][et_pb_column type=\u00bb1_2&#8243; _builder_version=\u00bb4.21.2&#8243; _module_preset=\u00bbdefault\u00bb global_colors_info=\u00bb{}\u00bb][et_pb_text _builder_version=\u00bb4.24.2&#8243; _module_preset=\u00bbdefault\u00bb custom_padding=\u00bb||0px|||\u00bb inline_fonts=\u00bbMontserrat\u00bb global_colors_info=\u00bb{}\u00bb]<\/p>\n<h3><span style=\"font-family: Montserrat;\"><strong>Weiden en Toewijding aan Duurzaamheid:<\/strong><\/span><\/h3>\n<p><span style=\"font-family: Montserrat;\">In een wereld waar de veeteeltindustrie heeft gekozen voor onduurzame intensieve modellen, kiezen wij in Galici\u00eb voor weiden en uitgebreide modellen. Deze aanpak draagt niet alleen bij aan de duurzaamheid van het milieu, maar verrijkt ook de mensen, die een grotere winstgevendheid behalen uit hun boerderijen. Onze boeren, in harmonie met het land, handhaven het evenwicht van het ecosysteem en bevorderen het geworteld zijn in landelijke gebieden. Deze toewijding komt tot uiting in de kwaliteit en het unieke karakter van onze kaas.<\/span><\/p>\n<h3><span style=\"font-family: Montserrat;\"><strong>Gebruik:<\/strong><\/span><\/h3>\n<p>Vanwege zijn veelzijdigheid is het uitstekend zowel als kaas voor snacks als voor gebruik in de gastronomie, of het nu gesmolten, geraspt of gegratineerd is.<\/p>\n<p>[\/et_pb_text][\/et_pb_column][\/et_pb_row][et_pb_row column_structure=\u00bb1_2,1_2&#8243; _builder_version=\u00bb4.21.2&#8243; _module_preset=\u00bbdefault\u00bb min_height=\u00bb571px\u00bb custom_margin=\u00bb|auto|-12px|auto||\u00bb global_colors_info=\u00bb{}\u00bb][et_pb_column type=\u00bb1_2&#8243; _builder_version=\u00bb4.21.2&#8243; _module_preset=\u00bbdefault\u00bb global_colors_info=\u00bb{}\u00bb][et_pb_text _builder_version=\u00bb4.24.2&#8243; _module_preset=\u00bbdefault\u00bb inline_fonts=\u00bbMontserrat\u00bb global_colors_info=\u00bb{}\u00bb]<\/p>\n<h3><span style=\"font-family: Montserrat;\"><strong>Proefnotities <\/strong><\/span><\/h3>\n<ul>\n<li><span style=\"font-family: Montserrat;\">Visueel heeft onze kaas een gladde natuurlijke korst, lichtjes beschimmeld, en donkergeel van kleur.<\/span><\/li>\n<li><span style=\"font-family: Montserrat;\">Het deeg, van een bleekgele kleur, is blind en vertoont kristallen op het oppervlak.<\/span><\/li>\n<li><span style=\"font-family: Montserrat;\">Bij aanraking voelt het deeg droog, glad en zeer stijf aan.<\/span><\/li>\n<li><span style=\"font-family: Montserrat;\">Wat betreft het aroma, zijn er prominente lichte geroosterde en biscuitachtige tonen, evenals intense fruitige aroma's van appel en hout.<\/span><\/li>\n<li><span style=\"font-family: Montserrat;\">In de mond ervaart men smaken van gekookte melk, met tonen van ananas en gekarameliseerd brood.<\/span><\/li>\n<li><span style=\"font-family: Montserrat;\">In de nasmaak worden noten zoals kastanjes en walnoten waargenomen.<\/span><\/li>\n<li><span style=\"font-family: Montserrat;\">Deze kaas valt op door zijn intense smaak en langdurige persistentie.<\/span><\/li>\n<li><span style=\"font-family: Montserrat;\">Het hoge consumptierendement is te danken aan het feit dat er 16 liter melk per kilogram kaas worden gebruikt.<\/span><\/li>\n<\/ul>\n<p>[\/et_pb_text][\/et_pb_column][et_pb_column type=\u00bb1_2&#8243; _builder_version=\u00bb4.21.2&#8243; _module_preset=\u00bbdefault\u00bb global_colors_info=\u00bb{}\u00bb][et_pb_text _builder_version=\u00bb4.24.2&#8243; _module_preset=\u00bbdefault\u00bb inline_fonts=\u00bbMontserrat\u00bb global_colors_info=\u00bb{}\u00bb]<\/p>\n<h3><span style=\"font-family: Montserrat;\"><strong>Prijzen:<\/strong><\/span><\/h3>\n<ul>\n<li><span style=\"font-family: Montserrat;\">Beste Kaas van Spanje in de categorie gerijpte koe bij Gourmet Quesos, Madrid, Spanje.<\/span><\/li>\n<li><span style=\"font-family: Montserrat;\">Zilveren medaille op de World Cheese Awards in Bergamo, Itali\u00eb, en in Oviedo, Spanje.<\/span><\/li>\n<li><span style=\"font-family: Montserrat;\">2 sterren bij Great Taste 2022, Londen, Verenigd Koninkrijk.<\/span><\/li>\n<li><span style=\"font-family: Montserrat;\">Gouden medaille op de World Cheese Awards in Wales, Verenigd Koninkrijk.<\/span><\/li>\n<li><span style=\"font-family: Montserrat;\">Super Gouden medaille op de World Cheese Awards in Trondheim, Noorwegen.<\/span><\/li>\n<\/ul>\n<p>[\/et_pb_text][\/et_pb_column][\/et_pb_row][et_pb_row column_structure=\u00bb1_6,1_6,1_6,1_6,1_6,1_6&#8243; _builder_version=\u00bb4.21.2&#8243; _module_preset=\u00bbdefault\u00bb custom_padding=\u00bb5px|||||\u00bb global_colors_info=\u00bb{}\u00bb][et_pb_column type=\u00bb1_6&#8243; _builder_version=\u00bb4.21.2&#8243; _module_preset=\u00bbdefault\u00bb global_colors_info=\u00bb{}\u00bb][dsm_button _builder_version=\u00bb4.21.2&#8243; _module_preset=\u00bbdefault\u00bb global_colors_info=\u00bb{}\u00bb][\/dsm_button][\/et_pb_column][et_pb_column type=\u00bb1_6&#8243; _builder_version=\u00bb4.21.2&#8243; _module_preset=\u00bbdefault\u00bb global_colors_info=\u00bb{}\u00bb][\/et_pb_column][et_pb_column type=\u00bb1_6&#8243; _builder_version=\u00bb4.21.2&#8243; _module_preset=\u00bbdefault\u00bb global_colors_info=\u00bb{}\u00bb][dsm_button button_one_text=\u00bbVolver\u00bb button_one_url=\u00bbhttps:\/\/premiumspanishproducts.nl\/nuestros-productos\/\u00bb button_one_lightbox_close_color=\u00bb#ff3232&#8243; button_alignment=\u00bbcenter\u00bb _builder_version=\u00bb4.21.2&#8243; _module_preset=\u00bbdefault\u00bb tooltip_one_font=\u00bbMontserrat||||||||\u00bb custom_button_one=\u00bbon\u00bb button_one_text_color=\u00bb#ff3232&#8243; button_one_font=\u00bbMontserrat||||||||\u00bb custom_button_two=\u00bbon\u00bb button_two_font=\u00bbMontserrat||||||||\u00bb global_colors_info=\u00bb{}\u00bb][\/dsm_button][\/et_pb_column][et_pb_column type=\u00bb1_6&#8243; _builder_version=\u00bb4.21.2&#8243; _module_preset=\u00bbdefault\u00bb global_colors_info=\u00bb{}\u00bb][dsm_button button_one_text=\u00bbSolicite informaci\u00f3n\u00bb button_one_url=\u00bbhttps:\/\/premiumspanishproducts.nl\/contacto\/\u00bb button_one_lightbox_close_color=\u00bb#ff3232&#8243; button_alignment=\u00bbcenter\u00bb _builder_version=\u00bb4.21.2&#8243; _module_preset=\u00bbdefault\u00bb tooltip_one_font=\u00bbMontserrat||||||||\u00bb custom_button_one=\u00bbon\u00bb button_one_text_color=\u00bb#ff3232&#8243; button_one_font=\u00bbMontserrat||||||||\u00bb custom_button_two=\u00bbon\u00bb button_two_font=\u00bbMontserrat||||||||\u00bb custom_margin=\u00bb|-129px||-49px||\u00bb global_colors_info=\u00bb{}\u00bb][\/dsm_button][\/et_pb_column][et_pb_column type=\u00bb1_6&#8243; _builder_version=\u00bb4.21.2&#8243; _module_preset=\u00bbdefault\u00bb global_colors_info=\u00bb{}\u00bb][\/et_pb_column][et_pb_column type=\u00bb1_6&#8243; _builder_version=\u00bb4.21.2&#8243; _module_preset=\u00bbdefault\u00bb global_colors_info=\u00bb{}\u00bb][\/et_pb_column][\/et_pb_row][\/et_pb_section]<\/p>","protected":false},"excerpt":{"rendered":"<p><div class=\"et_pb_module dsm_gradient_text dsm_gradient_text_0 et_animated  et_pb_text_align_center\">\n\t\t\t\t\n\t\t\t\t\n\t\t\t\t\n\t\t\t\t\n\t\t\t\t\n\t\t\t\t\n\t\t\t\t<div class=\"et_pb_module_inner\">\n\t\t\t\t\t<h1 class=\"dsm-gradient-text et_pb_module_header\">GALMES\u00c1N KAAS<\/h1>\n\t\t\t\t<\/div>\n\t\t\t<\/div>Historia y Proceso de Elaboraci\u00f3n: Desde nuestras ra\u00edces en Arz\u00faa, tierra tradicionalmente quesera, hasta el meticuloso proceso de elaboraci\u00f3n, en Galmes\u00e1n cada gramo de queso es fruto de la experiencia, la intuici\u00f3n, la dedicaci\u00f3n y el amor. Nuestra leche gallega proviene de peque\u00f1as explotaciones en pastoreo, donde las vacas se [&hellip;]<\/p>","protected":false},"author":1,"featured_media":0,"parent":0,"menu_order":0,"comment_status":"closed","ping_status":"closed","template":"","meta":{"_et_pb_use_builder":"on","_et_pb_old_content":"","_et_gb_content_width":"","content-type":"","_exactmetrics_skip_tracking":false,"_exactmetrics_sitenote_active":false,"_exactmetrics_sitenote_note":"","_exactmetrics_sitenote_category":0,"two_page_speed":[],"footnotes":""},"class_list":["post-31099","page","type-page","status-publish","hentry"],"yoast_head":"<!-- This site is optimized with the Yoast SEO plugin v26.7 - https:\/\/yoast.com\/wordpress\/plugins\/seo\/ -->\n<title>Queso Galmes\u00e1n - Premium Spanish Products<\/title>\n<meta name=\"description\" content=\"Explora el galardonado Queso Galmes\u00e1n: sabor artesanal y compromiso sostenible en Galicia, \u00a1con\u00f3celo ahora!&quot;\" \/>\n<meta name=\"robots\" content=\"index, follow, max-snippet:-1, max-image-preview:large, max-video-preview:-1\" \/>\n<link rel=\"canonical\" href=\"https:\/\/premiumspanishproducts.nl\/nl\/queso-galmesan\/\" \/>\n<meta property=\"og:locale\" content=\"nl_NL\" \/>\n<meta property=\"og:type\" content=\"article\" \/>\n<meta property=\"og:title\" content=\"Queso Galmes\u00e1n - Premium Spanish Products\" \/>\n<meta property=\"og:description\" content=\"Explora el galardonado Queso Galmes\u00e1n: sabor artesanal y compromiso sostenible en Galicia, \u00a1con\u00f3celo ahora!&quot;\" \/>\n<meta property=\"og:url\" content=\"https:\/\/premiumspanishproducts.nl\/nl\/queso-galmesan\/\" \/>\n<meta property=\"og:site_name\" content=\"Premium Spanish Products\" \/>\n<meta property=\"article:modified_time\" content=\"2024-05-16T12:23:35+00:00\" \/>\n<meta name=\"twitter:card\" content=\"summary_large_image\" \/>\n<meta name=\"twitter:label1\" content=\"Geschatte leestijd\" \/>\n\t<meta name=\"twitter:data1\" content=\"3 minuten\" \/>\n<script type=\"application\/ld+json\" class=\"yoast-schema-graph\">{\"@context\":\"https:\/\/schema.org\",\"@graph\":[{\"@type\":\"WebPage\",\"@id\":\"https:\/\/premiumspanishproducts.nl\/queso-galmesan\/\",\"url\":\"https:\/\/premiumspanishproducts.nl\/queso-galmesan\/\",\"name\":\"Queso Galmes\u00e1n - Premium Spanish Products\",\"isPartOf\":{\"@id\":\"https:\/\/premiumspanishproducts.nl\/#website\"},\"datePublished\":\"2024-05-14T16:47:07+00:00\",\"dateModified\":\"2024-05-16T12:23:35+00:00\",\"description\":\"Explora el galardonado Queso Galmes\u00e1n: sabor artesanal y compromiso sostenible en Galicia, \u00a1con\u00f3celo ahora!\\\"\",\"breadcrumb\":{\"@id\":\"https:\/\/premiumspanishproducts.nl\/queso-galmesan\/#breadcrumb\"},\"inLanguage\":\"nl-NL\",\"potentialAction\":[{\"@type\":\"ReadAction\",\"target\":[\"https:\/\/premiumspanishproducts.nl\/queso-galmesan\/\"]}]},{\"@type\":\"BreadcrumbList\",\"@id\":\"https:\/\/premiumspanishproducts.nl\/queso-galmesan\/#breadcrumb\",\"itemListElement\":[{\"@type\":\"ListItem\",\"position\":1,\"name\":\"Portada\",\"item\":\"https:\/\/premiumspanishproducts.nl\/\"},{\"@type\":\"ListItem\",\"position\":2,\"name\":\"Queso Galmes\u00e1n\"}]},{\"@type\":\"WebSite\",\"@id\":\"https:\/\/premiumspanishproducts.nl\/#website\",\"url\":\"https:\/\/premiumspanishproducts.nl\/\",\"name\":\"Premium Spanish Products\",\"description\":\"The best and exclusive food products from Spain\",\"publisher\":{\"@id\":\"https:\/\/premiumspanishproducts.nl\/#organization\"},\"potentialAction\":[{\"@type\":\"SearchAction\",\"target\":{\"@type\":\"EntryPoint\",\"urlTemplate\":\"https:\/\/premiumspanishproducts.nl\/?s={search_term_string}\"},\"query-input\":{\"@type\":\"PropertyValueSpecification\",\"valueRequired\":true,\"valueName\":\"search_term_string\"}}],\"inLanguage\":\"nl-NL\"},{\"@type\":\"Organization\",\"@id\":\"https:\/\/premiumspanishproducts.nl\/#organization\",\"name\":\"Premium Spanish Products\",\"url\":\"https:\/\/premiumspanishproducts.nl\/\",\"logo\":{\"@type\":\"ImageObject\",\"inLanguage\":\"nl-NL\",\"@id\":\"https:\/\/premiumspanishproducts.nl\/#\/schema\/logo\/image\/\",\"url\":\"https:\/\/premiumspanishproducts.nl\/wp-content\/uploads\/2023\/09\/EXCELLTIA-NEGRO.png\",\"contentUrl\":\"https:\/\/premiumspanishproducts.nl\/wp-content\/uploads\/2023\/09\/EXCELLTIA-NEGRO.png\",\"width\":474,\"height\":250,\"caption\":\"Premium Spanish Products\"},\"image\":{\"@id\":\"https:\/\/premiumspanishproducts.nl\/#\/schema\/logo\/image\/\"},\"sameAs\":[\"https:\/\/www.instagram.com\/premiumspanishproducts\/\"]}]}<\/script>\n<!-- \/ Yoast SEO plugin. -->","yoast_head_json":{"title":"Queso Galmes\u00e1n - Premium Spanish Products","description":"Explora el galardonado Queso Galmes\u00e1n: sabor artesanal y compromiso sostenible en Galicia, \u00a1con\u00f3celo ahora!\"","robots":{"index":"index","follow":"follow","max-snippet":"max-snippet:-1","max-image-preview":"max-image-preview:large","max-video-preview":"max-video-preview:-1"},"canonical":"https:\/\/premiumspanishproducts.nl\/nl\/queso-galmesan\/","og_locale":"nl_NL","og_type":"article","og_title":"Queso Galmes\u00e1n - Premium Spanish Products","og_description":"Explora el galardonado Queso Galmes\u00e1n: sabor artesanal y compromiso sostenible en Galicia, \u00a1con\u00f3celo ahora!\"","og_url":"https:\/\/premiumspanishproducts.nl\/nl\/queso-galmesan\/","og_site_name":"Premium Spanish Products","article_modified_time":"2024-05-16T12:23:35+00:00","twitter_card":"summary_large_image","twitter_misc":{"Geschatte leestijd":"3 minuten"},"schema":{"@context":"https:\/\/schema.org","@graph":[{"@type":"WebPage","@id":"https:\/\/premiumspanishproducts.nl\/queso-galmesan\/","url":"https:\/\/premiumspanishproducts.nl\/queso-galmesan\/","name":"Queso Galmes\u00e1n - Premium Spanish Products","isPartOf":{"@id":"https:\/\/premiumspanishproducts.nl\/#website"},"datePublished":"2024-05-14T16:47:07+00:00","dateModified":"2024-05-16T12:23:35+00:00","description":"Explora el galardonado Queso Galmes\u00e1n: sabor artesanal y compromiso sostenible en Galicia, \u00a1con\u00f3celo ahora!\"","breadcrumb":{"@id":"https:\/\/premiumspanishproducts.nl\/queso-galmesan\/#breadcrumb"},"inLanguage":"nl-NL","potentialAction":[{"@type":"ReadAction","target":["https:\/\/premiumspanishproducts.nl\/queso-galmesan\/"]}]},{"@type":"BreadcrumbList","@id":"https:\/\/premiumspanishproducts.nl\/queso-galmesan\/#breadcrumb","itemListElement":[{"@type":"ListItem","position":1,"name":"Portada","item":"https:\/\/premiumspanishproducts.nl\/"},{"@type":"ListItem","position":2,"name":"Queso Galmes\u00e1n"}]},{"@type":"WebSite","@id":"https:\/\/premiumspanishproducts.nl\/#website","url":"https:\/\/premiumspanishproducts.nl\/","name":"Premium Spanish Products","description":"The best and exclusive food products from Spain","publisher":{"@id":"https:\/\/premiumspanishproducts.nl\/#organization"},"potentialAction":[{"@type":"SearchAction","target":{"@type":"EntryPoint","urlTemplate":"https:\/\/premiumspanishproducts.nl\/?s={search_term_string}"},"query-input":{"@type":"PropertyValueSpecification","valueRequired":true,"valueName":"search_term_string"}}],"inLanguage":"nl-NL"},{"@type":"Organization","@id":"https:\/\/premiumspanishproducts.nl\/#organization","name":"Premium Spanish Products","url":"https:\/\/premiumspanishproducts.nl\/","logo":{"@type":"ImageObject","inLanguage":"nl-NL","@id":"https:\/\/premiumspanishproducts.nl\/#\/schema\/logo\/image\/","url":"https:\/\/premiumspanishproducts.nl\/wp-content\/uploads\/2023\/09\/EXCELLTIA-NEGRO.png","contentUrl":"https:\/\/premiumspanishproducts.nl\/wp-content\/uploads\/2023\/09\/EXCELLTIA-NEGRO.png","width":474,"height":250,"caption":"Premium Spanish Products"},"image":{"@id":"https:\/\/premiumspanishproducts.nl\/#\/schema\/logo\/image\/"},"sameAs":["https:\/\/www.instagram.com\/premiumspanishproducts\/"]}]}},"_links":{"self":[{"href":"https:\/\/premiumspanishproducts.nl\/nl\/wp-json\/wp\/v2\/pages\/31099","targetHints":{"allow":["GET"]}}],"collection":[{"href":"https:\/\/premiumspanishproducts.nl\/nl\/wp-json\/wp\/v2\/pages"}],"about":[{"href":"https:\/\/premiumspanishproducts.nl\/nl\/wp-json\/wp\/v2\/types\/page"}],"author":[{"embeddable":true,"href":"https:\/\/premiumspanishproducts.nl\/nl\/wp-json\/wp\/v2\/users\/1"}],"replies":[{"embeddable":true,"href":"https:\/\/premiumspanishproducts.nl\/nl\/wp-json\/wp\/v2\/comments?post=31099"}],"version-history":[{"count":14,"href":"https:\/\/premiumspanishproducts.nl\/nl\/wp-json\/wp\/v2\/pages\/31099\/revisions"}],"predecessor-version":[{"id":31134,"href":"https:\/\/premiumspanishproducts.nl\/nl\/wp-json\/wp\/v2\/pages\/31099\/revisions\/31134"}],"wp:attachment":[{"href":"https:\/\/premiumspanishproducts.nl\/nl\/wp-json\/wp\/v2\/media?parent=31099"}],"curies":[{"name":"wp","href":"https:\/\/api.w.org\/{rel}","templated":true}]}}