{"id":68,"date":"2023-07-18T19:17:31","date_gmt":"2023-07-18T19:17:31","guid":{"rendered":"https:\/\/premiumspanishproducts.nl\/?page_id=68"},"modified":"2025-12-15T12:35:18","modified_gmt":"2025-12-15T12:35:18","slug":"inicio-premium-spanish-products","status":"publish","type":"page","link":"https:\/\/premiumspanishproducts.nl\/nl\/","title":{"rendered":"Home"},"content":{"rendered":"<p>[et_pb_section fb_built=\u00bb1&#8243; fullwidth=\u00bbon\u00bb _builder_version=\u00bb4.21.0&#8243; _module_preset=\u00bbdefault\u00bb global_colors_info=\u00bb{}\u00bb][et_pb_fullwidth_slider show_content_on_mobile=\u00bboff\u00bb module_class=\u00bbmy_uncrop_slider\u00bb _builder_version=\u00bb4.21.2&#8243; _module_preset=\u00bbdefault\u00bb content_max_width=\u00bb1078px\u00bb custom_margin=\u00bb||29px|||\u00bb custom_padding=\u00bb||430px|||\u00bb animation_style=\u00bbfade\u00bb auto=\u00bbon\u00bb auto_speed=\u00bb3000&#8243; global_colors_info=\u00bb{}\u00bb][et_pb_slide image=\u00bbhttps:\/\/premiumspanishproducts.nl\/wp-content\/uploads\/2023\/07\/BODEGON-BACALAO-DE-AUTOR-web.jpg\u00bb image_alt=\u00bbBacalao-.de-autor\u00bb admin_title=\u00bbBacalaos-de-autor\u00bb _builder_version=\u00bb4.21.2&#8243; _module_preset=\u00bbdefault\u00bb background_enable_color=\u00bboff\u00bb background_enable_image=\u00bboff\u00bb global_colors_info=\u00bb{}\u00bb sticky_transition=\u00bbon\u00bb][\/et_pb_slide][et_pb_slide image=\u00bbhttps:\/\/premiumspanishproducts.nl\/wp-content\/uploads\/2023\/08\/envase-piramidal-don-crisanto-02-web-1.jpg\u00bb image_alt=\u00bbqueso-Don-Crisanto\u00bb admin_title=\u00bbqueso-Don-Crisanto\u00bb _builder_version=\u00bb4.21.2&#8243; _module_preset=\u00bbdefault\u00bb background_enable_color=\u00bboff\u00bb background_enable_image=\u00bboff\u00bb global_colors_info=\u00bb{}\u00bb sticky_transition=\u00bbon\u00bb][\/et_pb_slide][\/et_pb_fullwidth_slider][\/et_pb_section][et_pb_section fb_built=\u00bb1&#8243; _builder_version=\u00bb4.21.0&#8243; _module_preset=\u00bbdefault\u00bb global_colors_info=\u00bb{}\u00bb][et_pb_row column_structure=\u00bb2_5,3_5&#8243; _builder_version=\u00bb4.21.0&#8243; _module_preset=\u00bbdefault\u00bb global_colors_info=\u00bb{}\u00bb][et_pb_column type=\u00bb2_5&#8243; _builder_version=\u00bb4.21.0&#8243; _module_preset=\u00bbdefault\u00bb global_colors_info=\u00bb{}\u00bb][dsm_before_after_image before_src=\u00bbhttps:\/\/premiumspanishproducts.nl\/wp-content\/uploads\/2023\/07\/foto-lateral-bacalao-autor.jpg\u00bb before_alt=\u00bbbacalao-de-autor-envasado\u00bb after_src=\u00bbhttps:\/\/premiumspanishproducts.nl\/wp-content\/uploads\/2023\/07\/bacalao-after.jpg\u00bb after_alt=\u00bbbacalao-de-autor-receta\u00bb _builder_version=\u00bb4.21.2&#8243; _module_preset=\u00bbdefault\u00bb transform_scale=\u00bb82%|82%\u00bb width=\u00bb100%\u00bb min_height=\u00bb79.2px\u00bb custom_padding=\u00bb||0px|||\u00bb border_radii=\u00bbon|10px|10px|10px|10px\u00bb box_shadow_style=\u00bbpreset1&#8243; box_shadow_horizontal=\u00bb-7px\u00bb box_shadow_blur=\u00bb24px\u00bb box_shadow_spread=\u00bb11px\u00bb global_colors_info=\u00bb{}\u00bb][\/dsm_before_after_image][\/et_pb_column][et_pb_column type=\u00bb3_5&#8243; _builder_version=\u00bb4.21.0&#8243; _module_preset=\u00bbdefault\u00bb global_colors_info=\u00bb{}\u00bb][dsm_typing_effect typing_effect=\u00bbExcelencia culinaria\u00bb before_new_line=\u00bbon\u00bb typing_loop=\u00bboff\u00bb typing_remove_cursor=\u00bbon\u00bb typing_speed=\u00bb5ms\u00bb typing_backspeed=\u00bb30ms\u00bb typing_fadeout=\u00bbon\u00bb typing_shuffle=\u00bbon\u00bb admin_label=\u00bbExcelencia culinaria\u00bb _builder_version=\u00bb4.21.2&#8243; _module_preset=\u00bbdefault\u00bb header_font=\u00bbmontserrat-bold||||||||\u00bb header_text_align=\u00bbcenter\u00bb header_text_color=\u00bb#ff3232&#8243; custom_padding=\u00bb5%||||false|false\u00bb hover_enabled=\u00bb0&#8243; global_colors_info=\u00bb{}\u00bb sticky_enabled=\u00bb0&#8243;][\/dsm_typing_effect][et_pb_text _builder_version=\u00bb4.21.0&#8243; _module_preset=\u00bbdefault\u00bb text_font=\u00bbmontserrat-regular||||||||\u00bb hover_enabled=\u00bb0&#8243; global_colors_info=\u00bb{}\u00bb sticky_enabled=\u00bb0&#8243;]<\/p>\n<p>Dompel jezelf onder in een uitzonderlijke culinaire ervaring met onze premium Spaanse voedingsproducten. Elk artikel dat we aanbieden is zorgvuldig geselecteerd om de hoogste kwaliteit te waarborgen en aan de meest veeleisende smaken te voldoen. Van heerlijke smaken en onweerstaanbare aroma's tot perfecte texturen en presentatie, elk product vertegenwoordigt het hoogtepunt van culinaire excellentie.<\/p>\n<p>Met onze aanbiedingen kun je een gourmettoets toevoegen aan je culinaire creaties en genieten van dezelfde kwaliteit en verfijning die bekende Michelin-sterrenkoks in hun eigen keukens eisen. Ontdek een zorgvuldig samengestelde selectie van superieure ingredi\u00ebnten die je gerechten naar nieuwe hoogten zullen tillen en je meest veeleisende gasten zullen verrukken. Onze passie voor authentieke Spaanse gastronomie komt tot uiting in elk product dat we aanbieden, en geeft je een onge\u00ebvenaarde culinaire ervaring.<\/p>\n<p>[\/et_pb_text][\/et_pb_column][\/et_pb_row][et_pb_row column_structure=\u00bb3_5,2_5&#8243; _builder_version=\u00bb4.21.0&#8243; _module_preset=\u00bbdefault\u00bb global_colors_info=\u00bb{}\u00bb][et_pb_column type=\u00bb3_5&#8243; _builder_version=\u00bb4.21.0&#8243; _module_preset=\u00bbdefault\u00bb global_colors_info=\u00bb{}\u00bb][dsm_typing_effect typing_effect=\u00bbSabor aut\u00e9ntico\u00bb typing_loop=\u00bboff\u00bb typing_remove_cursor=\u00bbon\u00bb typing_speed=\u00bb40ms\u00bb typing_backspeed=\u00bb30ms\u00bb _builder_version=\u00bb4.21.0&#8243; _module_preset=\u00bbdefault\u00bb header_font=\u00bbmontserrat-bold||||||||\u00bb header_text_align=\u00bbcenter\u00bb header_text_color=\u00bb#ff3232&#8243; custom_padding=\u00bb5%||||false|false\u00bb global_colors_info=\u00bb{}\u00bb][\/dsm_typing_effect][et_pb_text _builder_version=\u00bb4.21.0&#8243; _module_preset=\u00bbdefault\u00bb global_colors_info=\u00bb{}\u00bb]<\/p>\n<p>Ontdek de culinaire essentie van Spanje via onze producten, die de authentieke smaken van de Spaanse gastronomie vastleggen. Elke hap weerspiegelt de toewijding en kunst van de beste producenten, met gebruik van traditionele methoden en recepten die van generatie op generatie zijn overgedragen.<\/p>\n<p>Onze producten zullen je meenemen naar de meest smakelijke hoekjes van Spanje, je creativiteit stimuleren en je gasten verrassen met authentieke en unieke smaken. Duik in een onvergelijkbare culinaire ervaring die je meeneemt op een ontdekkingsreis door de landschappen en culinaire cultuur van Spanje.<\/p>\n<p>[\/et_pb_text][\/et_pb_column][et_pb_column type=\u00bb2_5&#8243; _builder_version=\u00bb4.21.0&#8243; _module_preset=\u00bbdefault\u00bb global_colors_info=\u00bb{}\u00bb][et_pb_image src=\u00bbhttps:\/\/premiumspanishproducts.nl\/wp-content\/uploads\/2023\/08\/salmon-ahumado-de-autor-web.jpg\u00bb alt=\u00bbsalmo\u0301n-ahumado-de-autor\u00bb title_text=\u00bbsalmo\u0301n-ahumado-de-autor-web\u00bb _builder_version=\u00bb4.21.2&#8243; _module_preset=\u00bbdefault\u00bb custom_margin=\u00bb37px|||||\u00bb border_radii=\u00bbon|10px|10px|10px|10px\u00bb box_shadow_style=\u00bbpreset1&#8243; box_shadow_horizontal=\u00bb-7px\u00bb box_shadow_blur=\u00bb24px\u00bb box_shadow_spread=\u00bb11px\u00bb global_colors_info=\u00bb{}\u00bb][\/et_pb_image][\/et_pb_column][\/et_pb_row][et_pb_row column_structure=\u00bb2_5,3_5&#8243; _builder_version=\u00bb4.21.0&#8243; _module_preset=\u00bbdefault\u00bb global_colors_info=\u00bb{}\u00bb][et_pb_column type=\u00bb2_5&#8243; _builder_version=\u00bb4.21.0&#8243; _module_preset=\u00bbdefault\u00bb global_colors_info=\u00bb{}\u00bb][et_pb_image src=\u00bbhttps:\/\/premiumspanishproducts.nl\/wp-content\/uploads\/2023\/08\/servicio-excepcional.jpg\u00bb alt=\u00bbcocinero-emplatando-servicio-excepcional\u00bb title_text=\u00bbservicio-excepcional\u00bb _builder_version=\u00bb4.21.2&#8243; _module_preset=\u00bbdefault\u00bb width=\u00bb71%\u00bb module_alignment=\u00bbcenter\u00bb border_radii=\u00bbon|10px|10px|10px|10px\u00bb box_shadow_style=\u00bbpreset1&#8243; box_shadow_horizontal=\u00bb-4px\u00bb box_shadow_vertical=\u00bb0px\u00bb box_shadow_blur=\u00bb24px\u00bb box_shadow_spread=\u00bb11px\u00bb global_colors_info=\u00bb{}\u00bb][\/et_pb_image][\/et_pb_column][et_pb_column type=\u00bb3_5&#8243; _builder_version=\u00bb4.21.0&#8243; _module_preset=\u00bbdefault\u00bb global_colors_info=\u00bb{}\u00bb][dsm_typing_effect typing_effect=\u00bbServicio excepcional\u00bb typing_loop=\u00bboff\u00bb typing_remove_cursor=\u00bbon\u00bb typing_speed=\u00bb40ms\u00bb typing_backspeed=\u00bb30ms\u00bb _builder_version=\u00bb4.21.0&#8243; _module_preset=\u00bbdefault\u00bb header_font=\u00bbmontserrat-bold||||||||\u00bb header_text_align=\u00bbcenter\u00bb header_text_color=\u00bb#ff3232&#8243; custom_padding=\u00bb5%||||false|false\u00bb global_colors_info=\u00bb{}\u00bb][\/dsm_typing_effect][et_pb_text _builder_version=\u00bb4.21.0&#8243; _module_preset=\u00bbdefault\u00bb text_font=\u00bbmontserrat-regular||||||||\u00bb global_colors_info=\u00bb{}\u00bb]<\/p>\n<p>Onze toewijding is om je een uitzonderlijke service te bieden in elke fase van je aankoop. Van gepersonaliseerd advies tot betrouwbare levering, streven we ernaar om je verwachtingen te overtreffen.<\/p>\n<p>We zorgen ervoor dat we je producten zorgvuldig verpakken om hun versheid en kwaliteit tijdens het verzenden te garanderen. We werken samen met betrouwbare en gerenommeerde logistieke bedrijven om ervoor te zorgen dat je producten op tijd en in perfecte staat worden geleverd.<\/p>\n<p>We zijn hier om ervoor te zorgen dat je ervaring moeiteloos en bevredigend is, te allen tijde. Vertrouw op ons om premium Spaanse voedingsproducten te ontvangen met een uitzonderlijke service.<\/p>\n<p>[\/et_pb_text][\/et_pb_column][\/et_pb_row][\/et_pb_section]<\/p>","protected":false},"excerpt":{"rendered":"<p><div class=\"et_pb_module dsm_before_after_image dsm_before_after_image_0\">\n\t\t\t\t\n\t\t\t\t\n\t\t\t\t\n\t\t\t\t\n\t\t\t\t\n\t\t\t\t\n\t\t\t\t<div class=\"et_pb_module_inner\">\n\t\t\t\t\t<div class=\"dsm_before_after_image_wrapper\" data-params=\"[{\"offset\":\"0.5\",\"orientation\":\"horizontal\",\"overlay\":false,\"hover\":false,\"handle\":true,\"click\":false}]\">\n\t\t\t\t\n\t\t\t\t\n\t\t\t\t<img decoding=\"async\" src=\"https:\/\/premiumspanishproducts.nl\/wp-content\/uploads\/2023\/07\/foto-lateral-bacalao-autor.jpg\" alt=\"bacalao-de-autor-envasado\" title=\"\" srcset=\"https:\/\/premiumspanishproducts.nl\/wp-content\/uploads\/2023\/07\/foto-lateral-bacalao-autor.jpg 800w, https:\/\/premiumspanishproducts.nl\/wp-content\/uploads\/2023\/07\/foto-lateral-bacalao-autor-480x494.jpg 480w\" sizes=\"(min-width: 0px) and (max-width: 480px) 480px, (min-width: 481px) 800px, 100vw\" class=\"skip-lazy\" \/><img decoding=\"async\" src=\"https:\/\/premiumspanishproducts.nl\/wp-content\/uploads\/2023\/07\/bacalao-after.jpg\" alt=\"bacalao-de-autor-receta\" title=\"\" srcset=\"https:\/\/premiumspanishproducts.nl\/wp-content\/uploads\/2023\/07\/bacalao-after.jpg 800w, https:\/\/premiumspanishproducts.nl\/wp-content\/uploads\/2023\/07\/bacalao-after-480x466.jpg 480w\" sizes=\"(min-width: 0px) and (max-width: 480px) 480px, (min-width: 481px) 800px, 100vw\" class=\"skip-lazy\" \/>\n\t\t\t<\/div>\n\t\t\t\t<\/div>\n\t\t\t<\/div><div class=\"et_pb_module dsm_typing_effect dsm_typing_effect_0 et_pb_bg_layout_light\">\n\t\t\t\t\n\t\t\t\t\n\t\t\t\t\n\t\t\t\t\n\t\t\t\t\n\t\t\t\t\n\t\t\t\t<div class=\"et_pb_module_inner\">\n\t\t\t\t\t<h1 class=\"dsm-typing-effect et_pb_module_header\"><span class=\"dsm-typing-wrapper\"><span class=\"dsm-typing-strings\">Culinaire uitmuntendheid<\/span><span class=\"dsm-typing\" data-dsm-typing-cursor=\"|\" data-dsm-typing-strings=\"Excelencia culinaria\" data-dsm-typing-speed=\"5ms\" data-dsm-typing-backspeed=\"30ms\" data-dsm-typing-backdelay=\"700ms\" data-dsm-typing-loop=\"false\" data-dsm-typing-remove-cursor=\"on\" data-dsm-typing-fadeout=\"true\" data-dsm-typing-shuffle=\"true\" data-dsm-typing-delay=\"0ms\" data-dsm-typing-viewport=\"80%\" data-dsm-typing-repeat=\"on\"><\/span><\/span><\/h1>\n\t\t\t\t<\/div>\n\t\t\t<\/div>Sum\u00e9rgete en una experiencia culinaria excepcional con nuestros productos premium de alimentaci\u00f3n espa\u00f1ola. Cada art\u00edculo que ofrecemos ha sido [&hellip;]<\/p>","protected":false},"author":1,"featured_media":0,"parent":0,"menu_order":0,"comment_status":"closed","ping_status":"closed","template":"","meta":{"_et_pb_use_builder":"on","_et_pb_old_content":"","_et_gb_content_width":"","content-type":"","_exactmetrics_skip_tracking":false,"_exactmetrics_sitenote_active":false,"_exactmetrics_sitenote_note":"","_exactmetrics_sitenote_category":0,"two_page_speed":[],"footnotes":""},"class_list":["post-68","page","type-page","status-publish","hentry"],"yoast_head":"<!-- This site is optimized with the Yoast SEO plugin v26.7 - https:\/\/yoast.com\/wordpress\/plugins\/seo\/ -->\n<title>Premium Spanish Products - Inicio<\/title>\n<meta name=\"description\" content=\"Descubre la excelencia culinaria con nuestros productos premium de alimentaci\u00f3n espa\u00f1ola. Premium Spanish Products provee...\" \/>\n<meta name=\"robots\" content=\"index, follow, max-snippet:-1, max-image-preview:large, max-video-preview:-1\" \/>\n<link rel=\"canonical\" href=\"https:\/\/premiumspanishproducts.nl\/nl\/\" \/>\n<meta property=\"og:locale\" content=\"nl_NL\" \/>\n<meta property=\"og:type\" content=\"article\" \/>\n<meta property=\"og:title\" content=\"Premium Spanish Products - Inicio\" \/>\n<meta property=\"og:description\" content=\"Descubre la excelencia culinaria con nuestros productos premium de alimentaci\u00f3n espa\u00f1ola. Premium Spanish Products provee...\" \/>\n<meta property=\"og:url\" content=\"https:\/\/premiumspanishproducts.nl\/nl\/\" \/>\n<meta property=\"og:site_name\" content=\"Premium Spanish Products\" \/>\n<meta property=\"article:modified_time\" content=\"2025-12-15T12:35:18+00:00\" \/>\n<meta name=\"twitter:card\" content=\"summary_large_image\" \/>\n<meta name=\"twitter:label1\" content=\"Geschatte leestijd\" \/>\n\t<meta name=\"twitter:data1\" content=\"3 minuten\" \/>\n<script type=\"application\/ld+json\" class=\"yoast-schema-graph\">{\"@context\":\"https:\/\/schema.org\",\"@graph\":[{\"@type\":\"WebPage\",\"@id\":\"https:\/\/premiumspanishproducts.nl\/\",\"url\":\"https:\/\/premiumspanishproducts.nl\/\",\"name\":\"Premium Spanish Products - Inicio\",\"isPartOf\":{\"@id\":\"https:\/\/premiumspanishproducts.nl\/#website\"},\"datePublished\":\"2023-07-18T19:17:31+00:00\",\"dateModified\":\"2025-12-15T12:35:18+00:00\",\"description\":\"Descubre la excelencia culinaria con nuestros productos premium de alimentaci\u00f3n espa\u00f1ola. Premium Spanish Products provee...\",\"breadcrumb\":{\"@id\":\"https:\/\/premiumspanishproducts.nl\/#breadcrumb\"},\"inLanguage\":\"nl-NL\",\"potentialAction\":[{\"@type\":\"ReadAction\",\"target\":[\"https:\/\/premiumspanishproducts.nl\/\"]}]},{\"@type\":\"BreadcrumbList\",\"@id\":\"https:\/\/premiumspanishproducts.nl\/#breadcrumb\",\"itemListElement\":[{\"@type\":\"ListItem\",\"position\":1,\"name\":\"Portada\",\"item\":\"https:\/\/premiumspanishproducts.nl\/\"},{\"@type\":\"ListItem\",\"position\":2,\"name\":\"Inicio\"}]},{\"@type\":\"WebSite\",\"@id\":\"https:\/\/premiumspanishproducts.nl\/#website\",\"url\":\"https:\/\/premiumspanishproducts.nl\/\",\"name\":\"Premium Spanish Products\",\"description\":\"The best and exclusive food products from Spain\",\"publisher\":{\"@id\":\"https:\/\/premiumspanishproducts.nl\/#organization\"},\"potentialAction\":[{\"@type\":\"SearchAction\",\"target\":{\"@type\":\"EntryPoint\",\"urlTemplate\":\"https:\/\/premiumspanishproducts.nl\/?s={search_term_string}\"},\"query-input\":{\"@type\":\"PropertyValueSpecification\",\"valueRequired\":true,\"valueName\":\"search_term_string\"}}],\"inLanguage\":\"nl-NL\"},{\"@type\":\"Organization\",\"@id\":\"https:\/\/premiumspanishproducts.nl\/#organization\",\"name\":\"Premium Spanish Products\",\"url\":\"https:\/\/premiumspanishproducts.nl\/\",\"logo\":{\"@type\":\"ImageObject\",\"inLanguage\":\"nl-NL\",\"@id\":\"https:\/\/premiumspanishproducts.nl\/#\/schema\/logo\/image\/\",\"url\":\"https:\/\/premiumspanishproducts.nl\/wp-content\/uploads\/2023\/09\/EXCELLTIA-NEGRO.png\",\"contentUrl\":\"https:\/\/premiumspanishproducts.nl\/wp-content\/uploads\/2023\/09\/EXCELLTIA-NEGRO.png\",\"width\":474,\"height\":250,\"caption\":\"Premium Spanish Products\"},\"image\":{\"@id\":\"https:\/\/premiumspanishproducts.nl\/#\/schema\/logo\/image\/\"},\"sameAs\":[\"https:\/\/www.instagram.com\/premiumspanishproducts\/\"]}]}<\/script>\n<!-- \/ Yoast SEO plugin. -->","yoast_head_json":{"title":"Premium Spanish Products - Inicio","description":"Descubre la excelencia culinaria con nuestros productos premium de alimentaci\u00f3n espa\u00f1ola. Premium Spanish Products provee...","robots":{"index":"index","follow":"follow","max-snippet":"max-snippet:-1","max-image-preview":"max-image-preview:large","max-video-preview":"max-video-preview:-1"},"canonical":"https:\/\/premiumspanishproducts.nl\/nl\/","og_locale":"nl_NL","og_type":"article","og_title":"Premium Spanish Products - Inicio","og_description":"Descubre la excelencia culinaria con nuestros productos premium de alimentaci\u00f3n espa\u00f1ola. Premium Spanish Products provee...","og_url":"https:\/\/premiumspanishproducts.nl\/nl\/","og_site_name":"Premium Spanish Products","article_modified_time":"2025-12-15T12:35:18+00:00","twitter_card":"summary_large_image","twitter_misc":{"Geschatte leestijd":"3 minuten"},"schema":{"@context":"https:\/\/schema.org","@graph":[{"@type":"WebPage","@id":"https:\/\/premiumspanishproducts.nl\/","url":"https:\/\/premiumspanishproducts.nl\/","name":"Premium Spanish Products - Inicio","isPartOf":{"@id":"https:\/\/premiumspanishproducts.nl\/#website"},"datePublished":"2023-07-18T19:17:31+00:00","dateModified":"2025-12-15T12:35:18+00:00","description":"Descubre la excelencia culinaria con nuestros productos premium de alimentaci\u00f3n espa\u00f1ola. Premium Spanish Products provee...","breadcrumb":{"@id":"https:\/\/premiumspanishproducts.nl\/#breadcrumb"},"inLanguage":"nl-NL","potentialAction":[{"@type":"ReadAction","target":["https:\/\/premiumspanishproducts.nl\/"]}]},{"@type":"BreadcrumbList","@id":"https:\/\/premiumspanishproducts.nl\/#breadcrumb","itemListElement":[{"@type":"ListItem","position":1,"name":"Portada","item":"https:\/\/premiumspanishproducts.nl\/"},{"@type":"ListItem","position":2,"name":"Inicio"}]},{"@type":"WebSite","@id":"https:\/\/premiumspanishproducts.nl\/#website","url":"https:\/\/premiumspanishproducts.nl\/","name":"Premium Spanish Products","description":"The best and exclusive food products from Spain","publisher":{"@id":"https:\/\/premiumspanishproducts.nl\/#organization"},"potentialAction":[{"@type":"SearchAction","target":{"@type":"EntryPoint","urlTemplate":"https:\/\/premiumspanishproducts.nl\/?s={search_term_string}"},"query-input":{"@type":"PropertyValueSpecification","valueRequired":true,"valueName":"search_term_string"}}],"inLanguage":"nl-NL"},{"@type":"Organization","@id":"https:\/\/premiumspanishproducts.nl\/#organization","name":"Premium Spanish Products","url":"https:\/\/premiumspanishproducts.nl\/","logo":{"@type":"ImageObject","inLanguage":"nl-NL","@id":"https:\/\/premiumspanishproducts.nl\/#\/schema\/logo\/image\/","url":"https:\/\/premiumspanishproducts.nl\/wp-content\/uploads\/2023\/09\/EXCELLTIA-NEGRO.png","contentUrl":"https:\/\/premiumspanishproducts.nl\/wp-content\/uploads\/2023\/09\/EXCELLTIA-NEGRO.png","width":474,"height":250,"caption":"Premium Spanish Products"},"image":{"@id":"https:\/\/premiumspanishproducts.nl\/#\/schema\/logo\/image\/"},"sameAs":["https:\/\/www.instagram.com\/premiumspanishproducts\/"]}]}},"_links":{"self":[{"href":"https:\/\/premiumspanishproducts.nl\/nl\/wp-json\/wp\/v2\/pages\/68","targetHints":{"allow":["GET"]}}],"collection":[{"href":"https:\/\/premiumspanishproducts.nl\/nl\/wp-json\/wp\/v2\/pages"}],"about":[{"href":"https:\/\/premiumspanishproducts.nl\/nl\/wp-json\/wp\/v2\/types\/page"}],"author":[{"embeddable":true,"href":"https:\/\/premiumspanishproducts.nl\/nl\/wp-json\/wp\/v2\/users\/1"}],"replies":[{"embeddable":true,"href":"https:\/\/premiumspanishproducts.nl\/nl\/wp-json\/wp\/v2\/comments?post=68"}],"version-history":[{"count":38,"href":"https:\/\/premiumspanishproducts.nl\/nl\/wp-json\/wp\/v2\/pages\/68\/revisions"}],"predecessor-version":[{"id":31146,"href":"https:\/\/premiumspanishproducts.nl\/nl\/wp-json\/wp\/v2\/pages\/68\/revisions\/31146"}],"wp:attachment":[{"href":"https:\/\/premiumspanishproducts.nl\/nl\/wp-json\/wp\/v2\/media?parent=68"}],"curies":[{"name":"wp","href":"https:\/\/api.w.org\/{rel}","templated":true}]}}